{"id":936,"date":"2025-02-13T10:47:03","date_gmt":"2025-02-13T09:47:03","guid":{"rendered":"https:\/\/www.empack.be\/lapplication-empack\/"},"modified":"2026-02-13T13:32:43","modified_gmt":"2026-02-13T12:32:43","slug":"lapplication-empack","status":"publish","type":"page","link":"https:\/\/www.empack.be\/fr\/lapplication-empack\/","title":{"rendered":"L&rsquo;application Easyfairs Belgium"},"content":{"rendered":"\t\t<div data-elementor-type=\"wp-page\" data-elementor-id=\"936\" class=\"elementor elementor-936 elementor-109\" data-elementor-post-type=\"page\">\n\t\t\t\t<div class=\"elementor-element elementor-element-fdbaeff e-flex e-con-boxed e-con e-child\" data-id=\"fdbaeff\" data-element_type=\"container\" data-settings=\"{&quot;background_background&quot;:&quot;classic&quot;}\">\n\t\t\t\t\t<div class=\"e-con-inner\">\n\t\t\t\t<div class=\"elementor-element elementor-element-72aafa0 elementor-widget__width-initial elementor-widget elementor-widget-heading\" data-id=\"72aafa0\" data-element_type=\"widget\" data-widget_type=\"heading.default\">\n\t\t\t\t<div class=\"elementor-widget-container\">\n\t\t\t\t\t<h2 class=\"elementor-heading-title elementor-size-default\">L'application Easyfairs Belgium app<\/h2>\t\t\t\t<\/div>\n\t\t\t\t<\/div>\n\t\t\t\t<div class=\"elementor-element elementor-element-117ebfd elementor-widget__width-initial elementor-widget elementor-widget-text-editor\" data-id=\"117ebfd\" data-element_type=\"widget\" data-widget_type=\"text-editor.default\">\n\t\t\t\t<div class=\"elementor-widget-container\">\n\t\t\t\t\t\t\t\t\t<p>L&rsquo;application <span data-olk-copy-source=\"MessageBody\">Easyfairs Belgium app<\/span> est votre assistant intelligent pour une participation optimale aux salons professionnels. De la planification de votre emploi du temps \u00e0 la d\u00e9couverte de nouveaux exposants et d&rsquo;innovations, l&rsquo;application vous fournit tout ce dont vous avez besoin pour tirer le meilleur parti de l&rsquo;\u00e9v\u00e9nement. Restez inform\u00e9 gr\u00e2ce \u00e0 des notifications en temps r\u00e9el et d\u00e9couvrez des opportunit\u00e9s que vous pourriez autrement manquer.<\/p>\n\t\t\t\t\t\t\t\t<\/div>\n\t\t\t\t<\/div>\n\t\t\t\t\t<\/div>\n\t\t\t\t<\/div>\n\t\t<div class=\"elementor-element elementor-element-08ffb95 e-flex e-con-boxed e-con e-parent\" data-id=\"08ffb95\" data-element_type=\"container\" data-settings=\"{&quot;background_background&quot;:&quot;classic&quot;}\">\n\t\t\t\t\t<div class=\"e-con-inner\">\n\t\t\t\t<div class=\"elementor-element elementor-element-a11dfbd elementor-widget elementor-widget-heading\" data-id=\"a11dfbd\" data-element_type=\"widget\" data-widget_type=\"heading.default\">\n\t\t\t\t<div class=\"elementor-widget-container\">\n\t\t\t\t\t<h2 class=\"elementor-heading-title elementor-size-default\">L'application Easyfairs Belgium app<\/h2>\t\t\t\t<\/div>\n\t\t\t\t<\/div>\n\t\t\t\t<div class=\"elementor-element elementor-element-8ebec8c elementor-widget elementor-widget-text-editor\" data-id=\"8ebec8c\" data-element_type=\"widget\" data-widget_type=\"text-editor.default\">\n\t\t\t\t<div class=\"elementor-widget-container\">\n\t\t\t\t\t\t\t\t\t<p>L&rsquo;application est dot\u00e9e de<strong> nombreuses fonctionnalit\u00e9s<\/strong> qui vous feront passer \u00e0 la vitesse sup\u00e9rieure &#8211; <strong>avant, pendant et apr\u00e8s l&rsquo;\u00e9v\u00e9nement !<\/strong> D\u00e9couvrez facilement <strong>de nouveaux exposants, obtenez des mises \u00e0 jour en temps r\u00e9el, naviguez rapidement dans le salon et restez toujours inform\u00e9 des activit\u00e9s importantes.<\/strong> Gr\u00e2ce \u00e0 l&rsquo;application, tirez le meilleur parti de votre visite et ne manquez aucune occasion de nouer des contacts ou de d\u00e9couvrir des solutions innovantes.<\/p>\n<p>Gr\u00e2ce \u00e0 l&rsquo;application, vous \u00eates toujours bien pr\u00e9par\u00e9 et <strong>pouvez r\u00e9pondre<\/strong> avec souplesse aux nouvelles opportunit\u00e9s. Que vous souhaitiez trouver rapidement votre chemin vers un stand sp\u00e9cifique, partager votre int\u00e9r\u00eat pour une session ou rester inform\u00e9 des \u00e9v\u00e9nements \u00e0 venir, l&rsquo;application vous fournit tout ce dont vous avez besoin pour optimiser votre visite. <strong>Faites en sorte que votre exp\u00e9rience soit efficace et que vous ne manquiez aucun moment.<\/strong><\/p>\n\t\t\t\t\t\t\t\t<\/div>\n\t\t\t\t<\/div>\n\t\t<div class=\"elementor-element elementor-element-5e14b20 e-con-full e-grid e-con e-child\" data-id=\"5e14b20\" data-element_type=\"container\">\n\t\t<div class=\"elementor-element elementor-element-b10a6d1 e-flex e-con-boxed e-con e-child\" data-id=\"b10a6d1\" data-element_type=\"container\" data-settings=\"{&quot;background_background&quot;:&quot;classic&quot;}\">\n\t\t\t\t\t<div class=\"e-con-inner\">\n\t\t<div class=\"elementor-element elementor-element-3df48fd e-con-full e-flex e-con e-child\" data-id=\"3df48fd\" data-element_type=\"container\">\n\t\t\t\t<div class=\"elementor-element elementor-element-e34612d elementor-widget__width-inherit elementor-widget elementor-widget-heading\" data-id=\"e34612d\" data-element_type=\"widget\" data-widget_type=\"heading.default\">\n\t\t\t\t<div class=\"elementor-widget-container\">\n\t\t\t\t\t<h2 class=\"elementor-heading-title elementor-size-default\">Faites le premier pas et commencez d\u00e8s maintenant \u00e0 planifier votre visite<\/h2>\t\t\t\t<\/div>\n\t\t\t\t<\/div>\n\t\t\t\t<div class=\"elementor-element elementor-element-24b9328 elementor-widget elementor-widget-image\" data-id=\"24b9328\" data-element_type=\"widget\" data-widget_type=\"image.default\">\n\t\t\t\t<div class=\"elementor-widget-container\">\n\t\t\t\t\t\t\t\t\t\t\t\t\t\t\t<img decoding=\"async\" width=\"81\" height=\"80\" src=\"https:\/\/easyfairsassets.com\/sites\/351\/2025\/02\/rocket.svg\" class=\"attachment-large size-large wp-image-698\" alt=\"\" \/>\t\t\t\t\t\t\t\t\t\t\t\t\t\t\t<\/div>\n\t\t\t\t<\/div>\n\t\t\t\t<div class=\"elementor-element elementor-element-15d7919 elementor-widget elementor-widget-text-editor\" data-id=\"15d7919\" data-element_type=\"widget\" data-widget_type=\"text-editor.default\">\n\t\t\t\t<div class=\"elementor-widget-container\">\n\t\t\t\t\t\t\t\t\t<p>La planification d&rsquo;une visite \u00e0 Empack est la cl\u00e9 d&rsquo;une exp\u00e9rience r\u00e9ussie. La nouvelle application permet de se pr\u00e9parer au mieux \u00e0 la journ\u00e9e d&rsquo;exposition, de saisir les opportunit\u00e9s et de profiter au maximum de l&rsquo;\u00e9v\u00e9nement !<\/p>\n\t\t\t\t\t\t\t\t<\/div>\n\t\t\t\t<\/div>\n\t\t\t\t<\/div>\n\t\t\t\t\t<\/div>\n\t\t\t\t<\/div>\n\t\t<div class=\"elementor-element elementor-element-f1053df e-flex e-con-boxed e-con e-child\" data-id=\"f1053df\" data-element_type=\"container\" data-settings=\"{&quot;background_background&quot;:&quot;classic&quot;}\">\n\t\t\t\t\t<div class=\"e-con-inner\">\n\t\t<div class=\"elementor-element elementor-element-b43ea40 e-con-full e-flex e-con e-child\" data-id=\"b43ea40\" data-element_type=\"container\">\n\t\t\t\t<div class=\"elementor-element elementor-element-cb3be51 elementor-widget__width-inherit elementor-widget elementor-widget-heading\" data-id=\"cb3be51\" data-element_type=\"widget\" data-widget_type=\"heading.default\">\n\t\t\t\t<div class=\"elementor-widget-container\">\n\t\t\t\t\t<h2 class=\"elementor-heading-title elementor-size-default\">Obtenir des recommandations sur mesure<\/h2>\t\t\t\t<\/div>\n\t\t\t\t<\/div>\n\t\t\t\t<div class=\"elementor-element elementor-element-5a673a4 elementor-widget elementor-widget-image\" data-id=\"5a673a4\" data-element_type=\"widget\" data-widget_type=\"image.default\">\n\t\t\t\t<div class=\"elementor-widget-container\">\n\t\t\t\t\t\t\t\t\t\t\t\t\t\t\t<img decoding=\"async\" width=\"80\" height=\"80\" src=\"https:\/\/easyfairsassets.com\/sites\/351\/2025\/02\/handshake.svg\" class=\"attachment-large size-large wp-image-695\" alt=\"\" \/>\t\t\t\t\t\t\t\t\t\t\t\t\t\t\t<\/div>\n\t\t\t\t<\/div>\n\t\t\t\t<div class=\"elementor-element elementor-element-5ea6519 elementor-widget elementor-widget-text-editor\" data-id=\"5ea6519\" data-element_type=\"widget\" data-widget_type=\"text-editor.default\">\n\t\t\t\t<div class=\"elementor-widget-container\">\n\t\t\t\t\t\t\t\t\t<p>Recevez des suggestions personnalis\u00e9es sur les meilleures personnes \u00e0 rencontrer. Gr\u00e2ce \u00e0 des algorithmes intelligents, les pr\u00e9f\u00e9rences sont analys\u00e9es et les connexions les plus int\u00e9ressantes sont s\u00e9lectionn\u00e9es pour vous.<\/p>\n\t\t\t\t\t\t\t\t<\/div>\n\t\t\t\t<\/div>\n\t\t\t\t<\/div>\n\t\t\t\t\t<\/div>\n\t\t\t\t<\/div>\n\t\t<div class=\"elementor-element elementor-element-2ab886c e-flex e-con-boxed e-con e-child\" data-id=\"2ab886c\" data-element_type=\"container\" data-settings=\"{&quot;background_background&quot;:&quot;classic&quot;}\">\n\t\t\t\t\t<div class=\"e-con-inner\">\n\t\t<div class=\"elementor-element elementor-element-b56f6de e-con-full e-flex e-con e-child\" data-id=\"b56f6de\" data-element_type=\"container\">\n\t\t\t\t<div class=\"elementor-element elementor-element-323bc35 elementor-widget__width-inherit elementor-widget elementor-widget-heading\" data-id=\"323bc35\" data-element_type=\"widget\" data-widget_type=\"heading.default\">\n\t\t\t\t<div class=\"elementor-widget-container\">\n\t\t\t\t\t<h2 class=\"elementor-heading-title elementor-size-default\">Composez votre programme id\u00e9al !<\/h2>\t\t\t\t<\/div>\n\t\t\t\t<\/div>\n\t\t\t\t<div class=\"elementor-element elementor-element-bafdc67 elementor-widget elementor-widget-image\" data-id=\"bafdc67\" data-element_type=\"widget\" data-widget_type=\"image.default\">\n\t\t\t\t<div class=\"elementor-widget-container\">\n\t\t\t\t\t\t\t\t\t\t\t\t\t\t\t<img decoding=\"async\" width=\"81\" height=\"80\" src=\"https:\/\/easyfairsassets.com\/sites\/351\/2025\/02\/calendar-check.svg\" class=\"attachment-large size-large wp-image-692\" alt=\"\" \/>\t\t\t\t\t\t\t\t\t\t\t\t\t\t\t<\/div>\n\t\t\t\t<\/div>\n\t\t\t\t<div class=\"elementor-element elementor-element-9265ee3 elementor-widget elementor-widget-text-editor\" data-id=\"9265ee3\" data-element_type=\"widget\" data-widget_type=\"text-editor.default\">\n\t\t\t\t<div class=\"elementor-widget-container\">\n\t\t\t\t\t\t\t\t\t<p>Restez toujours inform\u00e9 et ne manquez plus jamais une session importante ! Explorez le programme du s\u00e9minaire, d\u00e9couvrez les intervenants et les th\u00e8mes abord\u00e9s, et ajoutez facilement les sessions auxquelles vous souhaitez assister \u00e0 votre agenda personnel.<\/p>\n\t\t\t\t\t\t\t\t<\/div>\n\t\t\t\t<\/div>\n\t\t\t\t<\/div>\n\t\t\t\t\t<\/div>\n\t\t\t\t<\/div>\n\t\t\t\t<\/div>\n\t\t<div class=\"elementor-element elementor-element-94526c5 e-flex e-con-boxed e-con e-child\" data-id=\"94526c5\" data-element_type=\"container\" data-settings=\"{&quot;background_background&quot;:&quot;classic&quot;}\">\n\t\t\t\t\t<div class=\"e-con-inner\">\n\t\t<div class=\"elementor-element elementor-element-65a997f e-flex e-con-boxed e-con e-child\" data-id=\"65a997f\" data-element_type=\"container\">\n\t\t\t\t\t<div class=\"e-con-inner\">\n\t\t\t\t<div class=\"elementor-element elementor-element-fbe45e1 elementor-widget elementor-widget-heading\" data-id=\"fbe45e1\" data-element_type=\"widget\" data-widget_type=\"heading.default\">\n\t\t\t\t<div class=\"elementor-widget-container\">\n\t\t\t\t\t<h2 class=\"elementor-heading-title elementor-size-default\">Avantages de l'application Easyfairs Belgium<\/h2>\t\t\t\t<\/div>\n\t\t\t\t<\/div>\n\t\t\t\t<div class=\"elementor-element elementor-element-2baa236 elementor-widget elementor-widget-text-editor\" data-id=\"2baa236\" data-element_type=\"widget\" data-widget_type=\"text-editor.default\">\n\t\t\t\t<div class=\"elementor-widget-container\">\n\t\t\t\t\t\t\t\t\t<ol>\n<li><strong>Une mise en r\u00e9seau efficace :<\/strong> Identifiez facilement les pairs et les sp\u00e9cialistes qui correspondent \u00e0 vos besoins et organisez vos rendez-vous de mani\u00e8re cibl\u00e9e.<\/li>\n<li><strong>Exp\u00e9rience sur mesure :<\/strong> obtenez des suggestions qui correspondent \u00e9troitement \u00e0 vos pr\u00e9f\u00e9rences et \u00e0 vos exigences professionnelles.<\/li>\n<li><strong>Restez organis\u00e9 :<\/strong> G\u00e9rez votre agenda, vos rendez-vous et vos ateliers en un seul endroit.<\/li>\n<li><strong>Toujours inform\u00e9 :<\/strong> Recevez des notifications d&rsquo;\u00e9v\u00e9nements et des mises \u00e0 jour, afin de ne pas manquer un moment cl\u00e9.<\/li>\n<\/ol>\n\t\t\t\t\t\t\t\t<\/div>\n\t\t\t\t<\/div>\n\t\t\t\t\t<\/div>\n\t\t\t\t<\/div>\n\t\t<div class=\"elementor-element elementor-element-68de7d7 e-flex e-con-boxed e-con e-child\" data-id=\"68de7d7\" data-element_type=\"container\" data-settings=\"{&quot;background_background&quot;:&quot;classic&quot;}\">\n\t\t\t\t\t<div class=\"e-con-inner\">\n\t\t\t\t\t<\/div>\n\t\t\t\t<\/div>\n\t\t\t\t\t<\/div>\n\t\t\t\t<\/div>\n\t\t<div class=\"elementor-element elementor-element-ce97d31 e-flex e-con-boxed e-con e-child\" data-id=\"ce97d31\" data-element_type=\"container\" data-settings=\"{&quot;background_background&quot;:&quot;classic&quot;}\">\n\t\t\t\t\t<div class=\"e-con-inner\">\n\t\t<div class=\"elementor-element elementor-element-dfbbdcf e-flex e-con-boxed e-con e-child\" data-id=\"dfbbdcf\" data-element_type=\"container\" data-settings=\"{&quot;background_background&quot;:&quot;classic&quot;}\">\n\t\t\t\t\t<div class=\"e-con-inner\">\n\t\t\t\t\t<\/div>\n\t\t\t\t<\/div>\n\t\t<div class=\"elementor-element elementor-element-f5f687f e-flex e-con-boxed e-con e-child\" data-id=\"f5f687f\" data-element_type=\"container\">\n\t\t\t\t\t<div class=\"e-con-inner\">\n\t\t\t\t<div class=\"elementor-element elementor-element-c9c601d elementor-widget elementor-widget-heading\" data-id=\"c9c601d\" data-element_type=\"widget\" data-widget_type=\"heading.default\">\n\t\t\t\t<div class=\"elementor-widget-container\">\n\t\t\t\t\t<h2 class=\"elementor-heading-title elementor-size-default\">Comment cela fonctionne-t-il ?<\/h2>\t\t\t\t<\/div>\n\t\t\t\t<\/div>\n\t\t\t\t<div class=\"elementor-element elementor-element-fcb8518 elementor-widget elementor-widget-text-editor\" data-id=\"fcb8518\" data-element_type=\"widget\" data-widget_type=\"text-editor.default\">\n\t\t\t\t<div class=\"elementor-widget-container\">\n\t\t\t\t\t\t\t\t\t<ol>\r\n \t<li><strong>S&rsquo;inscrire \u00e0 Empack :<\/strong> Inscrivez-vous \u00e0 l&rsquo;\u00e9v\u00e9nement et recevez un e-mail de confirmation avec un lien pour activer votre compte d&rsquo;application.<\/li>\r\n \t<li><strong>T\u00e9l\u00e9charger l&rsquo;application <span data-olk-copy-source=\"MessageBody\">Easyfairs Belgium app<\/span> :<\/strong> L&rsquo;application est disponible pour Android et iOS. Utilisez le lien de t\u00e9l\u00e9chargement dans l&rsquo;e-mail de confirmation ou scannez le code QR pour installer l&rsquo;application.<\/li>\r\n \t<li><strong>Configurez votre profil :<\/strong> Compl\u00e9tez votre profil avec vos centres d&rsquo;int\u00e9r\u00eat, des informations sur votre entreprise et vos objectifs pour l&rsquo;\u00e9v\u00e9nement.<\/li>\r\n \t<li><strong>Recevez des recommandations personnalis\u00e9es :<\/strong> L&rsquo;application analyse vos pr\u00e9f\u00e9rences et vous sugg\u00e8re des exposants, des s\u00e9minaires et des opportunit\u00e9s de r\u00e9seautage pertinents.<\/li>\r\n \t<li><strong>Planifiez et profitez :<\/strong> utilisez l&rsquo;application pour planifier vos rendez-vous, g\u00e9rer votre agenda et tirer le meilleur parti de votre exp\u00e9rience \u00e0 Empack.<\/li>\r\n<\/ol>\t\t\t\t\t\t\t\t<\/div>\n\t\t\t\t<\/div>\n\t\t\t\t\t<\/div>\n\t\t\t\t<\/div>\n\t\t\t\t\t<\/div>\n\t\t\t\t<\/div>\n\t\t\t\t\t<\/div>\n\t\t\t\t<\/div>\n\t\t<div class=\"elementor-element elementor-element-0becf16 e-flex e-con-boxed e-con e-parent\" data-id=\"0becf16\" data-element_type=\"container\" data-settings=\"{&quot;background_background&quot;:&quot;classic&quot;}\">\n\t\t\t\t\t<div class=\"e-con-inner\">\n\t\t<div class=\"elementor-element elementor-element-a5eb699 e-con-full e-flex e-con e-child\" data-id=\"a5eb699\" data-element_type=\"container\" data-settings=\"{&quot;background_background&quot;:&quot;classic&quot;}\">\n\t\t\t\t<div class=\"elementor-element elementor-element-277a151 elementor-widget elementor-widget-heading\" data-id=\"277a151\" data-element_type=\"widget\" data-widget_type=\"heading.default\">\n\t\t\t\t<div class=\"elementor-widget-container\">\n\t\t\t\t\t<h2 class=\"elementor-heading-title elementor-size-default\">Profitez au maximum de votre visite \u00e0 Empack !<\/h2>\t\t\t\t<\/div>\n\t\t\t\t<\/div>\n\t\t\t\t<div class=\"elementor-element elementor-element-7763415 elementor-widget elementor-widget-text-editor\" data-id=\"7763415\" data-element_type=\"widget\" data-widget_type=\"text-editor.default\">\n\t\t\t\t<div class=\"elementor-widget-container\">\n\t\t\t\t\t\t\t\t\t<p>Optimisez votre participation au salon, nouez de nouvelles relations et restez inform\u00e9 de tout ce qu&rsquo;Empack a \u00e0 offrir.<\/p>\n\t\t\t\t\t\t\t\t<\/div>\n\t\t\t\t<\/div>\n\t\t\t\t<div class=\"elementor-element elementor-element-c16e706 elementor-mobile-align-center elementor-widget elementor-widget-button\" data-id=\"c16e706\" data-element_type=\"widget\" data-widget_type=\"button.default\">\n\t\t\t\t<div class=\"elementor-widget-container\">\n\t\t\t\t\t\t\t\t\t<div class=\"elementor-button-wrapper\">\n\t\t\t\t\t<a class=\"elementor-button elementor-button-link elementor-size-sm\" href=\"https:\/\/play.google.com\/store\/apps\/details?id=events.grip.efbe1047&#038;hl=en\">\n\t\t\t\t\t\t<span class=\"elementor-button-content-wrapper\">\n\t\t\t\t\t\t\t\t\t<span class=\"elementor-button-text\">Google Play Store<\/span>\n\t\t\t\t\t<\/span>\n\t\t\t\t\t<\/a>\n\t\t\t\t<\/div>\n\t\t\t\t\t\t\t\t<\/div>\n\t\t\t\t<\/div>\n\t\t\t\t<div class=\"elementor-element elementor-element-e91965b elementor-mobile-align-center elementor-widget elementor-widget-button\" data-id=\"e91965b\" data-element_type=\"widget\" data-widget_type=\"button.default\">\n\t\t\t\t<div class=\"elementor-widget-container\">\n\t\t\t\t\t\t\t\t\t<div class=\"elementor-button-wrapper\">\n\t\t\t\t\t<a class=\"elementor-button elementor-button-link elementor-size-sm\" href=\"https:\/\/apps.apple.com\/nl\/app\/easyfairs-belgium\/id6680193572\">\n\t\t\t\t\t\t<span class=\"elementor-button-content-wrapper\">\n\t\t\t\t\t\t\t\t\t<span class=\"elementor-button-text\">Apple App Store<\/span>\n\t\t\t\t\t<\/span>\n\t\t\t\t\t<\/a>\n\t\t\t\t<\/div>\n\t\t\t\t\t\t\t\t<\/div>\n\t\t\t\t<\/div>\n\t\t\t\t<\/div>\n\t\t<div class=\"elementor-element elementor-element-f78ce44 e-con-full elementor-hidden-mobile e-flex e-con e-child\" data-id=\"f78ce44\" data-element_type=\"container\" data-settings=\"{&quot;background_background&quot;:&quot;classic&quot;}\">\n\t\t\t\t<\/div>\n\t\t\t\t\t<\/div>\n\t\t\t\t<\/div>\n\t\t\t\t<\/div>\n\t\t","protected":false},"excerpt":{"rendered":"<p>L&rsquo;application Easyfairs Belgium app L&rsquo;application Easyfairs Belgium app est votre assistant intelligent pour une participation optimale aux salons professionnels. De la planification de votre emploi du temps \u00e0 la d\u00e9couverte de nouveaux exposants et d&rsquo;innovations, l&rsquo;application vous fournit tout ce dont vous avez besoin pour tirer le meilleur parti de l&rsquo;\u00e9v\u00e9nement. Restez inform\u00e9 gr\u00e2ce \u00e0 [&hellip;]<\/p>\n","protected":false},"author":933,"featured_media":0,"parent":0,"menu_order":2,"comment_status":"closed","ping_status":"closed","template":"","meta":{"_seopress_robots_primary_cat":"","_seopress_titles_title":"L'application Easyfairs Belgium | Empack Gand, Flanders Expo","_seopress_titles_desc":"Entrez en contact avec les exposants, les conf\u00e9renciers et les visiteurs qui vous int\u00e9ressent. Consultez le plan et le programme du salon afin d'optimiser votre visite !","_seopress_robots_index":"","footnotes":""},"class_list":["post-936","page","type-page","status-publish","hentry"],"_links":{"self":[{"href":"https:\/\/www.empack.be\/fr\/wp-json\/wp\/v2\/pages\/936","targetHints":{"allow":["GET"]}}],"collection":[{"href":"https:\/\/www.empack.be\/fr\/wp-json\/wp\/v2\/pages"}],"about":[{"href":"https:\/\/www.empack.be\/fr\/wp-json\/wp\/v2\/types\/page"}],"author":[{"embeddable":true,"href":"https:\/\/www.empack.be\/fr\/wp-json\/wp\/v2\/users\/933"}],"replies":[{"embeddable":true,"href":"https:\/\/www.empack.be\/fr\/wp-json\/wp\/v2\/comments?post=936"}],"version-history":[{"count":5,"href":"https:\/\/www.empack.be\/fr\/wp-json\/wp\/v2\/pages\/936\/revisions"}],"predecessor-version":[{"id":57744,"href":"https:\/\/www.empack.be\/fr\/wp-json\/wp\/v2\/pages\/936\/revisions\/57744"}],"wp:attachment":[{"href":"https:\/\/www.empack.be\/fr\/wp-json\/wp\/v2\/media?parent=936"}],"curies":[{"name":"wp","href":"https:\/\/api.w.org\/{rel}","templated":true}]}}