{"id":49856,"date":"2025-09-22T15:54:41","date_gmt":"2025-09-22T14:54:41","guid":{"rendered":"https:\/\/www.empack.be\/mechelen-2025\/programme-empack\/pentawards\/"},"modified":"2026-01-29T13:23:32","modified_gmt":"2026-01-29T12:23:32","slug":"pentawards","status":"publish","type":"page","link":"https:\/\/www.empack.be\/fr\/mechelen-2025\/programme-empack\/pentawards\/","title":{"rendered":"Pentawards"},"content":{"rendered":"\t\t<div data-elementor-type=\"wp-page\" data-elementor-id=\"49856\" class=\"elementor elementor-49856 elementor-49846\" data-elementor-post-type=\"page\">\n\t\t\t\t<div class=\"elementor-element elementor-element-675235b e-flex e-con-boxed e-con e-child\" data-id=\"675235b\" data-element_type=\"container\" data-settings=\"{&quot;background_background&quot;:&quot;classic&quot;}\">\n\t\t\t\t\t<div class=\"e-con-inner\">\n\t\t\t\t<div class=\"elementor-element elementor-element-e877a17 elementor-widget__width-initial elementor-widget elementor-widget-heading\" data-id=\"e877a17\" data-element_type=\"widget\" data-widget_type=\"heading.default\">\n\t\t\t\t<div class=\"elementor-widget-container\">\n\t\t\t\t\t<h1 class=\"elementor-heading-title elementor-size-default\">Pentawards<\/h1>\t\t\t\t<\/div>\n\t\t\t\t<\/div>\n\t\t\t\t\t<\/div>\n\t\t\t\t<\/div>\n\t\t<div class=\"elementor-element elementor-element-6ead418 e-flex e-con-boxed e-con e-parent\" data-id=\"6ead418\" data-element_type=\"container\" data-settings=\"{&quot;background_background&quot;:&quot;classic&quot;}\">\n\t\t\t\t\t<div class=\"e-con-inner\">\n\t\t<div class=\"elementor-element elementor-element-486128c e-flex e-con-boxed e-con e-child\" data-id=\"486128c\" data-element_type=\"container\">\n\t\t\t\t\t<div class=\"e-con-inner\">\n\t\t<div class=\"elementor-element elementor-element-582918f e-flex e-con-boxed e-con e-child\" data-id=\"582918f\" data-element_type=\"container\" data-settings=\"{&quot;background_background&quot;:&quot;classic&quot;}\">\n\t\t\t\t\t<div class=\"e-con-inner\">\n\t\t<div class=\"elementor-element elementor-element-b64b270 e-flex e-con-boxed e-con e-child\" data-id=\"b64b270\" data-element_type=\"container\">\n\t\t\t\t\t<div class=\"e-con-inner\">\n\t\t\t\t<div class=\"elementor-element elementor-element-3eebb17 elementor-widget elementor-widget-heading\" data-id=\"3eebb17\" data-element_type=\"widget\" data-widget_type=\"heading.default\">\n\t\t\t\t<div class=\"elementor-widget-container\">\n\t\t\t\t\t<h2 class=\"elementor-heading-title elementor-size-default\">Pentawards : d\u00e9couvrez des designs d'emballages<\/h2>\t\t\t\t<\/div>\n\t\t\t\t<\/div>\n\t\t\t\t<div class=\"elementor-element elementor-element-8b63bf2 elementor-widget elementor-widget-text-editor\" data-id=\"8b63bf2\" data-element_type=\"widget\" data-widget_type=\"text-editor.default\">\n\t\t\t\t<div class=\"elementor-widget-container\">\n\t\t\t\t\t\t\t\t\t<p><strong>L&rsquo;exposition Pentawards<\/strong> vous pr\u00e9sente une s\u00e9lection de designs d&#8217;emballages. Elle offre un aper\u00e7u inspirant de la cr\u00e9ativit\u00e9 et des tendances dans le domaine des emballages. Vous pouvez y d\u00e9couvrir les designs et y trouver des id\u00e9es pour vos propres projets.<\/p>\n\t\t\t\t\t\t\t\t<\/div>\n\t\t\t\t<\/div>\n\t\t\t\t\t<\/div>\n\t\t\t\t<\/div>\n\t\t\t\t\t<\/div>\n\t\t\t\t<\/div>\n\t\t\t\t\t<\/div>\n\t\t\t\t<\/div>\n\t\t<div class=\"elementor-element elementor-element-3d45800 e-flex e-con-boxed e-con e-child\" data-id=\"3d45800\" data-element_type=\"container\">\n\t\t\t\t\t<div class=\"e-con-inner\">\n\t\t\t\t\t<\/div>\n\t\t\t\t<\/div>\n\t\t\t\t\t<\/div>\n\t\t\t\t<\/div>\n\t\t\t\t<\/div>\n\t\t","protected":false},"excerpt":{"rendered":"<p>Pentawards Pentawards : d\u00e9couvrez des designs d&#8217;emballages L&rsquo;exposition Pentawards vous pr\u00e9sente une s\u00e9lection de designs d&#8217;emballages. Elle offre un aper\u00e7u inspirant de la cr\u00e9ativit\u00e9 et des tendances dans le domaine des emballages. Vous pouvez y d\u00e9couvrir les designs et y trouver des id\u00e9es pour vos propres projets.<\/p>\n","protected":false},"author":1351,"featured_media":0,"parent":24050,"menu_order":0,"comment_status":"closed","ping_status":"closed","template":"","meta":{"_seopress_robots_primary_cat":"","_seopress_titles_title":"","_seopress_titles_desc":"","_seopress_robots_index":"","footnotes":""},"class_list":["post-49856","page","type-page","status-publish","hentry"],"_links":{"self":[{"href":"https:\/\/www.empack.be\/fr\/wp-json\/wp\/v2\/pages\/49856","targetHints":{"allow":["GET"]}}],"collection":[{"href":"https:\/\/www.empack.be\/fr\/wp-json\/wp\/v2\/pages"}],"about":[{"href":"https:\/\/www.empack.be\/fr\/wp-json\/wp\/v2\/types\/page"}],"author":[{"embeddable":true,"href":"https:\/\/www.empack.be\/fr\/wp-json\/wp\/v2\/users\/1351"}],"replies":[{"embeddable":true,"href":"https:\/\/www.empack.be\/fr\/wp-json\/wp\/v2\/comments?post=49856"}],"version-history":[{"count":2,"href":"https:\/\/www.empack.be\/fr\/wp-json\/wp\/v2\/pages\/49856\/revisions"}],"predecessor-version":[{"id":57205,"href":"https:\/\/www.empack.be\/fr\/wp-json\/wp\/v2\/pages\/49856\/revisions\/57205"}],"up":[{"embeddable":true,"href":"https:\/\/www.empack.be\/fr\/wp-json\/wp\/v2\/pages\/24050"}],"wp:attachment":[{"href":"https:\/\/www.empack.be\/fr\/wp-json\/wp\/v2\/media?parent=49856"}],"curies":[{"name":"wp","href":"https:\/\/api.w.org\/{rel}","templated":true}]}}