{"id":49602,"date":"2025-09-19T10:31:52","date_gmt":"2025-09-19T09:31:52","guid":{"rendered":"https:\/\/www.empack.be\/mechelen-2025\/programme-empack\/co-working\/"},"modified":"2026-02-12T16:47:08","modified_gmt":"2026-02-12T15:47:08","slug":"co-working","status":"publish","type":"page","link":"https:\/\/www.empack.be\/fr\/gent-2026\/programme\/co-working\/","title":{"rendered":"Co-working"},"content":{"rendered":"\t\t<div data-elementor-type=\"wp-page\" data-elementor-id=\"49602\" class=\"elementor elementor-49602 elementor-49582\" data-elementor-post-type=\"page\">\n\t\t\t\t<div class=\"elementor-element elementor-element-01c671a e-flex e-con-boxed e-con e-child\" data-id=\"01c671a\" data-element_type=\"container\" data-settings=\"{&quot;background_background&quot;:&quot;classic&quot;}\">\n\t\t\t\t\t<div class=\"e-con-inner\">\n\t\t\t\t<div class=\"elementor-element elementor-element-c346e0c elementor-widget__width-initial elementor-widget elementor-widget-heading\" data-id=\"c346e0c\" data-element_type=\"widget\" data-widget_type=\"heading.default\">\n\t\t\t\t<div class=\"elementor-widget-container\">\n\t\t\t\t\t<h1 class=\"elementor-heading-title elementor-size-default\">Co-working<\/h1>\t\t\t\t<\/div>\n\t\t\t\t<\/div>\n\t\t\t\t\t<\/div>\n\t\t\t\t<\/div>\n\t\t<div class=\"elementor-element elementor-element-6e0a267 e-flex e-con-boxed e-con e-parent\" data-id=\"6e0a267\" data-element_type=\"container\" data-settings=\"{&quot;background_background&quot;:&quot;classic&quot;}\">\n\t\t\t\t\t<div class=\"e-con-inner\">\n\t\t<div class=\"elementor-element elementor-element-507cd79 e-flex e-con-boxed e-con e-child\" data-id=\"507cd79\" data-element_type=\"container\">\n\t\t\t\t\t<div class=\"e-con-inner\">\n\t\t<div class=\"elementor-element elementor-element-00b0627 e-flex e-con-boxed e-con e-child\" data-id=\"00b0627\" data-element_type=\"container\" data-settings=\"{&quot;background_background&quot;:&quot;classic&quot;}\">\n\t\t\t\t\t<div class=\"e-con-inner\">\n\t\t<div class=\"elementor-element elementor-element-cfa8593 e-flex e-con-boxed e-con e-child\" data-id=\"cfa8593\" data-element_type=\"container\">\n\t\t\t\t\t<div class=\"e-con-inner\">\n\t\t\t\t<div class=\"elementor-element elementor-element-958c354 elementor-widget elementor-widget-heading\" data-id=\"958c354\" data-element_type=\"widget\" data-widget_type=\"heading.default\">\n\t\t\t\t<div class=\"elementor-widget-container\">\n\t\t\t\t\t<h2 class=\"elementor-heading-title elementor-size-default\">Travailler et nouer des contacts au salon<\/h2>\t\t\t\t<\/div>\n\t\t\t\t<\/div>\n\t\t\t\t<div class=\"elementor-element elementor-element-b18160f elementor-widget elementor-widget-text-editor\" data-id=\"b18160f\" data-element_type=\"widget\" data-widget_type=\"text-editor.default\">\n\t\t\t\t<div class=\"elementor-widget-container\">\n\t\t\t\t\t\t\t\t\t<p>Sur le salon Empack, vous trouverez la <strong>Co-Working Zone<\/strong>, un lieu o\u00f9 se rencontrent les id\u00e9es, les connexions et la durabilit\u00e9. Cette zone accueillante offre non seulement des espaces de travail confortables et des salles de r\u00e9union, mais constitue \u00e9galement <strong>un exemple concret de conception circulaire en action<\/strong>. Que vous travailliez seul ou en petits groupes, cette zone offre l&rsquo;<strong>environnement id\u00e9al pour se concentrer, r\u00e9seauter et \u00e9changer des id\u00e9e<\/strong>s avec d&rsquo;autres professionnels du secteur.<\/p>\n<p>Con\u00e7ue et construite par <strong>Linkon<\/strong>, l&rsquo;installation est enti\u00e8rement fabriqu\u00e9e \u00e0 partir de mat\u00e9riaux r\u00e9utilisables et recycl\u00e9s. Apr\u00e8s ses d\u00e9buts \u00e0 Empack 2024, ce stand fera sa quatri\u00e8me apparition en 2026, preuve que la construction durable peut \u00e9galement \u00eatre modulaire, cr\u00e9ative et r\u00e9utilisable. Ainsi, la Co-Working Zone devient non seulement un lieu de travail ou de r\u00e9seautage, mais aussi un symbole de l&rsquo;\u00e9volution durable de notre secteur.<\/p>\n\t\t\t\t\t\t\t\t<\/div>\n\t\t\t\t<\/div>\n\t\t\t\t\t<\/div>\n\t\t\t\t<\/div>\n\t\t\t\t\t<\/div>\n\t\t\t\t<\/div>\n\t\t\t\t\t<\/div>\n\t\t\t\t<\/div>\n\t\t<div class=\"elementor-element elementor-element-35d32c9 e-flex e-con-boxed e-con e-child\" data-id=\"35d32c9\" data-element_type=\"container\">\n\t\t\t\t\t<div class=\"e-con-inner\">\n\t\t<div class=\"elementor-element elementor-element-8a60ae1 e-flex e-con-boxed e-con e-child\" data-id=\"8a60ae1\" data-element_type=\"container\" data-settings=\"{&quot;background_background&quot;:&quot;classic&quot;}\">\n\t\t\t\t\t<div class=\"e-con-inner\">\n\t\t<div class=\"elementor-element elementor-element-e5e89eb e-flex e-con-boxed e-con e-child\" data-id=\"e5e89eb\" data-element_type=\"container\" data-settings=\"{&quot;background_background&quot;:&quot;classic&quot;}\">\n\t\t\t\t\t<div class=\"e-con-inner\">\n\t\t\t\t<div class=\"elementor-element elementor-element-501fe27 elementor-skin-carousel elementor-arrows-yes elementor-widget elementor-widget-media-carousel\" data-id=\"501fe27\" data-element_type=\"widget\" data-settings=\"{&quot;slides_per_view&quot;:&quot;3&quot;,&quot;slides_to_scroll&quot;:&quot;4&quot;,&quot;space_between&quot;:{&quot;unit&quot;:&quot;px&quot;,&quot;size&quot;:0,&quot;sizes&quot;:[]},&quot;skin&quot;:&quot;carousel&quot;,&quot;effect&quot;:&quot;slide&quot;,&quot;show_arrows&quot;:&quot;yes&quot;,&quot;speed&quot;:500,&quot;autoplay&quot;:&quot;yes&quot;,&quot;autoplay_speed&quot;:5000,&quot;loop&quot;:&quot;yes&quot;,&quot;pause_on_hover&quot;:&quot;yes&quot;,&quot;pause_on_interaction&quot;:&quot;yes&quot;,&quot;space_between_tablet&quot;:{&quot;unit&quot;:&quot;px&quot;,&quot;size&quot;:10,&quot;sizes&quot;:[]},&quot;space_between_mobile&quot;:{&quot;unit&quot;:&quot;px&quot;,&quot;size&quot;:10,&quot;sizes&quot;:[]}}\" data-widget_type=\"media-carousel.default\">\n\t\t\t\t<div class=\"elementor-widget-container\">\n\t\t\t\t\t\t\t\t\t<div class=\"elementor-swiper\">\n\t\t\t\t\t<div class=\"elementor-main-swiper swiper\" role=\"region\" aria-roledescription=\"carousel\" aria-label=\"Slides\">\n\t\t\t\t<div class=\"swiper-wrapper\">\n\t\t\t\t\t\t\t\t\t\t\t<div class=\"swiper-slide\" role=\"group\" aria-roledescription=\"slide\">\n\t\t\t\t\t\t\t\t\t<div class=\"elementor-carousel-image\" role=\"img\" aria-label=\"54018218559_6d76046f12_b\" style=\"background-image: url(&#039;https:\/\/easyfairsassets.com\/sites\/351\/2025\/10\/54018218559_6d76046f12_b-300x200.jpg&#039;)\">\n\n\t\t\t\n\t\t\t\t\t<\/div>\n\t\t\t\t\t\t\t\t<\/div>\n\t\t\t\t\t\t\t\t\t\t\t<div class=\"swiper-slide\" role=\"group\" aria-roledescription=\"slide\">\n\t\t\t\t\t\t\t\t\t<div class=\"elementor-carousel-image\" role=\"img\" aria-label=\"54016984662_194fe824ab_b\" style=\"background-image: url(&#039;https:\/\/easyfairsassets.com\/sites\/351\/2025\/10\/54016984662_194fe824ab_b-200x300.jpg&#039;)\">\n\n\t\t\t\n\t\t\t\t\t<\/div>\n\t\t\t\t\t\t\t\t<\/div>\n\t\t\t\t\t\t\t\t\t\t\t<div class=\"swiper-slide\" role=\"group\" aria-roledescription=\"slide\">\n\t\t\t\t\t\t\t\t\t<div class=\"elementor-carousel-image\" role=\"img\" aria-label=\"54018322745_93222e0754_b\" style=\"background-image: url(&#039;https:\/\/easyfairsassets.com\/sites\/351\/2025\/10\/54018322745_93222e0754_b-300x200.jpg&#039;)\">\n\n\t\t\t\n\t\t\t\t\t<\/div>\n\t\t\t\t\t\t\t\t<\/div>\n\t\t\t\t\t\t\t\t\t<\/div>\n\t\t\t\t\t\t\t\t\t\t\t\t\t\t\t<div class=\"elementor-swiper-button elementor-swiper-button-prev\" role=\"button\" tabindex=\"0\" aria-label=\"Previous\">\n\t\t\t\t\t\t\t<svg aria-hidden=\"true\" class=\"e-font-icon-svg e-eicon-chevron-left\" viewBox=\"0 0 1000 1000\" xmlns=\"http:\/\/www.w3.org\/2000\/svg\"><path d=\"M646 125C629 125 613 133 604 142L308 442C296 454 292 471 292 487 292 504 296 521 308 533L604 854C617 867 629 875 646 875 663 875 679 871 692 858 704 846 713 829 713 812 713 796 708 779 692 767L438 487 692 225C700 217 708 204 708 187 708 171 704 154 692 142 675 129 663 125 646 125Z\"><\/path><\/svg>\t\t\t\t\t\t<\/div>\n\t\t\t\t\t\t<div class=\"elementor-swiper-button elementor-swiper-button-next\" role=\"button\" tabindex=\"0\" aria-label=\"Next\">\n\t\t\t\t\t\t\t<svg aria-hidden=\"true\" class=\"e-font-icon-svg e-eicon-chevron-right\" viewBox=\"0 0 1000 1000\" xmlns=\"http:\/\/www.w3.org\/2000\/svg\"><path d=\"M696 533C708 521 713 504 713 487 713 471 708 454 696 446L400 146C388 133 375 125 354 125 338 125 325 129 313 142 300 154 292 171 292 187 292 204 296 221 308 233L563 492 304 771C292 783 288 800 288 817 288 833 296 850 308 863 321 871 338 875 354 875 371 875 388 867 400 854L696 533Z\"><\/path><\/svg>\t\t\t\t\t\t<\/div>\n\t\t\t\t\t\t\t\t\t\t\t\t\t\t\t\t\t<\/div>\n\t\t\t\t<\/div>\n\t\t\t\t\t\t\t\t<\/div>\n\t\t\t\t<\/div>\n\t\t\t\t\t<\/div>\n\t\t\t\t<\/div>\n\t\t\t\t\t<\/div>\n\t\t\t\t<\/div>\n\t\t\t\t\t<\/div>\n\t\t\t\t<\/div>\n\t\t\t\t\t<\/div>\n\t\t\t\t<\/div>\n\t\t\t\t<\/div>\n\t\t","protected":false},"excerpt":{"rendered":"<p>Co-working Travailler et nouer des contacts au salon Sur le salon Empack, vous trouverez la Co-Working Zone, un lieu o\u00f9 se rencontrent les id\u00e9es, les connexions et la durabilit\u00e9. Cette zone accueillante offre non seulement des espaces de travail confortables et des salles de r\u00e9union, mais constitue \u00e9galement un exemple concret de conception circulaire en [&hellip;]<\/p>\n","protected":false},"author":1351,"featured_media":0,"parent":56985,"menu_order":0,"comment_status":"closed","ping_status":"closed","template":"","meta":{"_seopress_robots_primary_cat":"","_seopress_titles_title":"Co-working zone | Empack Gand 2026","_seopress_titles_desc":"Sur le salon Empack, vous trouverez la Co-Working Zone, un espace accessible o\u00f9 vous pourrez travailler, discuter ou nouer des contacts en toute tranquillit\u00e9.","_seopress_robots_index":"","footnotes":""},"class_list":["post-49602","page","type-page","status-publish","hentry"],"_links":{"self":[{"href":"https:\/\/www.empack.be\/fr\/wp-json\/wp\/v2\/pages\/49602","targetHints":{"allow":["GET"]}}],"collection":[{"href":"https:\/\/www.empack.be\/fr\/wp-json\/wp\/v2\/pages"}],"about":[{"href":"https:\/\/www.empack.be\/fr\/wp-json\/wp\/v2\/types\/page"}],"author":[{"embeddable":true,"href":"https:\/\/www.empack.be\/fr\/wp-json\/wp\/v2\/users\/1351"}],"replies":[{"embeddable":true,"href":"https:\/\/www.empack.be\/fr\/wp-json\/wp\/v2\/comments?post=49602"}],"version-history":[{"count":4,"href":"https:\/\/www.empack.be\/fr\/wp-json\/wp\/v2\/pages\/49602\/revisions"}],"predecessor-version":[{"id":57677,"href":"https:\/\/www.empack.be\/fr\/wp-json\/wp\/v2\/pages\/49602\/revisions\/57677"}],"up":[{"embeddable":true,"href":"https:\/\/www.empack.be\/fr\/wp-json\/wp\/v2\/pages\/56985"}],"wp:attachment":[{"href":"https:\/\/www.empack.be\/fr\/wp-json\/wp\/v2\/media?parent=49602"}],"curies":[{"name":"wp","href":"https:\/\/api.w.org\/{rel}","templated":true}]}}