{"id":33585,"date":"2025-08-14T08:10:55","date_gmt":"2025-08-14T07:10:55","guid":{"rendered":"https:\/\/www.empack.be\/?page_id=33585"},"modified":"2026-02-13T11:26:01","modified_gmt":"2026-02-13T10:26:01","slug":"prix-emballage-etiquette","status":"publish","type":"page","link":"https:\/\/www.empack.be\/fr\/gent-2026\/programme\/prix-emballage-etiquette\/","title":{"rendered":"Prix Emballage &#038; \u00c9tiquette"},"content":{"rendered":"\t\t<div data-elementor-type=\"wp-page\" data-elementor-id=\"33585\" class=\"elementor elementor-33585 elementor-33583\" data-elementor-post-type=\"page\">\n\t\t\t\t<div class=\"elementor-element elementor-element-881ecfb e-flex e-con-boxed e-con e-child\" data-id=\"881ecfb\" data-element_type=\"container\" data-settings=\"{&quot;background_background&quot;:&quot;classic&quot;}\">\n\t\t\t\t\t<div class=\"e-con-inner\">\n\t\t\t\t<div class=\"elementor-element elementor-element-0e5ba53 elementor-widget__width-initial elementor-widget elementor-widget-heading\" data-id=\"0e5ba53\" data-element_type=\"widget\" data-widget_type=\"heading.default\">\n\t\t\t\t<div class=\"elementor-widget-container\">\n\t\t\t\t\t<h1 class=\"elementor-heading-title elementor-size-default\">Prix Emballage &amp; \u00c9tiquette Empack Gand 2026<\/h1>\t\t\t\t<\/div>\n\t\t\t\t<\/div>\n\t\t\t\t<div class=\"elementor-element elementor-element-f713bc4 elementor-widget elementor-widget-heading\" data-id=\"f713bc4\" data-element_type=\"widget\" data-widget_type=\"heading.default\">\n\t\t\t\t<div class=\"elementor-widget-container\">\n\t\t\t\t\t<h2 class=\"elementor-heading-title elementor-size-default\">22 septembre 2026<\/h2>\t\t\t\t<\/div>\n\t\t\t\t<\/div>\n\t\t\t\t<div class=\"elementor-element elementor-element-04f4877 elementor-widget elementor-widget-button\" data-id=\"04f4877\" data-element_type=\"widget\" data-widget_type=\"button.default\">\n\t\t\t\t<div class=\"elementor-widget-container\">\n\t\t\t\t\t\t\t\t\t<div class=\"elementor-button-wrapper\">\n\t\t\t\t\t<a class=\"elementor-button elementor-button-link elementor-size-sm\" href=\"https:\/\/pmg.pmg.be\/NL\/VERPAKKING_LABEL_AWARDS\" target=\"_blank\">\n\t\t\t\t\t\t<span class=\"elementor-button-content-wrapper\">\n\t\t\t\t\t\t\t\t\t<span class=\"elementor-button-text\">Enregistrez-vous ici<\/span>\n\t\t\t\t\t<\/span>\n\t\t\t\t\t<\/a>\n\t\t\t\t<\/div>\n\t\t\t\t\t\t\t\t<\/div>\n\t\t\t\t<\/div>\n\t\t\t\t\t<\/div>\n\t\t\t\t<\/div>\n\t\t<div class=\"elementor-element elementor-element-58e0c4a e-flex e-con-boxed e-con e-parent\" data-id=\"58e0c4a\" data-element_type=\"container\" data-settings=\"{&quot;background_background&quot;:&quot;classic&quot;}\">\n\t\t\t\t\t<div class=\"e-con-inner\">\n\t\t<div class=\"elementor-element elementor-element-b4c71f7 e-con-full e-flex e-con e-child\" data-id=\"b4c71f7\" data-element_type=\"container\">\n\t\t<div class=\"elementor-element elementor-element-450b622 e-con-full e-flex e-con e-child\" data-id=\"450b622\" data-element_type=\"container\">\n\t\t<div class=\"elementor-element elementor-element-68ba693 e-con-full e-flex e-con e-child\" data-id=\"68ba693\" data-element_type=\"container\">\n\t\t\t\t<div class=\"elementor-element elementor-element-72bd6eb elementor-widget elementor-widget-text-editor\" data-id=\"72bd6eb\" data-element_type=\"widget\" data-widget_type=\"text-editor.default\">\n\t\t\t\t<div class=\"elementor-widget-container\">\n\t\t\t\t\t\t\t\t\t<p><strong>Le 22 septembre 2026<\/strong>, <strong>Empack<\/strong> et <strong>Verpakking &amp; Label Magazine<\/strong> organiseront les <strong>Verpakking &amp; Label Awards<\/strong>. Ce prix met \u00e0 l&rsquo;honneur les innovations les plus r\u00e9volutionnaires dans le secteur de l&#8217;emballage.<\/p>\n<p><strong>Les Verpakking &amp; Label Awards 2026<\/strong> r\u00e9compensent non seulement l&rsquo;innovation technologique, mais aussi la <strong>cr\u00e9ativit\u00e9<\/strong> et l&rsquo;<strong>esprit d&rsquo;entreprise<\/strong> des soci\u00e9t\u00e9s actives dans le secteur belge de l&#8217;emballage. Gr\u00e2ce \u00e0 leur place au sein d&rsquo;<strong>Empack Gand<\/strong>, ces prix constituent le croisement id\u00e9al entre <strong>expertise, innovation et pertinence commerciale.<\/strong><\/p>\n\t\t\t\t\t\t\t\t<\/div>\n\t\t\t\t<\/div>\n\t\t\t\t<\/div>\n\t\t<div class=\"elementor-element elementor-element-3d5b9c4 e-con-full e-flex e-con e-child\" data-id=\"3d5b9c4\" data-element_type=\"container\">\n\t\t\t\t<div class=\"elementor-element elementor-element-46b8401 elementor-widget elementor-widget-text-editor\" data-id=\"46b8401\" data-element_type=\"widget\" data-widget_type=\"text-editor.default\">\n\t\t\t\t<div class=\"elementor-widget-container\">\n\t\t\t\t\t\t\t\t\t<p>En collaboration avec :<\/p>\n\t\t\t\t\t\t\t\t<\/div>\n\t\t\t\t<\/div>\n\t\t\t\t<div class=\"elementor-element elementor-element-ce1f856 elementor-widget elementor-widget-image\" data-id=\"ce1f856\" data-element_type=\"widget\" data-widget_type=\"image.default\">\n\t\t\t\t<div class=\"elementor-widget-container\">\n\t\t\t\t\t\t\t\t\t\t\t\t\t\t\t\t<a href=\"https:\/\/pmg.pmg.be\/NL\/VERPAKKING_LABEL_AWARDS\" target=\"_blank\">\n\t\t\t\t\t\t\t<img decoding=\"async\" src=\"https:\/\/easyfairsassets.com\/sites\/351\/elementor\/thumbs\/477464_SIZE_400_400-ra8we9wmdhzewq5zx4ymhcxro83u14g4r9buffv1t4.jpg\" title=\"477464_SIZE_400_400\" alt=\"V&amp;L magazine\" loading=\"lazy\" \/>\t\t\t\t\t\t\t\t<\/a>\n\t\t\t\t\t\t\t\t\t\t\t\t\t\t\t<\/div>\n\t\t\t\t<\/div>\n\t\t\t\t<\/div>\n\t\t\t\t<\/div>\n\t\t\t\t<\/div>\n\t\t\t\t\t<\/div>\n\t\t\t\t<\/div>\n\t\t<div class=\"elementor-element elementor-element-aeaaf2e e-flex e-con-boxed e-con e-parent\" data-id=\"aeaaf2e\" data-element_type=\"container\" data-settings=\"{&quot;background_background&quot;:&quot;classic&quot;}\">\n\t\t\t\t\t<div class=\"e-con-inner\">\n\t\t<div class=\"elementor-element elementor-element-68ea75c e-flex e-con-boxed e-con e-child\" data-id=\"68ea75c\" data-element_type=\"container\" data-settings=\"{&quot;background_background&quot;:&quot;classic&quot;}\">\n\t\t\t\t\t<div class=\"e-con-inner\">\n\t\t\t\t<div class=\"elementor-element elementor-element-22225be elementor-widget elementor-widget-heading\" data-id=\"22225be\" data-element_type=\"widget\" data-widget_type=\"heading.default\">\n\t\t\t\t<div class=\"elementor-widget-container\">\n\t\t\t\t\t<h2 class=\"elementor-heading-title elementor-size-default\">3 Cat\u00e9gories<\/h2>\t\t\t\t<\/div>\n\t\t\t\t<\/div>\n\t\t<div class=\"elementor-element elementor-element-473a581 e-flex e-con-boxed e-con e-child\" data-id=\"473a581\" data-element_type=\"container\">\n\t\t\t\t\t<div class=\"e-con-inner\">\n\t\t<div class=\"elementor-element elementor-element-88e41dd e-grid e-con-full e-con e-child\" data-id=\"88e41dd\" data-element_type=\"container\">\n\t\t\t\t<div class=\"elementor-element elementor-element-44395d1 elementor-flip-box--effect-slide elementor-flip-box--direction-up elementor-widget elementor-widget-flip-box\" data-id=\"44395d1\" data-element_type=\"widget\" data-widget_type=\"flip-box.default\">\n\t\t\t\t<div class=\"elementor-widget-container\">\n\t\t\t\t\t\t\t<div class=\"elementor-flip-box\" tabindex=\"0\">\n\t\t\t<div class=\"elementor-flip-box__layer elementor-flip-box__front\">\n\t\t\t\t<div class=\"elementor-flip-box__layer__overlay\">\n\t\t\t\t\t<div class=\"elementor-flip-box__layer__inner\">\n\t\t\t\t\t\t\t\t\t\t\t\t\t<div class=\"elementor-icon-wrapper elementor-view-default\">\n\t\t\t\t\t\t\t\t<div class=\"elementor-icon\">\n\t\t\t\t\t\t\t\t\t\t\t\t\t\t\t\t\t<\/div>\n\t\t\t\t\t\t\t<\/div>\n\t\t\t\t\t\t\n\t\t\t\t\t\t\t\t\t\t\t\t\t<h3 class=\"elementor-flip-box__layer__title\">\n\t\t\t\t\t\t\t\t1. <br>Emballage \/ mat\u00e9riau d'emballage le plus innovant\t\t\t\t\t\t\t<\/h3>\n\t\t\t\t\t\t\n\t\t\t\t\t\t\t\t\t\t\t<\/div>\n\t\t\t\t<\/div>\n\t\t\t<\/div>\n\t\t\t<div class=\"elementor-flip-box__layer elementor-flip-box__back\">\n\t\t\t<div class=\"elementor-flip-box__layer__overlay\">\n\t\t\t\t<div class=\"elementor-flip-box__layer__inner\">\n\t\t\t\t\t\n\t\t\t\t\t\t\t\t\t\t\t<div class=\"elementor-flip-box__layer__description\">\n\t\t\t\t\t\t\tCe prix r\u00e9compense les emballages primaires, secondaires ou tertiaires innovants qui se distinguent par leur durabilit\u00e9, leur facilit\u00e9 d'utilisation, leur design ou leurs performances techniques.\t\t\t\t\t\t<\/div>\n\t\t\t\t\t\n\t\t\t\t\t\t\t\t<\/div>\n\t\t<\/div>\n\t\t<\/div>\n\t\t<\/div>\n\t\t\t\t\t\t<\/div>\n\t\t\t\t<\/div>\n\t\t\t\t<div class=\"elementor-element elementor-element-e0e1725 elementor-flip-box--effect-slide elementor-flip-box--direction-up elementor-widget elementor-widget-flip-box\" data-id=\"e0e1725\" data-element_type=\"widget\" data-widget_type=\"flip-box.default\">\n\t\t\t\t<div class=\"elementor-widget-container\">\n\t\t\t\t\t\t\t<div class=\"elementor-flip-box\" tabindex=\"0\">\n\t\t\t<div class=\"elementor-flip-box__layer elementor-flip-box__front\">\n\t\t\t\t<div class=\"elementor-flip-box__layer__overlay\">\n\t\t\t\t\t<div class=\"elementor-flip-box__layer__inner\">\n\t\t\t\t\t\t\t\t\t\t\t\t\t<div class=\"elementor-icon-wrapper elementor-view-default\">\n\t\t\t\t\t\t\t\t<div class=\"elementor-icon\">\n\t\t\t\t\t\t\t\t\t\t\t\t\t\t\t\t\t<\/div>\n\t\t\t\t\t\t\t<\/div>\n\t\t\t\t\t\t\n\t\t\t\t\t\t\t\t\t\t\t\t\t<h3 class=\"elementor-flip-box__layer__title\">\n\t\t\t\t\t\t\t\t2. <br> \u00c9tiquette <br> la plus innovante\t\t\t\t\t\t\t<\/h3>\n\t\t\t\t\t\t\n\t\t\t\t\t\t\t\t\t\t\t<\/div>\n\t\t\t\t<\/div>\n\t\t\t<\/div>\n\t\t\t<div class=\"elementor-flip-box__layer elementor-flip-box__back\">\n\t\t\t<div class=\"elementor-flip-box__layer__overlay\">\n\t\t\t\t<div class=\"elementor-flip-box__layer__inner\">\n\t\t\t\t\t\n\t\t\t\t\t\t\t\t\t\t\t<div class=\"elementor-flip-box__layer__description\">\n\t\t\t\t\t\t\tPour les \u00e9tiquettes qui font plus qu'informer : intelligentes, durables, fonctionnelles ou visuellement distinctives.\t\t\t\t\t\t<\/div>\n\t\t\t\t\t\n\t\t\t\t\t\t\t\t<\/div>\n\t\t<\/div>\n\t\t<\/div>\n\t\t<\/div>\n\t\t\t\t\t\t<\/div>\n\t\t\t\t<\/div>\n\t\t\t\t<div class=\"elementor-element elementor-element-8203fe4 elementor-flip-box--effect-slide elementor-flip-box--direction-up elementor-widget elementor-widget-flip-box\" data-id=\"8203fe4\" data-element_type=\"widget\" data-widget_type=\"flip-box.default\">\n\t\t\t\t<div class=\"elementor-widget-container\">\n\t\t\t\t\t\t\t<div class=\"elementor-flip-box\" tabindex=\"0\">\n\t\t\t<div class=\"elementor-flip-box__layer elementor-flip-box__front\">\n\t\t\t\t<div class=\"elementor-flip-box__layer__overlay\">\n\t\t\t\t\t<div class=\"elementor-flip-box__layer__inner\">\n\t\t\t\t\t\t\t\t\t\t\t\t\t<div class=\"elementor-icon-wrapper elementor-view-default\">\n\t\t\t\t\t\t\t\t<div class=\"elementor-icon\">\n\t\t\t\t\t\t\t\t\t\t\t\t\t\t\t\t\t<\/div>\n\t\t\t\t\t\t\t<\/div>\n\t\t\t\t\t\t\n\t\t\t\t\t\t\t\t\t\t\t\t\t<h3 class=\"elementor-flip-box__layer__title\">\n\t\t\t\t\t\t\t\t3. <br>La machine d'emballage la plus innovante\t\t\t\t\t\t\t<\/h3>\n\t\t\t\t\t\t\n\t\t\t\t\t\t\t\t\t\t\t<\/div>\n\t\t\t\t<\/div>\n\t\t\t<\/div>\n\t\t\t<div class=\"elementor-flip-box__layer elementor-flip-box__back\">\n\t\t\t<div class=\"elementor-flip-box__layer__overlay\">\n\t\t\t\t<div class=\"elementor-flip-box__layer__inner\">\n\t\t\t\t\t\n\t\t\t\t\t\t\t\t\t\t\t<div class=\"elementor-flip-box__layer__description\">\n\t\t\t\t\t\t\tCe prix r\u00e9compense les machines et technologies qui am\u00e9liorent le processus d'emballage gr\u00e2ce \u00e0 l'automatisation, la flexibilit\u00e9, la durabilit\u00e9 ou la num\u00e9risation.\t\t\t\t\t\t<\/div>\n\t\t\t\t\t\n\t\t\t\t\t\t\t\t<\/div>\n\t\t<\/div>\n\t\t<\/div>\n\t\t<\/div>\n\t\t\t\t\t\t<\/div>\n\t\t\t\t<\/div>\n\t\t\t\t<\/div>\n\t\t<div class=\"elementor-element elementor-element-78e5043 e-con-full e-flex e-con e-child\" data-id=\"78e5043\" data-element_type=\"container\">\n\t\t\t\t<\/div>\n\t\t\t\t\t<\/div>\n\t\t\t\t<\/div>\n\t\t\t\t\t<\/div>\n\t\t\t\t<\/div>\n\t\t<div class=\"elementor-element elementor-element-0b0d7f1 e-con-full e-flex e-con e-child\" data-id=\"0b0d7f1\" data-element_type=\"container\">\n\t\t\t\t<div class=\"elementor-element elementor-element-cd56b9f elementor-widget elementor-widget-heading\" data-id=\"cd56b9f\" data-element_type=\"widget\" data-widget_type=\"heading.default\">\n\t\t\t\t<div class=\"elementor-widget-container\">\n\t\t\t\t\t<h3 class=\"elementor-heading-title elementor-size-default\">\u00c0 qui s'adressent les Awards ?<\/h3>\t\t\t\t<\/div>\n\t\t\t\t<\/div>\n\t\t\t\t<div class=\"elementor-element elementor-element-6096527 elementor-widget elementor-widget-text-editor\" data-id=\"6096527\" data-element_type=\"widget\" data-widget_type=\"text-editor.default\">\n\t\t\t\t<div class=\"elementor-widget-container\">\n\t\t\t\t\t\t\t\t\t<p>Les Packaging &amp; Label Awards sont ouverts aux propri\u00e9taires de marques, designers, fournisseurs et fabricants d&#8217;emballages, d&rsquo;\u00e9tiquettes et de machines d&#8217;emballage actifs sur le march\u00e9 belge. Toutes les innovations inscrites doivent \u00eatre commercialement disponibles en Belgique et avoir \u00e9t\u00e9 lanc\u00e9es apr\u00e8s le 1er janvier 2025.<\/p>\n\t\t\t\t\t\t\t\t<\/div>\n\t\t\t\t<\/div>\n\t\t\t\t<\/div>\n\t\t\t\t\t<\/div>\n\t\t\t\t<\/div>\n\t\t<div class=\"elementor-element elementor-element-0594b06 e-flex e-con-boxed e-con e-parent\" data-id=\"0594b06\" data-element_type=\"container\" data-settings=\"{&quot;background_background&quot;:&quot;classic&quot;}\">\n\t\t\t\t\t<div class=\"e-con-inner\">\n\t\t<div class=\"elementor-element elementor-element-47f18b1 e-flex e-con-boxed e-con e-child\" data-id=\"47f18b1\" data-element_type=\"container\" data-settings=\"{&quot;background_background&quot;:&quot;classic&quot;}\">\n\t\t\t\t\t<div class=\"e-con-inner\">\n\t\t<div class=\"elementor-element elementor-element-04e40a1 e-con-full e-flex e-con e-child\" data-id=\"04e40a1\" data-element_type=\"container\">\n\t\t\t\t<div class=\"elementor-element elementor-element-dafc9b0 elementor-widget elementor-widget-heading\" data-id=\"dafc9b0\" data-element_type=\"widget\" data-widget_type=\"heading.default\">\n\t\t\t\t<div class=\"elementor-widget-container\">\n\t\t\t\t\t<h2 class=\"elementor-heading-title elementor-size-default\">Remise des prix<\/h2>\t\t\t\t<\/div>\n\t\t\t\t<\/div>\n\t\t\t\t<div class=\"elementor-element elementor-element-a4a8ad3 elementor-widget elementor-widget-heading\" data-id=\"a4a8ad3\" data-element_type=\"widget\" data-widget_type=\"heading.default\">\n\t\t\t\t<div class=\"elementor-widget-container\">\n\t\t\t\t\t<h4 class=\"elementor-heading-title elementor-size-default\">22 septembre 2026<\/h4>\t\t\t\t<\/div>\n\t\t\t\t<\/div>\n\t\t\t\t<div class=\"elementor-element elementor-element-eac08b1 elementor-widget elementor-widget-text-editor\" data-id=\"eac08b1\" data-element_type=\"widget\" data-widget_type=\"text-editor.default\">\n\t\t\t\t<div class=\"elementor-widget-container\">\n\t\t\t\t\t\t\t\t\t<p>La remise des prix des Packaging &amp; Label Awards 2026 sera le point d&rsquo;orgue id\u00e9al de l&rsquo;Empack Gand 2026. Elle sera suivie d&rsquo;un moment de r\u00e9seautage autour d&rsquo;un verre et de quelques amuse-bouches.<\/p>\n\t\t\t\t\t\t\t\t<\/div>\n\t\t\t\t<\/div>\n\t\t\t\t<div class=\"elementor-element elementor-element-8278535 elementor-widget elementor-widget-image\" data-id=\"8278535\" data-element_type=\"widget\" data-widget_type=\"image.default\">\n\t\t\t\t<div class=\"elementor-widget-container\">\n\t\t\t\t\t\t\t\t\t\t\t\t\t\t\t<img fetchpriority=\"high\" decoding=\"async\" width=\"768\" height=\"512\" src=\"https:\/\/easyfairsassets.com\/sites\/351\/2026\/02\/54885584013_549e85c6c0_k-768x512.jpg\" class=\"attachment-medium_large size-medium_large wp-image-57403\" alt=\"\" srcset=\"https:\/\/easyfairsassets.com\/sites\/351\/2026\/02\/54885584013_549e85c6c0_k-768x512.jpg 768w, https:\/\/easyfairsassets.com\/sites\/351\/2026\/02\/54885584013_549e85c6c0_k-300x200.jpg 300w, https:\/\/easyfairsassets.com\/sites\/351\/2026\/02\/54885584013_549e85c6c0_k-1024x683.jpg 1024w, https:\/\/easyfairsassets.com\/sites\/351\/2026\/02\/54885584013_549e85c6c0_k-1536x1025.jpg 1536w, https:\/\/easyfairsassets.com\/sites\/351\/2026\/02\/54885584013_549e85c6c0_k.jpg 2048w\" sizes=\"(max-width: 768px) 100vw, 768px\" \/>\t\t\t\t\t\t\t\t\t\t\t\t\t\t\t<\/div>\n\t\t\t\t<\/div>\n\t\t\t\t<div class=\"elementor-element elementor-element-a2c17b3 elementor-widget elementor-widget-heading\" data-id=\"a2c17b3\" data-element_type=\"widget\" data-widget_type=\"heading.default\">\n\t\t\t\t<div class=\"elementor-widget-container\">\n\t\t\t\t\t<h3 class=\"elementor-heading-title elementor-size-default\">Reconnaissance<\/h3>\t\t\t\t<\/div>\n\t\t\t\t<\/div>\n\t\t\t\t<div class=\"elementor-element elementor-element-56a071d elementor-widget elementor-widget-text-editor\" data-id=\"56a071d\" data-element_type=\"widget\" data-widget_type=\"text-editor.default\">\n\t\t\t\t<div class=\"elementor-widget-container\">\n\t\t\t\t\t\t\t\t\tLors des <strong>Packaging &amp; Label Awards 2026<\/strong>, chaque nomin\u00e9 aura la possibilit\u00e9 de remporter deux distinctions :<br><ul>\r\n \t<li>Le <strong>Certificat du Jury<\/strong>, d\u00e9cern\u00e9 par un jury ind\u00e9pendant compos\u00e9 d&rsquo;experts.<\/li>\r\n \t<li>Le <strong>Certificat du Public<\/strong>, d\u00e9termin\u00e9 par les votes du public via la newsletter du magazine Emballage &amp; \u00c9tiquette et en direct sur <strong>Empack<\/strong>.<\/li>\r\n<\/ul><br>Outre le certificat d&rsquo;innovation, les laur\u00e9ats recevront \u00e9galement un <strong>label de qualit\u00e9 exclusif<\/strong>, un puissant outil marketing qui souligne leur force d&rsquo;innovation et leur savoir-faire et qui peut \u00eatre largement utilis\u00e9 dans la communication avec les clients, les partenaires et le secteur.<br><br>\u00c0 l&rsquo;approche du salon, tous les nomin\u00e9s seront pr\u00e9sent\u00e9s en d\u00e9tail dans les newsletters du magazine Verpakking &amp; Label, avec des photos claires, des informations sur les produits et un lien direct vers le formulaire de vote.\t\t\t\t\t\t\t\t<\/div>\n\t\t\t\t<\/div>\n\t\t\t\t<div class=\"elementor-element elementor-element-1dd5c47 elementor-widget elementor-widget-text-editor\" data-id=\"1dd5c47\" data-element_type=\"widget\" data-widget_type=\"text-editor.default\">\n\t\t\t\t<div class=\"elementor-widget-container\">\n\t\t\t\t\t\t\t\t\tOutre le certificat d&rsquo;innovation, les laur\u00e9ats recevront \u00e9galement un <strong>label de qualit\u00e9 exclusif<\/strong>, un puissant outil marketing qui souligne leur capacit\u00e9 d&rsquo;innovation et leur savoir-faire et qui peut \u00eatre largement utilis\u00e9 dans la communication avec les clients, les partenaires et le secteur.<br><br>\u00c0 l&rsquo;approche du salon, tous les nomin\u00e9s seront pr\u00e9sent\u00e9s en d\u00e9tail dans les newsletters du magazine Verpakking &amp; Label, avec des photos claires, des informations sur les produits et un lien direct vers le formulaire de vote.\t\t\t\t\t\t\t\t<\/div>\n\t\t\t\t<\/div>\n\t\t\t\t<\/div>\n\t\t\t\t\t<\/div>\n\t\t\t\t<\/div>\n\t\t\t\t\t<\/div>\n\t\t\t\t<\/div>\n\t\t\t\t<\/div>\n\t\t","protected":false},"excerpt":{"rendered":"<p>Prix Emballage &amp; \u00c9tiquette Empack Gand 2026 22 septembre 2026 Enregistrez-vous ici Le 22 septembre 2026, Empack et Verpakking &amp; Label Magazine organiseront les Verpakking &amp; Label Awards. Ce prix met \u00e0 l&rsquo;honneur les innovations les plus r\u00e9volutionnaires dans le secteur de l&#8217;emballage. Les Verpakking &amp; Label Awards 2026 r\u00e9compensent non seulement l&rsquo;innovation technologique, mais [&hellip;]<\/p>\n","protected":false},"author":949,"featured_media":0,"parent":56985,"menu_order":9,"comment_status":"closed","ping_status":"closed","template":"","meta":{"_seopress_robots_primary_cat":"","_seopress_titles_title":"D\u00e9couvrez le programme | Empack Gand 2026","_seopress_titles_desc":"Deux jours consacr\u00e9s \u00e0 l'innovation et au r\u00e9seautage \u00e0 Empack. D\u00e9couvrez des sessions interactives, des d\u00e9monstrations en direct et les derni\u00e8res tendances en mati\u00e8re d'emballage, d'automatisation et de durabilit\u00e9.","_seopress_robots_index":"","footnotes":""},"class_list":["post-33585","page","type-page","status-publish","hentry"],"_links":{"self":[{"href":"https:\/\/www.empack.be\/fr\/wp-json\/wp\/v2\/pages\/33585","targetHints":{"allow":["GET"]}}],"collection":[{"href":"https:\/\/www.empack.be\/fr\/wp-json\/wp\/v2\/pages"}],"about":[{"href":"https:\/\/www.empack.be\/fr\/wp-json\/wp\/v2\/types\/page"}],"author":[{"embeddable":true,"href":"https:\/\/www.empack.be\/fr\/wp-json\/wp\/v2\/users\/949"}],"replies":[{"embeddable":true,"href":"https:\/\/www.empack.be\/fr\/wp-json\/wp\/v2\/comments?post=33585"}],"version-history":[{"count":5,"href":"https:\/\/www.empack.be\/fr\/wp-json\/wp\/v2\/pages\/33585\/revisions"}],"predecessor-version":[{"id":57715,"href":"https:\/\/www.empack.be\/fr\/wp-json\/wp\/v2\/pages\/33585\/revisions\/57715"}],"up":[{"embeddable":true,"href":"https:\/\/www.empack.be\/fr\/wp-json\/wp\/v2\/pages\/56985"}],"wp:attachment":[{"href":"https:\/\/www.empack.be\/fr\/wp-json\/wp\/v2\/media?parent=33585"}],"curies":[{"name":"wp","href":"https:\/\/api.w.org\/{rel}","templated":true}]}}