{"id":25412,"date":"2025-05-15T12:20:23","date_gmt":"2025-05-15T11:20:23","guid":{"rendered":"https:\/\/www.empack.be\/mechelen-2025\/programme-empack\/service-pack-pavilion\/"},"modified":"2026-02-12T15:07:07","modified_gmt":"2026-02-12T14:07:07","slug":"service-pack-pavilion","status":"publish","type":"page","link":"https:\/\/www.empack.be\/fr\/gent-2026\/programme\/service-pack-pavilion\/","title":{"rendered":"Service Pack Pavilion"},"content":{"rendered":"\t\t<div data-elementor-type=\"wp-page\" data-elementor-id=\"25412\" class=\"elementor elementor-25412 elementor-25240\" data-elementor-post-type=\"page\">\n\t\t\t\t<div class=\"elementor-element elementor-element-7d64bb8 e-flex e-con-boxed e-con e-child\" data-id=\"7d64bb8\" data-element_type=\"container\" data-settings=\"{&quot;background_background&quot;:&quot;classic&quot;}\">\n\t\t\t\t\t<div class=\"e-con-inner\">\n\t\t\t\t<div class=\"elementor-element elementor-element-9068a92 elementor-widget__width-initial elementor-widget elementor-widget-heading\" data-id=\"9068a92\" data-element_type=\"widget\" data-widget_type=\"heading.default\">\n\t\t\t\t<div class=\"elementor-widget-container\">\n\t\t\t\t\t<h1 class=\"elementor-heading-title elementor-size-default\">Service Pack Pavilion <\/h1>\t\t\t\t<\/div>\n\t\t\t\t<\/div>\n\t\t\t\t\t<\/div>\n\t\t\t\t<\/div>\n\t\t<div class=\"elementor-element elementor-element-94a30a4 e-flex e-con-boxed e-con e-parent\" data-id=\"94a30a4\" data-element_type=\"container\" data-settings=\"{&quot;background_background&quot;:&quot;classic&quot;}\">\n\t\t\t\t\t<div class=\"e-con-inner\">\n\t\t<div class=\"elementor-element elementor-element-07816ab e-flex e-con-boxed e-con e-child\" data-id=\"07816ab\" data-element_type=\"container\">\n\t\t\t\t\t<div class=\"e-con-inner\">\n\t\t<div class=\"elementor-element elementor-element-623fe63 e-flex e-con-boxed e-con e-child\" data-id=\"623fe63\" data-element_type=\"container\" data-settings=\"{&quot;background_background&quot;:&quot;classic&quot;}\">\n\t\t\t\t\t<div class=\"e-con-inner\">\n\t\t<div class=\"elementor-element elementor-element-f884ffc e-flex e-con-boxed e-con e-child\" data-id=\"f884ffc\" data-element_type=\"container\">\n\t\t\t\t\t<div class=\"e-con-inner\">\n\t\t\t\t<div class=\"elementor-element elementor-element-496e0ba elementor-widget elementor-widget-heading\" data-id=\"496e0ba\" data-element_type=\"widget\" data-widget_type=\"heading.default\">\n\t\t\t\t<div class=\"elementor-widget-container\">\n\t\t\t\t\t<h2 class=\"elementor-heading-title elementor-size-default\">Le point de rencontre pour les services de soutien \u00e0 l\u2019industrie de l\u2019emballage<\/h2>\t\t\t\t<\/div>\n\t\t\t\t<\/div>\n\t\t\t\t<div class=\"elementor-element elementor-element-b3c9ca0 elementor-widget elementor-widget-text-editor\" data-id=\"b3c9ca0\" data-element_type=\"widget\" data-widget_type=\"text-editor.default\">\n\t\t\t\t<div class=\"elementor-widget-container\">\n\t\t\t\t\t\t\t\t\t<p>Dans le Service Pack Pavilion, d\u00e9couvrez les partenaires de service \u2014 <strong>entreprises de travail adapt\u00e9, agences d\u2019int\u00e9rim, experts en logistique<\/strong> \u2014 qui renforcent chaque jour le secteur de l\u2019emballage.<\/p>\n\t\t\t\t\t\t\t\t<\/div>\n\t\t\t\t<\/div>\n\t\t\t\t\t<\/div>\n\t\t\t\t<\/div>\n\t\t<div class=\"elementor-element elementor-element-55fc3da e-flex e-con-boxed e-con e-child\" data-id=\"55fc3da\" data-element_type=\"container\" data-settings=\"{&quot;background_background&quot;:&quot;classic&quot;}\">\n\t\t\t\t\t<div class=\"e-con-inner\">\n\t\t\t\t\t<\/div>\n\t\t\t\t<\/div>\n\t\t\t\t\t<\/div>\n\t\t\t\t<\/div>\n\t\t\t\t\t<\/div>\n\t\t\t\t<\/div>\n\t\t\t\t\t<\/div>\n\t\t\t\t<\/div>\n\t\t<div class=\"elementor-element elementor-element-8f479c9 e-flex e-con-boxed e-con e-parent\" data-id=\"8f479c9\" data-element_type=\"container\" data-settings=\"{&quot;background_background&quot;:&quot;classic&quot;}\">\n\t\t\t\t\t<div class=\"e-con-inner\">\n\t\t<div class=\"elementor-element elementor-element-081d360 e-flex e-con-boxed e-con e-child\" data-id=\"081d360\" data-element_type=\"container\">\n\t\t\t\t\t<div class=\"e-con-inner\">\n\t\t<div class=\"elementor-element elementor-element-86097c0 e-grid e-con-boxed e-con e-child\" data-id=\"86097c0\" data-element_type=\"container\">\n\t\t\t\t\t<div class=\"e-con-inner\">\n\t\t<div class=\"elementor-element elementor-element-61eb36d e-flex e-con-boxed e-con e-child\" data-id=\"61eb36d\" data-element_type=\"container\" data-settings=\"{&quot;background_background&quot;:&quot;classic&quot;}\">\n\t\t\t\t\t<div class=\"e-con-inner\">\n\t\t<div class=\"elementor-element elementor-element-c214d7a e-con-full e-flex e-con e-child\" data-id=\"c214d7a\" data-element_type=\"container\">\n\t\t\t\t<div class=\"elementor-element elementor-element-2aeb711 elementor-widget__width-inherit elementor-widget elementor-widget-heading\" data-id=\"2aeb711\" data-element_type=\"widget\" data-widget_type=\"heading.default\">\n\t\t\t\t<div class=\"elementor-widget-container\">\n\t\t\t\t\t<h2 class=\"elementor-heading-title elementor-size-default\">Pour les visiteurs<\/h2>\t\t\t\t<\/div>\n\t\t\t\t<\/div>\n\t\t\t\t<div class=\"elementor-element elementor-element-646752a elementor-widget elementor-widget-text-editor\" data-id=\"646752a\" data-element_type=\"widget\" data-widget_type=\"text-editor.default\">\n\t\t\t\t<div class=\"elementor-widget-container\">\n\t\t\t\t\t\t\t\t\t<p>\u00c0 la recherche de partenaires fiables dans les services li\u00e9s \u00e0 l\u2019emballage ?<br \/>D\u00e9couvrez des entreprises sp\u00e9cialis\u00e9es dans :<\/p>\n<p>\u2714\ufe0f L\u2019emballage \u00e0 fa\u00e7on<br \/>\u2714\ufe0f Le placement de personnel &amp; le soutien logistique<br \/>\u2714\ufe0f Des services personnalis\u00e9s li\u00e9s \u00e0 l\u2019emballage<\/p>\n<p><strong>Id\u00e9al pour les acheteurs, responsables production et profils logistiques.<\/strong><\/p>\n\t\t\t\t\t\t\t\t<\/div>\n\t\t\t\t<\/div>\n\t\t\t\t<\/div>\n\t\t\t\t\t<\/div>\n\t\t\t\t<\/div>\n\t\t<div class=\"elementor-element elementor-element-5001285 e-flex e-con-boxed e-con e-child\" data-id=\"5001285\" data-element_type=\"container\" data-settings=\"{&quot;background_background&quot;:&quot;classic&quot;}\">\n\t\t\t\t\t<div class=\"e-con-inner\">\n\t\t<div class=\"elementor-element elementor-element-8e5b8f7 e-con-full e-flex e-con e-child\" data-id=\"8e5b8f7\" data-element_type=\"container\">\n\t\t\t\t<div class=\"elementor-element elementor-element-3c86b1c elementor-widget__width-inherit elementor-widget elementor-widget-heading\" data-id=\"3c86b1c\" data-element_type=\"widget\" data-widget_type=\"heading.default\">\n\t\t\t\t<div class=\"elementor-widget-container\">\n\t\t\t\t\t<h2 class=\"elementor-heading-title elementor-size-default\">Pour les exposants<\/h2>\t\t\t\t<\/div>\n\t\t\t\t<\/div>\n\t\t\t\t<div class=\"elementor-element elementor-element-f216cf4 elementor-widget elementor-widget-text-editor\" data-id=\"f216cf4\" data-element_type=\"widget\" data-widget_type=\"text-editor.default\">\n\t\t\t\t<div class=\"elementor-widget-container\">\n\t\t\t\t\t\t\t\t\t<p>Vous \u00eates une entreprise de services pour l\u2019emballage ?<br \/>Ce pavillon est l\u2019endroit id\u00e9al pour rendre vos services visibles.<\/p>\n<p>\u2714\ufe0f Formule all-in abordable<br \/>\u2714\ufe0f Participation sans souci avec une visibilit\u00e9 maximale<br \/>\u2714\ufe0f Public cibl\u00e9 de l\u2019industrie<\/p>\n<p><strong>Nombre de places limit\u00e9.<\/strong><\/p>\n\t\t\t\t\t\t\t\t<\/div>\n\t\t\t\t<\/div>\n\t\t\t\t<\/div>\n\t\t\t\t\t<\/div>\n\t\t\t\t<\/div>\n\t\t\t\t\t<\/div>\n\t\t\t\t<\/div>\n\t\t\t\t\t<\/div>\n\t\t\t\t<\/div>\n\t\t\t\t\t<\/div>\n\t\t\t\t<\/div>\n\t\t<div class=\"elementor-element elementor-element-ba6ec33 e-flex e-con-boxed e-con e-parent\" data-id=\"ba6ec33\" data-element_type=\"container\" data-settings=\"{&quot;background_background&quot;:&quot;classic&quot;}\">\n\t\t\t\t\t<div class=\"e-con-inner\">\n\t\t<div class=\"elementor-element elementor-element-8fb8917 e-flex e-con-boxed e-con e-child\" data-id=\"8fb8917\" data-element_type=\"container\">\n\t\t\t\t\t<div class=\"e-con-inner\">\n\t\t\t\t<div class=\"elementor-element elementor-element-44f4d34 elementor-widget elementor-widget-heading\" data-id=\"44f4d34\" data-element_type=\"widget\" data-widget_type=\"heading.default\">\n\t\t\t\t<div class=\"elementor-widget-container\">\n\t\t\t\t\t<h2 class=\"elementor-heading-title elementor-size-default\">Int\u00e9ress\u00e9 ou des questions ?<\/h2>\t\t\t\t<\/div>\n\t\t\t\t<\/div>\n\t\t\t\t\t<\/div>\n\t\t\t\t<\/div>\n\t\t<div class=\"elementor-element elementor-element-ef5613f e-flex e-con-boxed e-con e-child\" data-id=\"ef5613f\" data-element_type=\"container\" data-settings=\"{&quot;background_background&quot;:&quot;classic&quot;}\">\n\t\t\t\t\t<div class=\"e-con-inner\">\n\t\t<div class=\"elementor-element elementor-element-e6a44c6 e-grid e-con-boxed e-con e-child\" data-id=\"e6a44c6\" data-element_type=\"container\">\n\t\t\t\t\t<div class=\"e-con-inner\">\n\t\t<div class=\"elementor-element elementor-element-36dd216 e-con-full e-flex e-con e-child\" data-id=\"36dd216\" data-element_type=\"container\" data-settings=\"{&quot;background_background&quot;:&quot;classic&quot;}\">\n\t\t<div class=\"elementor-element elementor-element-e12d486 e-con-full e-flex e-con e-child\" data-id=\"e12d486\" data-element_type=\"container\">\n\t\t\t\t<div class=\"elementor-element elementor-element-b123ecc elementor-widget elementor-widget-image\" data-id=\"b123ecc\" data-element_type=\"widget\" data-widget_type=\"image.default\">\n\t\t\t\t<div class=\"elementor-widget-container\">\n\t\t\t\t\t\t\t\t\t\t\t\t\t\t\t<img fetchpriority=\"high\" decoding=\"async\" width=\"389\" height=\"600\" src=\"https:\/\/easyfairsassets.com\/sites\/351\/2025\/05\/Untitled-600-\u00d7-600-px-2.png\" class=\"attachment-medium_large size-medium_large wp-image-24364\" alt=\"\" srcset=\"https:\/\/easyfairsassets.com\/sites\/351\/2025\/05\/Untitled-600-\u00d7-600-px-2.png 389w, https:\/\/easyfairsassets.com\/sites\/351\/2025\/05\/Untitled-600-\u00d7-600-px-2-195x300.png 195w\" sizes=\"(max-width: 389px) 100vw, 389px\" \/>\t\t\t\t\t\t\t\t\t\t\t\t\t\t\t<\/div>\n\t\t\t\t<\/div>\n\t\t\t\t<div class=\"elementor-element elementor-element-cb04ecd elementor-widget elementor-widget-text-editor\" data-id=\"cb04ecd\" data-element_type=\"widget\" data-widget_type=\"text-editor.default\">\n\t\t\t\t<div class=\"elementor-widget-container\">\n\t\t\t\t\t\t\t\t\t<p><b>Oihane Larrea-Betolaza<br \/><\/b>Account Manager<br \/><span class=\"OYPEnA font-feature-liga-off font-feature-clig-off font-feature-calt-off text-decoration-none text-strikethrough-none\">T +32 3 280 53 81<\/span><\/p>\n\t\t\t\t\t\t\t\t<\/div>\n\t\t\t\t<\/div>\n\t\t\t\t<div class=\"elementor-element elementor-element-6b71043 elementor-widget elementor-widget-button\" data-id=\"6b71043\" data-element_type=\"widget\" data-widget_type=\"button.default\">\n\t\t\t\t<div class=\"elementor-widget-container\">\n\t\t\t\t\t\t\t\t\t<div class=\"elementor-button-wrapper\">\n\t\t\t\t\t<a class=\"elementor-button elementor-button-link elementor-size-sm\" href=\"mailto:%20oihane.larreabetolaza@easyfairs.com\">\n\t\t\t\t\t\t<span class=\"elementor-button-content-wrapper\">\n\t\t\t\t\t\t<span class=\"elementor-button-icon\">\n\t\t\t\t<svg aria-hidden=\"true\" class=\"e-font-icon-svg e-fas-arrow-right\" viewBox=\"0 0 448 512\" xmlns=\"http:\/\/www.w3.org\/2000\/svg\"><path d=\"M190.5 66.9l22.2-22.2c9.4-9.4 24.6-9.4 33.9 0L441 239c9.4 9.4 9.4 24.6 0 33.9L246.6 467.3c-9.4 9.4-24.6 9.4-33.9 0l-22.2-22.2c-9.5-9.5-9.3-25 .4-34.3L311.4 296H24c-13.3 0-24-10.7-24-24v-32c0-13.3 10.7-24 24-24h287.4L190.9 101.2c-9.8-9.3-10-24.8-.4-34.3z\"><\/path><\/svg>\t\t\t<\/span>\n\t\t\t\t\t\t\t\t\t<span class=\"elementor-button-text\">Contactez Oihane<\/span>\n\t\t\t\t\t<\/span>\n\t\t\t\t\t<\/a>\n\t\t\t\t<\/div>\n\t\t\t\t\t\t\t\t<\/div>\n\t\t\t\t<\/div>\n\t\t\t\t<\/div>\n\t\t\t\t<\/div>\n\t\t<div class=\"elementor-element elementor-element-c2ab24c e-con-full e-flex e-con e-child\" data-id=\"c2ab24c\" data-element_type=\"container\" data-settings=\"{&quot;background_background&quot;:&quot;classic&quot;}\">\n\t\t<div class=\"elementor-element elementor-element-06aabd5 e-con-full e-flex e-con e-child\" data-id=\"06aabd5\" data-element_type=\"container\">\n\t\t\t\t<div class=\"elementor-element elementor-element-22e09fc elementor-widget elementor-widget-image\" data-id=\"22e09fc\" data-element_type=\"widget\" data-widget_type=\"image.default\">\n\t\t\t\t<div class=\"elementor-widget-container\">\n\t\t\t\t\t\t\t\t\t\t\t\t\t\t\t<img decoding=\"async\" width=\"550\" height=\"571\" src=\"https:\/\/easyfairsassets.com\/sites\/351\/2025\/08\/Esma-profielfoto.jpeg\" class=\"attachment-medium_large size-medium_large wp-image-32701\" alt=\"\" srcset=\"https:\/\/easyfairsassets.com\/sites\/351\/2025\/08\/Esma-profielfoto.jpeg 550w, https:\/\/easyfairsassets.com\/sites\/351\/2025\/08\/Esma-profielfoto-289x300.jpeg 289w\" sizes=\"(max-width: 550px) 100vw, 550px\" \/>\t\t\t\t\t\t\t\t\t\t\t\t\t\t\t<\/div>\n\t\t\t\t<\/div>\n\t\t\t\t<div class=\"elementor-element elementor-element-c37261c elementor-widget elementor-widget-text-editor\" data-id=\"c37261c\" data-element_type=\"widget\" data-widget_type=\"text-editor.default\">\n\t\t\t\t<div class=\"elementor-widget-container\">\n\t\t\t\t\t\t\t\t\t<p><b>Esma Mujagic<br \/><\/b>Account Manager<br \/>T +32 (0)471 63 48 61<\/p>\n\t\t\t\t\t\t\t\t<\/div>\n\t\t\t\t<\/div>\n\t\t\t\t<div class=\"elementor-element elementor-element-56cdc96 elementor-widget elementor-widget-button\" data-id=\"56cdc96\" data-element_type=\"widget\" data-widget_type=\"button.default\">\n\t\t\t\t<div class=\"elementor-widget-container\">\n\t\t\t\t\t\t\t\t\t<div class=\"elementor-button-wrapper\">\n\t\t\t\t\t<a class=\"elementor-button elementor-button-link elementor-size-sm\" href=\"mailto:%20Esma.Mujagic@easyfairs.com\">\n\t\t\t\t\t\t<span class=\"elementor-button-content-wrapper\">\n\t\t\t\t\t\t<span class=\"elementor-button-icon\">\n\t\t\t\t<svg aria-hidden=\"true\" class=\"e-font-icon-svg e-fas-arrow-right\" viewBox=\"0 0 448 512\" xmlns=\"http:\/\/www.w3.org\/2000\/svg\"><path d=\"M190.5 66.9l22.2-22.2c9.4-9.4 24.6-9.4 33.9 0L441 239c9.4 9.4 9.4 24.6 0 33.9L246.6 467.3c-9.4 9.4-24.6 9.4-33.9 0l-22.2-22.2c-9.5-9.5-9.3-25 .4-34.3L311.4 296H24c-13.3 0-24-10.7-24-24v-32c0-13.3 10.7-24 24-24h287.4L190.9 101.2c-9.8-9.3-10-24.8-.4-34.3z\"><\/path><\/svg>\t\t\t<\/span>\n\t\t\t\t\t\t\t\t\t<span class=\"elementor-button-text\">Contactez Esma<\/span>\n\t\t\t\t\t<\/span>\n\t\t\t\t\t<\/a>\n\t\t\t\t<\/div>\n\t\t\t\t\t\t\t\t<\/div>\n\t\t\t\t<\/div>\n\t\t\t\t<\/div>\n\t\t\t\t<\/div>\n\t\t\t\t\t<\/div>\n\t\t\t\t<\/div>\n\t\t\t\t\t<\/div>\n\t\t\t\t<\/div>\n\t\t\t\t\t<\/div>\n\t\t\t\t<\/div>\n\t\t\t\t<\/div>\n\t\t","protected":false},"excerpt":{"rendered":"<p>Service Pack Pavilion Le point de rencontre pour les services de soutien \u00e0 l\u2019industrie de l\u2019emballage Dans le Service Pack Pavilion, d\u00e9couvrez les partenaires de service \u2014 entreprises de travail adapt\u00e9, agences d\u2019int\u00e9rim, experts en logistique \u2014 qui renforcent chaque jour le secteur de l\u2019emballage. Pour les visiteurs \u00c0 la recherche de partenaires fiables dans [&hellip;]<\/p>\n","protected":false},"author":1351,"featured_media":0,"parent":56985,"menu_order":4,"comment_status":"closed","ping_status":"closed","template":"","meta":{"_seopress_robots_primary_cat":"","_seopress_titles_title":"","_seopress_titles_desc":"","_seopress_robots_index":"","footnotes":""},"class_list":["post-25412","page","type-page","status-publish","hentry"],"_links":{"self":[{"href":"https:\/\/www.empack.be\/fr\/wp-json\/wp\/v2\/pages\/25412","targetHints":{"allow":["GET"]}}],"collection":[{"href":"https:\/\/www.empack.be\/fr\/wp-json\/wp\/v2\/pages"}],"about":[{"href":"https:\/\/www.empack.be\/fr\/wp-json\/wp\/v2\/types\/page"}],"author":[{"embeddable":true,"href":"https:\/\/www.empack.be\/fr\/wp-json\/wp\/v2\/users\/1351"}],"replies":[{"embeddable":true,"href":"https:\/\/www.empack.be\/fr\/wp-json\/wp\/v2\/comments?post=25412"}],"version-history":[{"count":2,"href":"https:\/\/www.empack.be\/fr\/wp-json\/wp\/v2\/pages\/25412\/revisions"}],"predecessor-version":[{"id":57686,"href":"https:\/\/www.empack.be\/fr\/wp-json\/wp\/v2\/pages\/25412\/revisions\/57686"}],"up":[{"embeddable":true,"href":"https:\/\/www.empack.be\/fr\/wp-json\/wp\/v2\/pages\/56985"}],"wp:attachment":[{"href":"https:\/\/www.empack.be\/fr\/wp-json\/wp\/v2\/media?parent=25412"}],"curies":[{"name":"wp","href":"https:\/\/api.w.org\/{rel}","templated":true}]}}