{"id":2273,"date":"2025-02-13T10:51:42","date_gmt":"2025-02-13T09:51:42","guid":{"rendered":"https:\/\/www.empack.be\/lapplication-empack-pour-les-exposants\/"},"modified":"2026-02-13T12:23:09","modified_gmt":"2026-02-13T11:23:09","slug":"lapplication-empack-pour-les-exposants","status":"publish","type":"page","link":"https:\/\/www.empack.be\/fr\/lapplication-empack-pour-les-exposants\/","title":{"rendered":"L&rsquo;application Easyfairs Belgium pour les exposants"},"content":{"rendered":"\t\t<div data-elementor-type=\"wp-page\" data-elementor-id=\"2273\" class=\"elementor elementor-2273 elementor-141\" data-elementor-post-type=\"page\">\n\t\t\t\t<div class=\"elementor-element elementor-element-e157c83 e-flex e-con-boxed e-con e-parent\" data-id=\"e157c83\" data-element_type=\"container\" data-settings=\"{&quot;background_background&quot;:&quot;classic&quot;}\">\n\t\t\t\t\t<div class=\"e-con-inner\">\n\t\t\t\t<div class=\"elementor-element elementor-element-2984276 elementor-widget__width-initial elementor-widget elementor-widget-heading\" data-id=\"2984276\" data-element_type=\"widget\" data-widget_type=\"heading.default\">\n\t\t\t\t<div class=\"elementor-widget-container\">\n\t\t\t\t\t<h2 class=\"elementor-heading-title elementor-size-default\">Optimisez votre participation aux salons avec l'application Easyfairs Belgium<\/h2>\t\t\t\t<\/div>\n\t\t\t\t<\/div>\n\t\t\t\t<div class=\"elementor-element elementor-element-3e6627e elementor-widget__width-initial elementor-widget elementor-widget-text-editor\" data-id=\"3e6627e\" data-element_type=\"widget\" data-widget_type=\"text-editor.default\">\n\t\t\t\t<div class=\"elementor-widget-container\">\n\t\t\t\t\t\t\t\t\t<p class=\"\" data-end=\"633\" data-start=\"424\">D\u00e9couvrez la toute nouvelle <strong data-end=\"460\" data-start=\"446\">Easyfairs Belgium App<\/strong>: l&rsquo;outil qui vous aidera \u00e0 tirer le meilleur parti de votre participation au salon. \u00c9tablissez des contacts, planifiez des rendez-vous et restez \u00e0 l&rsquo;\u00e9coute de vos clients et prospects &#8211; le tout gr\u00e2ce \u00e0 une application pratique.<\/p>\n<p><\/p>\n<p class=\"\" data-end=\"788\" data-start=\"635\">Que vous soyez un exposant exp\u00e9riment\u00e9 ou que vous participiez pour la premi\u00e8re fois, l&rsquo;application Empack vous garantit une <strong data-end=\"787\" data-start=\"728\">exp\u00e9rience professionnelle, personnelle et efficace du salon<\/strong>.<\/p>\n\t\t\t\t\t\t\t\t<\/div>\n\t\t\t\t<\/div>\n\t\t\t\t\t<\/div>\n\t\t\t\t<\/div>\n\t\t<div class=\"elementor-element elementor-element-32522e6 e-flex e-con-boxed e-con e-parent\" data-id=\"32522e6\" data-element_type=\"container\" data-settings=\"{&quot;background_background&quot;:&quot;classic&quot;}\">\n\t\t\t\t\t<div class=\"e-con-inner\">\n\t\t\t\t<div class=\"elementor-element elementor-element-ac4b3e3 elementor-widget elementor-widget-heading\" data-id=\"ac4b3e3\" data-element_type=\"widget\" data-widget_type=\"heading.default\">\n\t\t\t\t<div class=\"elementor-widget-container\">\n\t\t\t\t\t<h2 class=\"elementor-heading-title elementor-size-default\">L'application Empack<\/h2>\t\t\t\t<\/div>\n\t\t\t\t<\/div>\n\t\t\t\t<div class=\"elementor-element elementor-element-f9ba20c elementor-widget elementor-widget-text-editor\" data-id=\"f9ba20c\" data-element_type=\"widget\" data-widget_type=\"text-editor.default\">\n\t\t\t\t<div class=\"elementor-widget-container\">\n\t\t\t\t\t\t\t\t\t<p><strong>L&rsquo;application Easyfairs Belgium <\/strong>fait bien plus que g\u00e9rer votre emploi du temps. C&rsquo;est votre <strong>assistant personnel pour les salons<\/strong>, qui vous assiste du moment o\u00f9 vous pr\u00e9parez votre participation jusqu&rsquo;\u00e0 longtemps apr\u00e8s l&rsquo;\u00e9v\u00e9nement. En reliant le profil de votre entreprise \u00e0 l&rsquo;application via <strong>My Easyfairs,<\/strong> vos coordonn\u00e9es seront automatiquement compl\u00e9t\u00e9es. Il ne vous reste plus qu&rsquo;\u00e0 <strong>planifier<\/strong> votre <strong>calendrier<\/strong> et \u00e0 inviter les membres de votre \u00e9quipe pour que les visiteurs puissent vous contacter \u00e0 l&rsquo;avance et prendre rendez-vous.<\/p>\n<p>L&rsquo;application propose des <strong>recommandations personnalis\u00e9es<\/strong> bas\u00e9es sur vos<strong> int\u00e9r\u00eats et vos objectifs professionnels,<\/strong> sugg\u00e9rant automatiquement des visiteurs pertinents avec lesquels vous \u00eates assur\u00e9 de nouer des <strong>liens pr\u00e9cieux<\/strong>. En outre, vous pouvez facilement communiquer, prendre des rendez-vous et adapter votre pr\u00e9sence \u00e0 vos propres besoins et objectifs.<\/p>\n\t\t\t\t\t\t\t\t<\/div>\n\t\t\t\t<\/div>\n\t\t<div class=\"elementor-element elementor-element-d0cdb50 e-con-full e-grid e-con e-child\" data-id=\"d0cdb50\" data-element_type=\"container\">\n\t\t<div class=\"elementor-element elementor-element-c5fa5bd e-flex e-con-boxed e-con e-child\" data-id=\"c5fa5bd\" data-element_type=\"container\" data-settings=\"{&quot;background_background&quot;:&quot;classic&quot;}\">\n\t\t\t\t\t<div class=\"e-con-inner\">\n\t\t<div class=\"elementor-element elementor-element-7b362ad e-con-full e-flex e-con e-child\" data-id=\"7b362ad\" data-element_type=\"container\">\n\t\t\t\t<div class=\"elementor-element elementor-element-8ea3e06 elementor-widget__width-inherit elementor-widget elementor-widget-heading\" data-id=\"8ea3e06\" data-element_type=\"widget\" data-widget_type=\"heading.default\">\n\t\t\t\t<div class=\"elementor-widget-container\">\n\t\t\t\t\t<h2 class=\"elementor-heading-title elementor-size-default\">Faites le premier pas et commencez d\u00e8s maintenant \u00e0 planifier votre visite<\/h2>\t\t\t\t<\/div>\n\t\t\t\t<\/div>\n\t\t\t\t<div class=\"elementor-element elementor-element-30ac198 elementor-widget elementor-widget-image\" data-id=\"30ac198\" data-element_type=\"widget\" data-widget_type=\"image.default\">\n\t\t\t\t<div class=\"elementor-widget-container\">\n\t\t\t\t\t\t\t\t\t\t\t\t\t\t\t<img decoding=\"async\" width=\"81\" height=\"80\" src=\"https:\/\/easyfairsassets.com\/sites\/351\/2025\/02\/rocket.svg\" class=\"attachment-large size-large wp-image-698\" alt=\"\" \/>\t\t\t\t\t\t\t\t\t\t\t\t\t\t\t<\/div>\n\t\t\t\t<\/div>\n\t\t\t\t<div class=\"elementor-element elementor-element-9df4ba4 elementor-widget elementor-widget-text-editor\" data-id=\"9df4ba4\" data-element_type=\"widget\" data-widget_type=\"text-editor.default\">\n\t\t\t\t<div class=\"elementor-widget-container\">\n\t\t\t\t\t\t\t\t\t<p class=\"\" data-start=\"92\" data-end=\"314\">La planification d&rsquo;une visite \u00e0 Empack est la cl\u00e9 d&rsquo;une exp\u00e9rience r\u00e9ussie. La nouvelle application permet de se pr\u00e9parer au mieux \u00e0 la journ\u00e9e d&rsquo;exposition, de saisir les opportunit\u00e9s et de profiter au maximum de l&rsquo;\u00e9v\u00e9nement !<\/p>\n\t\t\t\t\t\t\t\t<\/div>\n\t\t\t\t<\/div>\n\t\t\t\t<\/div>\n\t\t\t\t\t<\/div>\n\t\t\t\t<\/div>\n\t\t<div class=\"elementor-element elementor-element-c68486d e-flex e-con-boxed e-con e-child\" data-id=\"c68486d\" data-element_type=\"container\" data-settings=\"{&quot;background_background&quot;:&quot;classic&quot;}\">\n\t\t\t\t\t<div class=\"e-con-inner\">\n\t\t<div class=\"elementor-element elementor-element-1dda288 e-con-full e-flex e-con e-child\" data-id=\"1dda288\" data-element_type=\"container\">\n\t\t\t\t<div class=\"elementor-element elementor-element-f74e305 elementor-widget__width-inherit elementor-widget elementor-widget-heading\" data-id=\"f74e305\" data-element_type=\"widget\" data-widget_type=\"heading.default\">\n\t\t\t\t<div class=\"elementor-widget-container\">\n\t\t\t\t\t<h2 class=\"elementor-heading-title elementor-size-default\">Obtenir des recommandations sur mesure<\/h2>\t\t\t\t<\/div>\n\t\t\t\t<\/div>\n\t\t\t\t<div class=\"elementor-element elementor-element-f61f540 elementor-widget elementor-widget-image\" data-id=\"f61f540\" data-element_type=\"widget\" data-widget_type=\"image.default\">\n\t\t\t\t<div class=\"elementor-widget-container\">\n\t\t\t\t\t\t\t\t\t\t\t\t\t\t\t<img decoding=\"async\" width=\"80\" height=\"80\" src=\"https:\/\/easyfairsassets.com\/sites\/351\/2025\/02\/handshake.svg\" class=\"attachment-large size-large wp-image-695\" alt=\"\" \/>\t\t\t\t\t\t\t\t\t\t\t\t\t\t\t<\/div>\n\t\t\t\t<\/div>\n\t\t\t\t<div class=\"elementor-element elementor-element-e097e4c elementor-widget elementor-widget-text-editor\" data-id=\"e097e4c\" data-element_type=\"widget\" data-widget_type=\"text-editor.default\">\n\t\t\t\t<div class=\"elementor-widget-container\">\n\t\t\t\t\t\t\t\t\t<p>Recevez des suggestions personnalis\u00e9es sur les meilleures personnes \u00e0 rencontrer. Gr\u00e2ce \u00e0 des algorithmes intelligents, les pr\u00e9f\u00e9rences sont analys\u00e9es et les connexions les plus int\u00e9ressantes sont s\u00e9lectionn\u00e9es pour vous.<\/p>\n\t\t\t\t\t\t\t\t<\/div>\n\t\t\t\t<\/div>\n\t\t\t\t<\/div>\n\t\t\t\t\t<\/div>\n\t\t\t\t<\/div>\n\t\t<div class=\"elementor-element elementor-element-e28861e e-flex e-con-boxed e-con e-child\" data-id=\"e28861e\" data-element_type=\"container\" data-settings=\"{&quot;background_background&quot;:&quot;classic&quot;}\">\n\t\t\t\t\t<div class=\"e-con-inner\">\n\t\t<div class=\"elementor-element elementor-element-38d1fc7 e-con-full e-flex e-con e-child\" data-id=\"38d1fc7\" data-element_type=\"container\">\n\t\t\t\t<div class=\"elementor-element elementor-element-b2bc42d elementor-widget__width-inherit elementor-widget elementor-widget-heading\" data-id=\"b2bc42d\" data-element_type=\"widget\" data-widget_type=\"heading.default\">\n\t\t\t\t<div class=\"elementor-widget-container\">\n\t\t\t\t\t<h2 class=\"elementor-heading-title elementor-size-default\">Composez votre programme id\u00e9al !<\/h2>\t\t\t\t<\/div>\n\t\t\t\t<\/div>\n\t\t\t\t<div class=\"elementor-element elementor-element-b8d2966 elementor-widget elementor-widget-image\" data-id=\"b8d2966\" data-element_type=\"widget\" data-widget_type=\"image.default\">\n\t\t\t\t<div class=\"elementor-widget-container\">\n\t\t\t\t\t\t\t\t\t\t\t\t\t\t\t<img decoding=\"async\" width=\"81\" height=\"80\" src=\"https:\/\/easyfairsassets.com\/sites\/351\/2025\/02\/calendar-check.svg\" class=\"attachment-large size-large wp-image-692\" alt=\"\" \/>\t\t\t\t\t\t\t\t\t\t\t\t\t\t\t<\/div>\n\t\t\t\t<\/div>\n\t\t\t\t<div class=\"elementor-element elementor-element-dd04b7a elementor-widget elementor-widget-text-editor\" data-id=\"dd04b7a\" data-element_type=\"widget\" data-widget_type=\"text-editor.default\">\n\t\t\t\t<div class=\"elementor-widget-container\">\n\t\t\t\t\t\t\t\t\t<p>Restez toujours \u00e0 jour et ne manquez plus jamais une session importante ! Explorez le programme du s\u00e9minaire, approfondissez les conf\u00e9renciers et les sujets, et ajoutez facilement les sessions auxquelles vous voulez assister \u00e0 votre calendrier personnel.<\/p>\n\t\t\t\t\t\t\t\t<\/div>\n\t\t\t\t<\/div>\n\t\t\t\t<\/div>\n\t\t\t\t\t<\/div>\n\t\t\t\t<\/div>\n\t\t\t\t<\/div>\n\t\t<div class=\"elementor-element elementor-element-84bf4bc e-flex e-con-boxed e-con e-child\" data-id=\"84bf4bc\" data-element_type=\"container\" data-settings=\"{&quot;background_background&quot;:&quot;classic&quot;}\">\n\t\t\t\t\t<div class=\"e-con-inner\">\n\t\t<div class=\"elementor-element elementor-element-decc630 e-flex e-con-boxed e-con e-child\" data-id=\"decc630\" data-element_type=\"container\">\n\t\t\t\t\t<div class=\"e-con-inner\">\n\t\t\t\t<div class=\"elementor-element elementor-element-6f91526 elementor-widget elementor-widget-heading\" data-id=\"6f91526\" data-element_type=\"widget\" data-widget_type=\"heading.default\">\n\t\t\t\t<div class=\"elementor-widget-container\">\n\t\t\t\t\t<h2 class=\"elementor-heading-title elementor-size-default\">Avantages de l'application Easyfairs Belgium <\/h2>\t\t\t\t<\/div>\n\t\t\t\t<\/div>\n\t\t\t\t<div class=\"elementor-element elementor-element-d715e61 elementor-widget elementor-widget-text-editor\" data-id=\"d715e61\" data-element_type=\"widget\" data-widget_type=\"text-editor.default\">\n\t\t\t\t<div class=\"elementor-widget-container\">\n\t\t\t\t\t\t\t\t\t<table class=\"min-w-full\" data-end=\"3020\" data-start=\"2452\">\n<thead data-end=\"2546\" data-start=\"2452\">\n<tr data-end=\"2546\" data-start=\"2452\">\n<th data-end=\"2474\" data-start=\"2452\">\ud83d\udcc8 S<strong data-end=\"2473\" data-start=\"2457\">timuler le r\u00e9seautage<\/strong><\/th>\n<th data-end=\"2546\" data-start=\"2474\">Augmentez la visibilit\u00e9 de votre entreprise et rencontrez les bonnes personnes.<\/th>\n<\/tr>\n<\/thead>\n<tbody data-end=\"3020\" data-start=\"2644\">\n<tr data-end=\"2738\" data-start=\"2644\">\n<td class=\"max-w-[calc(var(--thread-content-max-width)*2\/3)]\" data-end=\"2670\" data-start=\"2644\">\ud83d\udcc5 <strong data-end=\"2669\" data-start=\"2649\">Planificateur de rendez-vous<\/strong><\/td>\n<td class=\"max-w-[calc(var(--thread-content-max-width)*2\/3)] min-w-[calc(var(--thread-content-max-width)\/3)]\" data-end=\"2738\" data-start=\"2670\">Les visiteurs peuvent prendre rendez-vous \u00e0 l&rsquo;avance, ce qui leur permet de gagner du temps.<\/td>\n<\/tr>\n<tr data-end=\"2835\" data-start=\"2739\">\n<td class=\"max-w-[calc(var(--thread-content-max-width)*2\/3)]\" data-end=\"2768\" data-start=\"2739\">\ud83d\udcac <strong data-end=\"2767\" data-start=\"2744\">Communication rapide<\/strong><\/td>\n<td class=\"max-w-[calc(var(--thread-content-max-width)*2\/3)] min-w-[calc(var(--thread-content-max-width)\/3)]\" data-end=\"2835\" data-start=\"2768\">Chat avec les contacts int\u00e9ress\u00e9s avant, pendant et apr\u00e8s le salon<\/td>\n<\/tr>\n<tr data-end=\"2929\" data-start=\"2836\">\n<td class=\"max-w-[calc(var(--thread-content-max-width)*2\/3)]\" data-end=\"2872\" data-start=\"2836\">\ud83e\udded <strong data-end=\"2871\" data-start=\"2841\">Recommandations personnelles<\/strong><\/td>\n<td class=\"max-w-[calc(var(--thread-content-max-width)*2\/3)] min-w-[calc(var(--thread-content-max-width)\/3)]\" data-end=\"2929\" data-start=\"2872\">Obtenez des suggestions adapt\u00e9es \u00e0 votre profil et \u00e0 vos centres d&rsquo;int\u00e9r\u00eat.<\/td>\n<\/tr>\n<tr data-end=\"3020\" data-start=\"2930\">\n<td class=\"max-w-[calc(var(--thread-content-max-width)*2\/3)]\" data-end=\"2963\" data-start=\"2930\"><strong data-end=\"2962\" data-start=\"2935\">Int\u00e9gration de My Easyfairs<\/strong><\/td>\n<td class=\"max-w-[calc(var(--thread-content-max-width)*2\/3)] min-w-[calc(var(--thread-content-max-width)\/3)]\" data-end=\"3020\" data-start=\"2963\">Toutes les informations sont li\u00e9es et disponibles en un seul endroit.<\/td>\n<\/tr>\n<\/tbody>\n<\/table>\n\t\t\t\t\t\t\t\t<\/div>\n\t\t\t\t<\/div>\n\t\t\t\t\t<\/div>\n\t\t\t\t<\/div>\n\t\t<div class=\"elementor-element elementor-element-ae69a75 e-flex e-con-boxed e-con e-child\" data-id=\"ae69a75\" data-element_type=\"container\" data-settings=\"{&quot;background_background&quot;:&quot;classic&quot;}\">\n\t\t\t\t\t<div class=\"e-con-inner\">\n\t\t\t\t\t<\/div>\n\t\t\t\t<\/div>\n\t\t\t\t\t<\/div>\n\t\t\t\t<\/div>\n\t\t<div class=\"elementor-element elementor-element-06736b8 e-flex e-con-boxed e-con e-child\" data-id=\"06736b8\" data-element_type=\"container\" data-settings=\"{&quot;background_background&quot;:&quot;classic&quot;}\">\n\t\t\t\t\t<div class=\"e-con-inner\">\n\t\t<div class=\"elementor-element elementor-element-0d429b4 e-flex e-con-boxed e-con e-child\" data-id=\"0d429b4\" data-element_type=\"container\" data-settings=\"{&quot;background_background&quot;:&quot;classic&quot;}\">\n\t\t\t\t\t<div class=\"e-con-inner\">\n\t\t\t\t\t<\/div>\n\t\t\t\t<\/div>\n\t\t<div class=\"elementor-element elementor-element-c736cd9 e-flex e-con-boxed e-con e-child\" data-id=\"c736cd9\" data-element_type=\"container\">\n\t\t\t\t\t<div class=\"e-con-inner\">\n\t\t\t\t<div class=\"elementor-element elementor-element-7f07676 elementor-widget elementor-widget-heading\" data-id=\"7f07676\" data-element_type=\"widget\" data-widget_type=\"heading.default\">\n\t\t\t\t<div class=\"elementor-widget-container\">\n\t\t\t\t\t<h2 class=\"elementor-heading-title elementor-size-default\">Comment cela fonctionne-t-il ?<\/h2>\t\t\t\t<\/div>\n\t\t\t\t<\/div>\n\t\t\t\t<div class=\"elementor-element elementor-element-302e0b1 elementor-widget elementor-widget-text-editor\" data-id=\"302e0b1\" data-element_type=\"widget\" data-widget_type=\"text-editor.default\">\n\t\t\t\t<div class=\"elementor-widget-container\">\n\t\t\t\t\t\t\t\t\t<ol>\r\n \t<li data-end=\"284\" data-start=\"101\"><strong data-end=\"128\" data-start=\"101\">Enregistrez votre<\/strong> <strong>\u00e9quipe<\/strong> <strong data-end=\"128\" data-start=\"101\">de stand<\/strong><br data-end=\"131\" data-start=\"128\" \/>Une fois votre \u00e9quipe de stand enregistr\u00e9e, elle recevra automatiquement une invitation par e-mail \u00e0 cr\u00e9er son compte personnel dans l&rsquo;application Easyfairs Belgium.<\/li>\r\n \t<li data-end=\"488\" data-start=\"289\"><strong data-end=\"311\" data-start=\"289\">D\u00e9finissez votre profil\r\n<\/strong>Compl\u00e9tez votre profil d&rsquo;utilisateur et indiquez vos int\u00e9r\u00eats et ce que vous recherchez pendant la manifestation. Vous recevrez ainsi des connexions pertinentes et des recommandations sur mesure.<\/li>\r\n \t<li data-end=\"692\" data-start=\"493\"><strong data-end=\"512\" data-start=\"493\">T\u00e9l\u00e9chargez l&rsquo;application<\/strong><br data-end=\"515\" data-start=\"512\" \/>Installez l&rsquo;application sur votre appareil et commencez imm\u00e9diatement \u00e0 planifier des rendez-vous, \u00e0 \u00e9tablir des contacts et \u00e0 g\u00e9rer votre participation \u00e0 des salons &#8211; o\u00f9 et quand vous le souhaitez.<\/li>\r\n<\/ol>\t\t\t\t\t\t\t\t<\/div>\n\t\t\t\t<\/div>\n\t\t\t\t\t<\/div>\n\t\t\t\t<\/div>\n\t\t\t\t\t<\/div>\n\t\t\t\t<\/div>\n\t\t\t\t\t<\/div>\n\t\t\t\t<\/div>\n\t\t<div class=\"elementor-element elementor-element-883c2c9 e-flex e-con-boxed e-con e-parent\" data-id=\"883c2c9\" data-element_type=\"container\" data-settings=\"{&quot;background_background&quot;:&quot;classic&quot;}\">\n\t\t\t\t\t<div class=\"e-con-inner\">\n\t\t<div class=\"elementor-element elementor-element-cbcff13 e-con-full e-flex e-con e-child\" data-id=\"cbcff13\" data-element_type=\"container\" data-settings=\"{&quot;background_background&quot;:&quot;classic&quot;}\">\n\t\t\t\t<div class=\"elementor-element elementor-element-f765776 elementor-widget elementor-widget-heading\" data-id=\"f765776\" data-element_type=\"widget\" data-widget_type=\"heading.default\">\n\t\t\t\t<div class=\"elementor-widget-container\">\n\t\t\t\t\t<h2 class=\"elementor-heading-title elementor-size-default\">Tirez le meilleur parti de votre participation !<\/h2>\t\t\t\t<\/div>\n\t\t\t\t<\/div>\n\t\t\t\t<div class=\"elementor-element elementor-element-80f1d97 elementor-widget elementor-widget-text-editor\" data-id=\"80f1d97\" data-element_type=\"widget\" data-widget_type=\"text-editor.default\">\n\t\t\t\t<div class=\"elementor-widget-container\">\n\t\t\t\t\t\t\t\t\t<p>L&rsquo;application Easyfairs Belgium est plus qu&rsquo;un simple outil de planification. C&rsquo;est votre assistant personnel, con\u00e7u pour vous offrir une exp\u00e9rience riche et transparente, du moment o\u00f9 vous d\u00e9cidez de nous rendre visite jusqu&rsquo;\u00e0 votre d\u00e9part.<\/p>\n<p>Optimisez votre visite de l&rsquo;exposition, nouez de nouvelles relations et restez au courant de tout ce qu&rsquo;Empack a \u00e0 vous offrir.<\/p>\n\t\t\t\t\t\t\t\t<\/div>\n\t\t\t\t<\/div>\n\t\t\t\t<div class=\"elementor-element elementor-element-460e9a6 elementor-widget elementor-widget-button\" data-id=\"460e9a6\" data-element_type=\"widget\" data-widget_type=\"button.default\">\n\t\t\t\t<div class=\"elementor-widget-container\">\n\t\t\t\t\t\t\t\t\t<div class=\"elementor-button-wrapper\">\n\t\t\t\t\t<a class=\"elementor-button elementor-button-link elementor-size-sm\" href=\"https:\/\/rakjo.app.link\/EmpackMechelen2025\">\n\t\t\t\t\t\t<span class=\"elementor-button-content-wrapper\">\n\t\t\t\t\t\t\t\t\t<span class=\"elementor-button-text\">T\u00e9l\u00e9chargez l'application maintenant !<\/span>\n\t\t\t\t\t<\/span>\n\t\t\t\t\t<\/a>\n\t\t\t\t<\/div>\n\t\t\t\t\t\t\t\t<\/div>\n\t\t\t\t<\/div>\n\t\t\t\t<\/div>\n\t\t<div class=\"elementor-element elementor-element-83b3608 e-con-full elementor-hidden-mobile e-flex e-con e-child\" data-id=\"83b3608\" data-element_type=\"container\" data-settings=\"{&quot;background_background&quot;:&quot;classic&quot;}\">\n\t\t\t\t<\/div>\n\t\t\t\t\t<\/div>\n\t\t\t\t<\/div>\n\t\t\t\t<\/div>\n\t\t","protected":false},"excerpt":{"rendered":"<p>Optimisez votre participation aux salons avec l&rsquo;application Easyfairs Belgium D\u00e9couvrez la toute nouvelle Easyfairs Belgium App: l&rsquo;outil qui vous aidera \u00e0 tirer le meilleur parti de votre participation au salon. \u00c9tablissez des contacts, planifiez des rendez-vous et restez \u00e0 l&rsquo;\u00e9coute de vos clients et prospects &#8211; le tout gr\u00e2ce \u00e0 une application pratique. Que vous [&hellip;]<\/p>\n","protected":false},"author":933,"featured_media":0,"parent":0,"menu_order":2,"comment_status":"closed","ping_status":"closed","template":"","meta":{"_seopress_robots_primary_cat":"","_seopress_titles_title":"L'application Easyfairs Belgium pour les exposants","_seopress_titles_desc":"Entrez en contact avec les exposants, les conf\u00e9renciers et les visiteurs qui vous int\u00e9ressent. Consultez le plan et le programme de l'exposition pour optimiser votre visite !","_seopress_robots_index":"","footnotes":""},"class_list":["post-2273","page","type-page","status-publish","hentry"],"_links":{"self":[{"href":"https:\/\/www.empack.be\/fr\/wp-json\/wp\/v2\/pages\/2273","targetHints":{"allow":["GET"]}}],"collection":[{"href":"https:\/\/www.empack.be\/fr\/wp-json\/wp\/v2\/pages"}],"about":[{"href":"https:\/\/www.empack.be\/fr\/wp-json\/wp\/v2\/types\/page"}],"author":[{"embeddable":true,"href":"https:\/\/www.empack.be\/fr\/wp-json\/wp\/v2\/users\/933"}],"replies":[{"embeddable":true,"href":"https:\/\/www.empack.be\/fr\/wp-json\/wp\/v2\/comments?post=2273"}],"version-history":[{"count":5,"href":"https:\/\/www.empack.be\/fr\/wp-json\/wp\/v2\/pages\/2273\/revisions"}],"predecessor-version":[{"id":57734,"href":"https:\/\/www.empack.be\/fr\/wp-json\/wp\/v2\/pages\/2273\/revisions\/57734"}],"wp:attachment":[{"href":"https:\/\/www.empack.be\/fr\/wp-json\/wp\/v2\/media?parent=2273"}],"curies":[{"name":"wp","href":"https:\/\/api.w.org\/{rel}","templated":true}]}}