{"id":2262,"date":"2025-02-13T10:52:12","date_gmt":"2025-02-13T09:52:12","guid":{"rendered":"https:\/\/www.empack.be\/smart-badge-vs-visit-connect\/"},"modified":"2026-02-13T12:34:43","modified_gmt":"2026-02-13T11:34:43","slug":"smart-badge-vs-visit-connect","status":"publish","type":"page","link":"https:\/\/www.empack.be\/fr\/smart-badge-vs-visit-connect\/","title":{"rendered":"Smart Badge vs. Visit Connect"},"content":{"rendered":"\t\t<div data-elementor-type=\"wp-page\" data-elementor-id=\"2262\" class=\"elementor elementor-2262 elementor-145\" data-elementor-post-type=\"page\">\n\t\t\t\t<div class=\"elementor-element elementor-element-05559bb e-flex e-con-boxed e-con e-parent\" data-id=\"05559bb\" data-element_type=\"container\" data-settings=\"{&quot;background_background&quot;:&quot;classic&quot;}\">\n\t\t\t\t\t<div class=\"e-con-inner\">\n\t\t\t\t<div class=\"elementor-element elementor-element-ea03781 elementor-widget__width-initial elementor-widget elementor-widget-heading\" data-id=\"ea03781\" data-element_type=\"widget\" data-widget_type=\"heading.default\">\n\t\t\t\t<div class=\"elementor-widget-container\">\n\t\t\t\t\t<h1 class=\"elementor-heading-title elementor-size-default\">Suivi efficace des prospects avec Smart Badge et Visit Connect App<\/h1>\t\t\t\t<\/div>\n\t\t\t\t<\/div>\n\t\t\t\t\t<\/div>\n\t\t\t\t<\/div>\n\t\t<div class=\"elementor-element elementor-element-418edba e-flex e-con-boxed e-con e-parent\" data-id=\"418edba\" data-element_type=\"container\" data-settings=\"{&quot;background_background&quot;:&quot;classic&quot;}\">\n\t\t\t\t\t<div class=\"e-con-inner\">\n\t\t\t\t<div class=\"elementor-element elementor-element-da81651 elementor-widget elementor-widget-heading\" data-id=\"da81651\" data-element_type=\"widget\" data-widget_type=\"heading.default\">\n\t\t\t\t<div class=\"elementor-widget-container\">\n\t\t\t\t\t<h2 class=\"elementor-heading-title elementor-size-default\">Smart Badge vs. Visit Connect<\/h2>\t\t\t\t<\/div>\n\t\t\t\t<\/div>\n\t\t\t\t<div class=\"elementor-element elementor-element-6db9193 elementor-widget elementor-widget-text-editor\" data-id=\"6db9193\" data-element_type=\"widget\" data-widget_type=\"text-editor.default\">\n\t\t\t\t<div class=\"elementor-widget-container\">\n\t\t\t\t\t\t\t\t\t<p><strong data-end=\"389\" data-start=\"317\">Deux outils, un seul objectif : capturer et suivre des contacts pr\u00e9cieux.<\/strong><br data-end=\"392\" data-start=\"389\" \/>Pendant Empack, collectez facilement des contacts pr\u00e9cieux &#8211; sans outils compliqu\u00e9s ni travail manuel. Utilisez intelligemment le <strong data-end=\"540\" data-start=\"525\">Smart Badge<\/strong> et l&rsquo;<strong data-end=\"569\" data-start=\"548\">application Visit Connect<\/strong> pour maximiser votre participation au salon.<\/p>\n\t\t\t\t\t\t\t\t<\/div>\n\t\t\t\t<\/div>\n\t\t<div class=\"elementor-element elementor-element-bf33b6a e-grid e-con-boxed e-con e-child\" data-id=\"bf33b6a\" data-element_type=\"container\">\n\t\t\t\t\t<div class=\"e-con-inner\">\n\t\t<div class=\"elementor-element elementor-element-4846af0 e-flex e-con-boxed e-con e-child\" data-id=\"4846af0\" data-element_type=\"container\" data-settings=\"{&quot;background_background&quot;:&quot;classic&quot;}\">\n\t\t\t\t\t<div class=\"e-con-inner\">\n\t\t<div class=\"elementor-element elementor-element-32267be e-con-full e-flex e-con e-child\" data-id=\"32267be\" data-element_type=\"container\">\n\t\t\t\t<div class=\"elementor-element elementor-element-161934d elementor-widget__width-inherit elementor-widget elementor-widget-heading\" data-id=\"161934d\" data-element_type=\"widget\" data-widget_type=\"heading.default\">\n\t\t\t\t<div class=\"elementor-widget-container\">\n\t\t\t\t\t<h2 class=\"elementor-heading-title elementor-size-default\">Smart Badge<\/h2>\t\t\t\t<\/div>\n\t\t\t\t<\/div>\n\t\t\t\t<div class=\"elementor-element elementor-element-c7d2f80 elementor-widget elementor-widget-text-editor\" data-id=\"c7d2f80\" data-element_type=\"widget\" data-widget_type=\"text-editor.default\">\n\t\t\t\t<div class=\"elementor-widget-container\">\n\t\t\t\t\t\t\t\t\t<ul>\n<li>A l&rsquo;initiative du <strong>visiteur<\/strong><\/li>\n<li><strong>Tous les exposants<\/strong> peuvent distribuer leurs informations via le lecteur (informations t\u00e9l\u00e9charg\u00e9es sur My Easyfairs).<\/li>\n<li><strong>Pas besoin de parler<\/strong> aux visiteurs, installez le lecteur sur votre stand et ils recevront automatiquement vos informations.<\/li>\n<li>Les<strong> exposants<\/strong> re\u00e7oivent une liste de visiteurs avec les dates d&rsquo;enregistrement lorsqu&rsquo;ils ont scann\u00e9 votre stand.<br \/>\n<strong>Pr\u00e9paration<\/strong>: mettez autant d&rsquo;informations que possible sur votre soci\u00e9t\u00e9 sur My Easyfairs. Le lecteur sera livr\u00e9 \u00e0 votre stand lors de l&rsquo;installation.<\/li>\n<\/ul>\n\t\t\t\t\t\t\t\t<\/div>\n\t\t\t\t<\/div>\n\t\t\t\t<div class=\"elementor-element elementor-element-57bdadb elementor-widget elementor-widget-video\" data-id=\"57bdadb\" data-element_type=\"widget\" data-settings=\"{&quot;youtube_url&quot;:&quot;https:\\\/\\\/www.youtube.com\\\/watch?v=ikKCfzrS3nQ&amp;t=3s&quot;,&quot;loop&quot;:&quot;yes&quot;,&quot;video_type&quot;:&quot;youtube&quot;,&quot;controls&quot;:&quot;yes&quot;}\" data-widget_type=\"video.default\">\n\t\t\t\t<div class=\"elementor-widget-container\">\n\t\t\t\t\t\t\t<div class=\"elementor-wrapper elementor-open-inline\">\n\t\t\t<div class=\"elementor-video\"><\/div>\t\t<\/div>\n\t\t\t\t\t\t<\/div>\n\t\t\t\t<\/div>\n\t\t\t\t<\/div>\n\t\t\t\t\t<\/div>\n\t\t\t\t<\/div>\n\t\t<div class=\"elementor-element elementor-element-af1abb7 e-flex e-con-boxed e-con e-child\" data-id=\"af1abb7\" data-element_type=\"container\" data-settings=\"{&quot;background_background&quot;:&quot;classic&quot;}\">\n\t\t\t\t\t<div class=\"e-con-inner\">\n\t\t<div class=\"elementor-element elementor-element-b604ab2 e-con-full e-flex e-con e-child\" data-id=\"b604ab2\" data-element_type=\"container\">\n\t\t\t\t<div class=\"elementor-element elementor-element-de4d958 elementor-widget__width-inherit elementor-widget elementor-widget-heading\" data-id=\"de4d958\" data-element_type=\"widget\" data-widget_type=\"heading.default\">\n\t\t\t\t<div class=\"elementor-widget-container\">\n\t\t\t\t\t<h2 class=\"elementor-heading-title elementor-size-default\">Visit Connect App<\/h2>\t\t\t\t<\/div>\n\t\t\t\t<\/div>\n\t\t\t\t<div class=\"elementor-element elementor-element-917d828 elementor-widget elementor-widget-text-editor\" data-id=\"917d828\" data-element_type=\"widget\" data-widget_type=\"text-editor.default\">\n\t\t\t\t<div class=\"elementor-widget-container\">\n\t\t\t\t\t\t\t\t\t<ul>\n<li>A l <strong>&lsquo;initiative de<\/strong> l&rsquo;<strong>exposant<\/strong>.<br \/>\nCette application est disponible pour tous les exposants.<\/li>\n<li>Vous pouvez installer l&rsquo;application sur <strong>tous les <\/strong>appareils.<\/li>\n<li><strong>Qualifiez les prospects<\/strong> en posant des <strong>questions<\/strong> et en prenant des notes dans l&rsquo;application.<br \/>\nRassemblez toutes les informations en un seul point.<\/li>\n<li><strong>Suivi des prospects<\/strong>: contacter le visiteur apr\u00e8s l&rsquo;exposition.<\/li>\n<li><strong>Pr\u00e9paration<\/strong>: Chaque visiteur recevra un <strong>badge avec un code QR<\/strong> lors de son <strong>entr\u00e9e au salon<\/strong>.<\/li>\n<li style=\"list-style-type: none;\"><\/li>\n<\/ul>\n\t\t\t\t\t\t\t\t<\/div>\n\t\t\t\t<\/div>\n\t\t\t\t<div class=\"elementor-element elementor-element-2ad45d2 elementor-widget elementor-widget-video\" data-id=\"2ad45d2\" data-element_type=\"widget\" data-settings=\"{&quot;video_type&quot;:&quot;hosted&quot;,&quot;controls&quot;:&quot;yes&quot;}\" data-widget_type=\"video.default\">\n\t\t\t\t<div class=\"elementor-widget-container\">\n\t\t\t\t\t\t\t<div class=\"e-hosted-video elementor-wrapper elementor-open-inline\">\n\t\t\t\t\t<video class=\"elementor-video\" src=\"https:\/\/easyfairsassets.com\/sites\/351\/2025\/04\/how-to-use-vc-for-staff-ihxwtqmy_dtB3IPUQ.mp4\" controls=\"\" preload=\"metadata\" controlsList=\"nodownload\"><\/video>\n\t\t\t\t<\/div>\n\t\t\t\t\t\t<\/div>\n\t\t\t\t<\/div>\n\t\t\t\t<\/div>\n\t\t\t\t\t<\/div>\n\t\t\t\t<\/div>\n\t\t\t\t\t<\/div>\n\t\t\t\t<\/div>\n\t\t<div class=\"elementor-element elementor-element-110a8f1 e-con-full e-flex e-con e-child\" data-id=\"110a8f1\" data-element_type=\"container\" data-settings=\"{&quot;background_background&quot;:&quot;classic&quot;}\">\n\t\t<div class=\"elementor-element elementor-element-7569131 e-con-full e-flex e-con e-child\" data-id=\"7569131\" data-element_type=\"container\">\n\t\t\t\t<div class=\"elementor-element elementor-element-46fabe4 elementor-widget elementor-widget-heading\" data-id=\"46fabe4\" data-element_type=\"widget\" data-widget_type=\"heading.default\">\n\t\t\t\t<div class=\"elementor-widget-container\">\n\t\t\t\t\t<h2 class=\"elementor-heading-title elementor-size-default\">Quelle est la diff\u00e9rence entre Smart Badge et Visit Connect App ?<\/h2>\t\t\t\t<\/div>\n\t\t\t\t<\/div>\n\t\t\t\t<div class=\"elementor-element elementor-element-02a1dcf premium-table-dir-ltr elementor-widget elementor-widget-premium-tables-addon\" data-id=\"02a1dcf\" data-element_type=\"widget\" data-widget_type=\"premium-tables-addon.default\">\n\t\t\t\t<div class=\"elementor-widget-container\">\n\t\t\t\t\t\r\n\t\t<div class=\"premium-table-wrap\">\r\n\t\t\t\r\n\t\t\t<table class=\"premium-table\" data-settings=\"{&quot;sort&quot;:false,&quot;usNumbers&quot;:false,&quot;sortMob&quot;:false,&quot;search&quot;:false,&quot;records&quot;:false,&quot;dataType&quot;:&quot;custom&quot;,&quot;csvFile&quot;:null,&quot;firstRow&quot;:null,&quot;separator&quot;:null,&quot;pagination&quot;:&quot;&quot;,&quot;rows&quot;:0}\" >\r\n\r\n\t\t\t\r\n\t\t<thead class=\"premium-table-head\">\r\n\r\n\t\t\t<tr class=\"premium-table-row\">\r\n\r\n\t\t\t\t<th class=\"premium-table-cell elementor-repeater-item-a9cc7ed\"><span class=\"premium-table-text\">Fonctionnalit\u00e9<\/span><\/th><th class=\"premium-table-cell elementor-repeater-item-b6e3d63\"><span class=\"premium-table-text\">Smart Badge <\/span><\/th><th class=\"premium-table-cell elementor-repeater-item-baf6154\"><span class=\"premium-table-text\">Visit Connect App<\/span><\/th>\r\n\t\t\t<\/tr>\r\n\r\n\t\t<\/thead>\r\n\r\n\t\t\t\t<tbody class=\"premium-table-body\">\r\n\t\t\t\t\t\t<tr class=\"premium-table-row elementor-repeater-item-a537c15\"><td class=\"premium-table-cell elementor-repeater-item-e5e221f\"><span class=\"premium-table-text\">Interaction n\u00e9cessaire ?<\/span><\/td><td class=\"premium-table-cell elementor-repeater-item-876f878\"><span class=\"premium-table-text\">Non - fonctionne de mani\u00e8re enti\u00e8rement automatique<\/span><\/td><td class=\"premium-table-cell elementor-repeater-item-bf765db\"><span class=\"premium-table-text\">Oui - scan n\u00e9cessaire + possibilit\u00e9 de conversation<\/span><\/td><\/tr><tr class=\"premium-table-row elementor-repeater-item-f155059\"><td class=\"premium-table-cell elementor-repeater-item-ca79c6d\"><span class=\"premium-table-text\">Que re\u00e7oit le visiteur ?<\/span><\/td><td class=\"premium-table-cell elementor-repeater-item-505cae6\"><span class=\"premium-table-text\">Informations sur votre entreprise par e-mail (sur la base des informations contenues dans My Easyfairs)<\/span><\/td><td class=\"premium-table-cell elementor-repeater-item-c0c2840\"><span class=\"premium-table-text\">\/<\/span><\/td><\/tr><tr class=\"premium-table-row elementor-repeater-item-b9fb964\"><td class=\"premium-table-cell elementor-repeater-item-fc6b6d4\"><span class=\"premium-table-text\">Que re\u00e7oit l'exposant ?<\/span><\/td><td class=\"premium-table-cell elementor-repeater-item-8d085dd\"><span class=\"premium-table-text\">Liste des visiteurs avec les coordonn\u00e9es des personnes scann\u00e9es<\/span><\/td><td class=\"premium-table-cell elementor-repeater-item-78e5fe0\"><span class=\"premium-table-text\">Donn\u00e9es compl\u00e8tes sur les prospects avec des notes, des \u00e9tiquettes, des r\u00e9ponses, etc.<\/span><\/td><\/tr><tr class=\"premium-table-row elementor-repeater-item-3056711\"><td class=\"premium-table-cell elementor-repeater-item-183dd28\"><span class=\"premium-table-text\">Utilisation \u00e0 notre salon<\/span><\/td><td class=\"premium-table-cell elementor-repeater-item-ddea743\"><span class=\"premium-table-text\">Lecteur sur votre stand, pr\u00eat \u00e0 l'emploi<\/span><\/td><td class=\"premium-table-cell elementor-repeater-item-868bd30\"><span class=\"premium-table-text\">Scanner les badges des visiteurs avec son propre appareil (smartphone\/tablette)<\/span><\/td><\/tr><tr class=\"premium-table-row elementor-repeater-item-71afb49\"><td class=\"premium-table-cell elementor-repeater-item-5d022bb\"><span class=\"premium-table-text\">Pr\u00e9paration<\/span><\/td><td class=\"premium-table-cell elementor-repeater-item-00e9f98\"><span class=\"premium-table-text\">Profil complet dans My Easyfairs<\/span><\/td><td class=\"premium-table-cell elementor-repeater-item-185e240\"><span class=\"premium-table-text\">Activer la licence + installer l'application<\/span><\/td><\/tr><tr class=\"premium-table-row elementor-repeater-item-41332ee\"><td class=\"premium-table-cell elementor-repeater-item-97e15f6\"><span class=\"premium-table-text\">Disponible pour ?<\/span><\/td><td class=\"premium-table-cell elementor-repeater-item-9a8a494\"><span class=\"premium-table-text\">Tous les exposants<\/span><\/td><td class=\"premium-table-cell elementor-repeater-item-3777a34\"><span class=\"premium-table-text\">Tous les exposants<\/span><\/td><\/tr><tr class=\"premium-table-row elementor-repeater-item-41540c8\"><td class=\"premium-table-cell elementor-repeater-item-301af33\"><span class=\"premium-table-text\">Apr\u00e8s le salon<\/span><\/td><td class=\"premium-table-cell elementor-repeater-item-d70672f\"><span class=\"premium-table-text\">T\u00e9l\u00e9chargement de prospects via My Easyfairs<\/span><\/td><td class=\"premium-table-cell elementor-repeater-item-6843b71\"><span class=\"premium-table-text\">Exportation ou suivi des prospects via Visit Connect<\/span><\/td>\t\t\t<\/tr>\r\n\t\t<\/tbody>\r\n\r\n\t\t\r\n\t\t\t<\/table>\r\n\t\t<\/div>\r\n\t\t\t\t\t\t<\/div>\n\t\t\t\t<\/div>\n\t\t\t\t<\/div>\n\t\t\t\t<\/div>\n\t\t\t\t\t<\/div>\n\t\t\t\t<\/div>\n\t\t<div class=\"elementor-element elementor-element-14169c8 e-flex e-con-boxed e-con e-parent\" data-id=\"14169c8\" data-element_type=\"container\" data-settings=\"{&quot;background_background&quot;:&quot;classic&quot;}\">\n\t\t\t\t\t<div class=\"e-con-inner\">\n\t\t<div class=\"elementor-element elementor-element-7426308 e-con-full e-flex e-con e-child\" data-id=\"7426308\" data-element_type=\"container\" data-settings=\"{&quot;background_background&quot;:&quot;classic&quot;}\">\n\t\t\t\t<div class=\"elementor-element elementor-element-b1cb878 elementor-widget elementor-widget-heading\" data-id=\"b1cb878\" data-element_type=\"widget\" data-widget_type=\"heading.default\">\n\t\t\t\t<div class=\"elementor-widget-container\">\n\t\t\t\t\t<h2 class=\"elementor-heading-title elementor-size-default\">Si vous avez des questions ou si vous souhaitez obtenir plus d'informations, notre \u00e9quipe est pr\u00eate \u00e0 vous aider.<\/h2>\t\t\t\t<\/div>\n\t\t\t\t<\/div>\n\t\t\t\t<div class=\"elementor-element elementor-element-dfe54b7 elementor-align-center elementor-widget elementor-widget-button\" data-id=\"dfe54b7\" data-element_type=\"widget\" data-widget_type=\"button.default\">\n\t\t\t\t<div class=\"elementor-widget-container\">\n\t\t\t\t\t\t\t\t\t<div class=\"elementor-button-wrapper\">\n\t\t\t\t\t<a class=\"elementor-button elementor-button-link elementor-size-sm\" href=\"https:\/\/www.empack.be\/fr\/contact\/\">\n\t\t\t\t\t\t<span class=\"elementor-button-content-wrapper\">\n\t\t\t\t\t\t\t\t\t<span class=\"elementor-button-text\">Questions?<\/span>\n\t\t\t\t\t<\/span>\n\t\t\t\t\t<\/a>\n\t\t\t\t<\/div>\n\t\t\t\t\t\t\t\t<\/div>\n\t\t\t\t<\/div>\n\t\t\t\t<\/div>\n\t\t<div class=\"elementor-element elementor-element-d80212e e-con-full elementor-hidden-mobile e-flex e-con e-child\" data-id=\"d80212e\" data-element_type=\"container\" data-settings=\"{&quot;background_background&quot;:&quot;classic&quot;}\">\n\t\t\t\t<\/div>\n\t\t\t\t\t<\/div>\n\t\t\t\t<\/div>\n\t\t\t\t<\/div>\n\t\t","protected":false},"excerpt":{"rendered":"<p>Suivi efficace des prospects avec Smart Badge et Visit Connect App Smart Badge vs. Visit Connect Deux outils, un seul objectif : capturer et suivre des contacts pr\u00e9cieux.Pendant Empack, collectez facilement des contacts pr\u00e9cieux &#8211; sans outils compliqu\u00e9s ni travail manuel. Utilisez intelligemment le Smart Badge et l&rsquo;application Visit Connect pour maximiser votre participation au [&hellip;]<\/p>\n","protected":false},"author":933,"featured_media":0,"parent":0,"menu_order":3,"comment_status":"closed","ping_status":"closed","template":"","meta":{"_seopress_robots_primary_cat":"","_seopress_titles_title":"Smart Badge vs. Visit Connect | Empack Belgium","_seopress_titles_desc":"Smart Badge vs Visit Connect : collectez des prospects int\u00e9ressants pendant le salon Empack. Deux outils intelligents pour enregistrer vos contacts et les suivre efficacement.","_seopress_robots_index":"","footnotes":""},"class_list":["post-2262","page","type-page","status-publish","hentry"],"_links":{"self":[{"href":"https:\/\/www.empack.be\/fr\/wp-json\/wp\/v2\/pages\/2262","targetHints":{"allow":["GET"]}}],"collection":[{"href":"https:\/\/www.empack.be\/fr\/wp-json\/wp\/v2\/pages"}],"about":[{"href":"https:\/\/www.empack.be\/fr\/wp-json\/wp\/v2\/types\/page"}],"author":[{"embeddable":true,"href":"https:\/\/www.empack.be\/fr\/wp-json\/wp\/v2\/users\/933"}],"replies":[{"embeddable":true,"href":"https:\/\/www.empack.be\/fr\/wp-json\/wp\/v2\/comments?post=2262"}],"version-history":[{"count":5,"href":"https:\/\/www.empack.be\/fr\/wp-json\/wp\/v2\/pages\/2262\/revisions"}],"predecessor-version":[{"id":57108,"href":"https:\/\/www.empack.be\/fr\/wp-json\/wp\/v2\/pages\/2262\/revisions\/57108"}],"wp:attachment":[{"href":"https:\/\/www.empack.be\/fr\/wp-json\/wp\/v2\/media?parent=2262"}],"curies":[{"name":"wp","href":"https:\/\/api.w.org\/{rel}","templated":true}]}}