{"id":2259,"date":"2025-02-13T10:47:32","date_gmt":"2025-02-13T09:47:32","guid":{"rendered":"https:\/\/www.empack.be\/smart-badge\/"},"modified":"2026-02-13T13:35:24","modified_gmt":"2026-02-13T12:35:24","slug":"smart-badge","status":"publish","type":"page","link":"https:\/\/www.empack.be\/fr\/smart-badge\/","title":{"rendered":"Smart Badge"},"content":{"rendered":"\t\t<div data-elementor-type=\"wp-page\" data-elementor-id=\"2259\" class=\"elementor elementor-2259 elementor-113\" data-elementor-post-type=\"page\">\n\t\t\t\t<div class=\"elementor-element elementor-element-faed613 e-flex e-con-boxed e-con e-child\" data-id=\"faed613\" data-element_type=\"container\" data-settings=\"{&quot;background_background&quot;:&quot;classic&quot;}\">\n\t\t\t\t\t<div class=\"e-con-inner\">\n\t\t\t\t<div class=\"elementor-element elementor-element-39d23ab elementor-widget__width-initial elementor-widget elementor-widget-heading\" data-id=\"39d23ab\" data-element_type=\"widget\" data-widget_type=\"heading.default\">\n\t\t\t\t<div class=\"elementor-widget-container\">\n\t\t\t\t\t<h2 class=\"elementor-heading-title elementor-size-default\">Smart Badge<\/h2>\t\t\t\t<\/div>\n\t\t\t\t<\/div>\n\t\t\t\t<div class=\"elementor-element elementor-element-471a510 elementor-widget__width-initial elementor-widget elementor-widget-text-editor\" data-id=\"471a510\" data-element_type=\"widget\" data-widget_type=\"text-editor.default\">\n\t\t\t\t<div class=\"elementor-widget-container\">\n\t\t\t\t\t\t\t\t\t<p><strong>Obtenez facilement et rapidement des informations de la part des exposants gr\u00e2ce \u00e0 notre technologie Smart Badge.<br \/>\n<\/strong>Gr\u00e2ce au Smart Badge, vous saurez toujours exactement quels stands vous avez visit\u00e9s et quelles informations vous avez recueillies. <strong>Apr\u00e8s votre visite,<\/strong> vous recevrez <strong>automatiquement<\/strong> un aper\u00e7u de tout ce que vous avez d\u00e9couvert, ce qui vous permettra de tout retrouver facilement.<\/p>\n\t\t\t\t\t\t\t\t<\/div>\n\t\t\t\t<\/div>\n\t\t\t\t\t<\/div>\n\t\t\t\t<\/div>\n\t\t<div class=\"elementor-element elementor-element-e9e629f e-flex e-con-boxed e-con e-parent\" data-id=\"e9e629f\" data-element_type=\"container\" data-settings=\"{&quot;background_background&quot;:&quot;classic&quot;}\">\n\t\t\t\t\t<div class=\"e-con-inner\">\n\t\t<div class=\"elementor-element elementor-element-411eff9 e-flex e-con-boxed e-con e-child\" data-id=\"411eff9\" data-element_type=\"container\" data-settings=\"{&quot;background_background&quot;:&quot;classic&quot;}\">\n\t\t\t\t\t<div class=\"e-con-inner\">\n\t\t<div class=\"elementor-element elementor-element-bc41fc2 e-con-full e-flex e-con e-child\" data-id=\"bc41fc2\" data-element_type=\"container\">\n\t\t\t\t<div class=\"elementor-element elementor-element-38feff8 elementor-widget elementor-widget-heading\" data-id=\"38feff8\" data-element_type=\"widget\" data-widget_type=\"heading.default\">\n\t\t\t\t<div class=\"elementor-widget-container\">\n\t\t\t\t\t<h2 class=\"elementor-heading-title elementor-size-default\">Comment utiliser votre badge visiteur ?<\/h2>\t\t\t\t<\/div>\n\t\t\t\t<\/div>\n\t\t\t\t<div class=\"elementor-element elementor-element-bb015e7 elementor-widget elementor-widget-text-editor\" data-id=\"bb015e7\" data-element_type=\"widget\" data-widget_type=\"text-editor.default\">\n\t\t\t\t<div class=\"elementor-widget-container\">\n\t\t\t\t\t\t\t\t\t<ol>\n<li>\n<p class=\"\" data-end=\"436\" data-start=\"73\"><strong data-end=\"119\" data-start=\"73\">Explorez les stands et recueillez des informations<\/strong><br data-end=\"122\" data-start=\"119\" \/>Vous trouverez un ou plusieurs panneaux verts sur chaque stand. Un exposant et ses produits vous int\u00e9ressent ? Il vous suffit de toucher le panneau vert avec votre badge visiteur. Vous saurez que votre action a \u00e9t\u00e9 couronn\u00e9e de succ\u00e8s d\u00e8s que vous entendrez un bip et que le signe deviendra vert.<\/p>\n<\/li>\n<li>\n<p class=\"\" data-end=\"436\" data-start=\"73\"><strong data-end=\"473\" data-start=\"438\">Recevez un aper\u00e7u pratique<\/strong><br data-end=\"476\" data-start=\"473\" \/>Le lendemain de votre visite, vous recevrez un e-mail contenant un aper\u00e7u de toutes les informations collect\u00e9es. En prime, vous recevrez des recommandations d&rsquo;exposants susceptibles de vous int\u00e9resser. Vous avez donc tout \u00e0 port\u00e9e de main, sans avoir \u00e0 vous souvenir de quoi que ce soit !<\/p>\n<\/li>\n<\/ol>\n\t\t\t\t\t\t\t\t<\/div>\n\t\t\t\t<\/div>\n\t\t\t\t<\/div>\n\t\t<div class=\"elementor-element elementor-element-53ad414 e-flex e-con-boxed e-con e-child\" data-id=\"53ad414\" data-element_type=\"container\" data-settings=\"{&quot;background_background&quot;:&quot;classic&quot;}\">\n\t\t\t\t\t<div class=\"e-con-inner\">\n\t\t\t\t\t<\/div>\n\t\t\t\t<\/div>\n\t\t\t\t\t<\/div>\n\t\t\t\t<\/div>\n\t\t<div class=\"elementor-element elementor-element-6da21ce e-con-full e-flex e-con e-child\" data-id=\"6da21ce\" data-element_type=\"container\" data-settings=\"{&quot;background_background&quot;:&quot;classic&quot;}\">\n\t\t<div class=\"elementor-element elementor-element-45825ba e-con-full e-flex e-con e-child\" data-id=\"45825ba\" data-element_type=\"container\">\n\t\t\t\t<div class=\"elementor-element elementor-element-57e085d elementor-widget elementor-widget-heading\" data-id=\"57e085d\" data-element_type=\"widget\" data-widget_type=\"heading.default\">\n\t\t\t\t<div class=\"elementor-widget-container\">\n\t\t\t\t\t<h2 class=\"elementor-heading-title elementor-size-default\">Vos avantages<\/h2>\t\t\t\t<\/div>\n\t\t\t\t<\/div>\n\t\t\t\t<div class=\"elementor-element elementor-element-661fdee elementor-widget elementor-widget-text-editor\" data-id=\"661fdee\" data-element_type=\"widget\" data-widget_type=\"text-editor.default\">\n\t\t\t\t<div class=\"elementor-widget-container\">\n\t\t\t\t\t\t\t\t\t<ol>\n<li>\n<p data-end=\"407\" data-start=\"79\"><strong data-end=\"160\" data-start=\"79\">Votre badge visiteur est votre aide-m\u00e9moire virtuel pendant l&rsquo;\u00e9v\u00e9nement.<\/strong><br data-end=\"163\" data-start=\"160\" \/>Dites adieu aux lourds catalogues et \u00e0 la prise de notes.<\/p>\n<\/li>\n<li>\n<p data-end=\"407\" data-start=\"79\"><strong>Votre journ\u00e9e de salon en un aper\u00e7u pratique<\/strong><br \/>\n<span style=\"background-color: transparent;\">Gr\u00e2ce \u00e0 votre badge, vous savez exactement quels stands vous avez visit\u00e9s et quelles informations vous avez recueillies.<\/span><span style=\"background-color: transparent;\"> Apr\u00e8s votre visite, vous recevrez un e-mail avec un aper\u00e7u de tout ce que vous avez d\u00e9couvert.<\/span><\/p>\n<\/li>\n<li>\n<p data-end=\"407\" data-start=\"79\"><strong data-end=\"437\" data-start=\"409\">Pas d&rsquo;e-mails ind\u00e9sirables !<br \/>\n<\/strong>Vous ne recevez que les informations num\u00e9riques des exposants que vous avez s\u00e9lectionn\u00e9s. Pas de spam, uniquement du contenu pertinent pour vous.<\/p>\n<\/li>\n<\/ol>\n\t\t\t\t\t\t\t\t<\/div>\n\t\t\t\t<\/div>\n\t\t<div class=\"elementor-element elementor-element-f9021b8 e-flex e-con-boxed e-con e-child\" data-id=\"f9021b8\" data-element_type=\"container\" data-settings=\"{&quot;background_background&quot;:&quot;classic&quot;}\">\n\t\t\t\t\t<div class=\"e-con-inner\">\n\t\t\t\t<div class=\"elementor-element elementor-element-a12aca5 elementor-widget elementor-widget-video\" data-id=\"a12aca5\" data-element_type=\"widget\" data-settings=\"{&quot;youtube_url&quot;:&quot;https:\\\/\\\/www.youtube.com\\\/watch?v=Wvxmq7ITRC0&quot;,&quot;video_type&quot;:&quot;youtube&quot;,&quot;controls&quot;:&quot;yes&quot;}\" data-widget_type=\"video.default\">\n\t\t\t\t<div class=\"elementor-widget-container\">\n\t\t\t\t\t\t\t<div class=\"elementor-wrapper elementor-open-inline\">\n\t\t\t<div class=\"elementor-video\"><\/div>\t\t<\/div>\n\t\t\t\t\t\t<\/div>\n\t\t\t\t<\/div>\n\t\t\t\t\t<\/div>\n\t\t\t\t<\/div>\n\t\t\t\t<\/div>\n\t\t\t\t<\/div>\n\t\t\t\t\t<\/div>\n\t\t\t\t<\/div>\n\t\t\t\t<\/div>\n\t\t","protected":false},"excerpt":{"rendered":"<p>Smart Badge Obtenez facilement et rapidement des informations de la part des exposants gr\u00e2ce \u00e0 notre technologie Smart Badge. Gr\u00e2ce au Smart Badge, vous saurez toujours exactement quels stands vous avez visit\u00e9s et quelles informations vous avez recueillies. Apr\u00e8s votre visite, vous recevrez automatiquement un aper\u00e7u de tout ce que vous avez d\u00e9couvert, ce qui [&hellip;]<\/p>\n","protected":false},"author":933,"featured_media":0,"parent":0,"menu_order":3,"comment_status":"closed","ping_status":"closed","template":"","meta":{"_seopress_robots_primary_cat":"","_seopress_titles_title":"Smart Badge | Empack Belgium","_seopress_titles_desc":"Recueillez des informations aupr\u00e8s des exposants gr\u00e2ce au Smart Badge. Apr\u00e8s votre visite, recevez automatiquement un aper\u00e7u des stands visit\u00e9s et des informations recueillies.","_seopress_robots_index":"","footnotes":""},"class_list":["post-2259","page","type-page","status-publish","hentry"],"_links":{"self":[{"href":"https:\/\/www.empack.be\/fr\/wp-json\/wp\/v2\/pages\/2259","targetHints":{"allow":["GET"]}}],"collection":[{"href":"https:\/\/www.empack.be\/fr\/wp-json\/wp\/v2\/pages"}],"about":[{"href":"https:\/\/www.empack.be\/fr\/wp-json\/wp\/v2\/types\/page"}],"author":[{"embeddable":true,"href":"https:\/\/www.empack.be\/fr\/wp-json\/wp\/v2\/users\/933"}],"replies":[{"embeddable":true,"href":"https:\/\/www.empack.be\/fr\/wp-json\/wp\/v2\/comments?post=2259"}],"version-history":[{"count":5,"href":"https:\/\/www.empack.be\/fr\/wp-json\/wp\/v2\/pages\/2259\/revisions"}],"predecessor-version":[{"id":57333,"href":"https:\/\/www.empack.be\/fr\/wp-json\/wp\/v2\/pages\/2259\/revisions\/57333"}],"wp:attachment":[{"href":"https:\/\/www.empack.be\/fr\/wp-json\/wp\/v2\/media?parent=2259"}],"curies":[{"name":"wp","href":"https:\/\/api.w.org\/{rel}","templated":true}]}}