{"id":1348,"date":"2025-02-13T10:51:02","date_gmt":"2025-02-13T09:51:02","guid":{"rendered":"https:\/\/www.empack.be\/how-to-promote-your-participation\/"},"modified":"2026-02-13T12:13:17","modified_gmt":"2026-02-13T11:13:17","slug":"how-to-promote-your-participation","status":"publish","type":"page","link":"https:\/\/www.empack.be\/fr\/how-to-promote-your-participation\/","title":{"rendered":"Comment promouvoir votre participation"},"content":{"rendered":"\t\t<div data-elementor-type=\"wp-page\" data-elementor-id=\"1348\" class=\"elementor elementor-1348 elementor-137\" data-elementor-post-type=\"page\">\n\t\t\t\t<div class=\"elementor-element elementor-element-149323c e-flex e-con-boxed e-con e-parent\" data-id=\"149323c\" data-element_type=\"container\" data-settings=\"{&quot;background_background&quot;:&quot;classic&quot;}\">\n\t\t\t\t\t<div class=\"e-con-inner\">\n\t\t\t\t<div class=\"elementor-element elementor-element-8ccaad0 elementor-widget elementor-widget-heading\" data-id=\"8ccaad0\" data-element_type=\"widget\" data-widget_type=\"heading.default\">\n\t\t\t\t<div class=\"elementor-widget-container\">\n\t\t\t\t\t<h1 class=\"elementor-heading-title elementor-size-default\">Comment promouvoir ma participation \u00e0 une exposition ?<\/h1>\t\t\t\t<\/div>\n\t\t\t\t<\/div>\n\t\t<div class=\"elementor-element elementor-element-49d4cf2 e-con-full e-grid e-con e-child\" data-id=\"49d4cf2\" data-element_type=\"container\">\n\t\t<div class=\"elementor-element elementor-element-99bf403 e-flex e-con-boxed e-con e-child\" data-id=\"99bf403\" data-element_type=\"container\" data-settings=\"{&quot;background_background&quot;:&quot;classic&quot;}\">\n\t\t\t\t\t<div class=\"e-con-inner\">\n\t\t<div class=\"elementor-element elementor-element-d125c00 e-con-full e-flex e-con e-child\" data-id=\"d125c00\" data-element_type=\"container\">\n\t\t\t\t<div class=\"elementor-element elementor-element-9eeb8db elementor-widget__width-inherit elementor-widget elementor-widget-heading\" data-id=\"9eeb8db\" data-element_type=\"widget\" data-widget_type=\"heading.default\">\n\t\t\t\t<div class=\"elementor-widget-container\">\n\t\t\t\t\t<h2 class=\"elementor-heading-title elementor-size-default\">Pour l'\u00e9v\u00e9nemen<\/h2>\t\t\t\t<\/div>\n\t\t\t\t<\/div>\n\t\t\t\t<div class=\"elementor-element elementor-element-f993312 elementor-widget elementor-widget-text-editor\" data-id=\"f993312\" data-element_type=\"widget\" data-widget_type=\"text-editor.default\">\n\t\t\t\t<div class=\"elementor-widget-container\">\n\t\t\t\t\t\t\t\t\t<ul style=\"font-size: 14px; background-color: #ffffff; color: #000000;\">\r\n \t<li>Recevez votre kit exposant : distribuez vos invitations et collez les autocollants sur vos documents.<\/li>\r\n \t<li>Activez votre compte \u00ab <a href=\"https:\/\/my.easyfairs.com\/#\/login\">My Easyfairs<\/a> \u00bb et compl\u00e9tez votre profil d&rsquo;exposant.<\/li>\r\n \t<li>Placez une banni\u00e8re et\/ou un logo sur votre site web et dans vos communications par e-mail. T\u00e9l\u00e9chargez-les via My Easyfairs.<\/li>\r\n \t<li>Envoyez une invitation par e-mail \u00e0 vos clients et prospects \u00e0 l&rsquo;aide de notre mod\u00e8le. N&rsquo;oubliez pas votre URL personnelle !<\/li>\r\n \t<li>Faites la promotion de votre participation sur les r\u00e9seaux sociaux et taguez Empack. #Empack2026.<\/li>\r\n<\/ul>\t\t\t\t\t\t\t\t<\/div>\n\t\t\t\t<\/div>\n\t\t\t\t<\/div>\n\t\t\t\t\t<\/div>\n\t\t\t\t<\/div>\n\t\t<div class=\"elementor-element elementor-element-6d5a0b9 e-flex e-con-boxed e-con e-child\" data-id=\"6d5a0b9\" data-element_type=\"container\" data-settings=\"{&quot;background_background&quot;:&quot;classic&quot;}\">\n\t\t\t\t\t<div class=\"e-con-inner\">\n\t\t<div class=\"elementor-element elementor-element-2469323 e-con-full e-flex e-con e-child\" data-id=\"2469323\" data-element_type=\"container\">\n\t\t\t\t<div class=\"elementor-element elementor-element-a2cd31b elementor-widget__width-inherit elementor-widget elementor-widget-heading\" data-id=\"a2cd31b\" data-element_type=\"widget\" data-widget_type=\"heading.default\">\n\t\t\t\t<div class=\"elementor-widget-container\">\n\t\t\t\t\t<h2 class=\"elementor-heading-title elementor-size-default\">Pendant l'\u00e9v\u00e9nemen<\/h2>\t\t\t\t<\/div>\n\t\t\t\t<\/div>\n\t\t\t\t<div class=\"elementor-element elementor-element-1335319 elementor-widget elementor-widget-text-editor\" data-id=\"1335319\" data-element_type=\"widget\" data-widget_type=\"text-editor.default\">\n\t\t\t\t<div class=\"elementor-widget-container\">\n\t\t\t\t\t\t\t\t\t<ul style=\"font-size: 14px; background-color: #ffffff; color: #000000;\">\n<li>Placez votre lecteur Smart Badge \u00e0 un endroit visible afin de collecter un maximum de prospects.<\/li>\n<li>Organisez des activit\u00e9s sur votre stand, car l&rsquo;enthousiasme fonctionne : un concours, un verre, la distribution de goodie bags, etc.<\/li>\n<li>Vous avez eu une conversation int\u00e9ressante avec un prospect ? Scannez son badge avec Visit Connect et vous aurez imm\u00e9diatement acc\u00e8s \u00e0 ses coordonn\u00e9es.<\/li>\n<\/ul>\n\t\t\t\t\t\t\t\t<\/div>\n\t\t\t\t<\/div>\n\t\t\t\t<\/div>\n\t\t\t\t\t<\/div>\n\t\t\t\t<\/div>\n\t\t\t\t<\/div>\n\t\t<div class=\"elementor-element elementor-element-c710c9d e-flex e-con-boxed e-con e-child\" data-id=\"c710c9d\" data-element_type=\"container\" data-settings=\"{&quot;background_background&quot;:&quot;classic&quot;}\">\n\t\t\t\t\t<div class=\"e-con-inner\">\n\t\t<div class=\"elementor-element elementor-element-efa8d69 e-con-full e-flex e-con e-child\" data-id=\"efa8d69\" data-element_type=\"container\">\n\t\t\t\t<div class=\"elementor-element elementor-element-08567eb elementor-widget elementor-widget-heading\" data-id=\"08567eb\" data-element_type=\"widget\" data-widget_type=\"heading.default\">\n\t\t\t\t<div class=\"elementor-widget-container\">\n\t\t\t\t\t<h2 class=\"elementor-heading-title elementor-size-default\">En r\u00e9sum\u00e9 : votre visibilit\u00e9 = votre succ\u00e8s<\/h2>\t\t\t\t<\/div>\n\t\t\t\t<\/div>\n\t\t\t\t<div class=\"elementor-element elementor-element-2b7e1ed elementor-widget elementor-widget-text-editor\" data-id=\"2b7e1ed\" data-element_type=\"widget\" data-widget_type=\"text-editor.default\">\n\t\t\t\t<div class=\"elementor-widget-container\">\n\t\t\t\t\t\t\t\t\t<p>Utilisez les outils, communiquez activement et assurez votre pr\u00e9sence &#8211; voil\u00e0 comment tirer le meilleur parti d&rsquo;Empack.<\/p>\n\t\t\t\t\t\t\t\t<\/div>\n\t\t\t\t<\/div>\n\t\t\t\t<\/div>\n\t\t\t\t\t<\/div>\n\t\t\t\t<\/div>\n\t\t\t\t\t<\/div>\n\t\t\t\t<\/div>\n\t\t<div class=\"elementor-element elementor-element-92a92b7 e-flex e-con-boxed e-con e-parent\" data-id=\"92a92b7\" data-element_type=\"container\" data-settings=\"{&quot;background_background&quot;:&quot;classic&quot;}\">\n\t\t\t\t\t<div class=\"e-con-inner\">\n\t\t<div class=\"elementor-element elementor-element-afcaf97 e-con-full e-flex e-con e-child\" data-id=\"afcaf97\" data-element_type=\"container\" data-settings=\"{&quot;background_background&quot;:&quot;classic&quot;}\">\n\t\t\t\t<div class=\"elementor-element elementor-element-c5e591f elementor-widget elementor-widget-heading\" data-id=\"c5e591f\" data-element_type=\"widget\" data-widget_type=\"heading.default\">\n\t\t\t\t<div class=\"elementor-widget-container\">\n\t\t\t\t\t<h2 class=\"elementor-heading-title elementor-size-default\">\"Empack was a positive experience for us, we got very specific requests and that is very important for us. So we will definitely come back next year!\"<\/h2>\t\t\t\t<\/div>\n\t\t\t\t<\/div>\n\t\t\t\t<div class=\"elementor-element elementor-element-b1d3c9b elementor-widget elementor-widget-heading\" data-id=\"b1d3c9b\" data-element_type=\"widget\" data-widget_type=\"heading.default\">\n\t\t\t\t<div class=\"elementor-widget-container\">\n\t\t\t\t\t<h2 class=\"elementor-heading-title elementor-size-default\">- Kris Leye, WRH Global<\/h2>\t\t\t\t<\/div>\n\t\t\t\t<\/div>\n\t\t\t\t<\/div>\n\t\t<div class=\"elementor-element elementor-element-5cea8e5 e-con-full elementor-hidden-mobile e-flex e-con e-child\" data-id=\"5cea8e5\" data-element_type=\"container\" data-settings=\"{&quot;background_background&quot;:&quot;classic&quot;}\">\n\t\t\t\t<\/div>\n\t\t\t\t\t<\/div>\n\t\t\t\t<\/div>\n\t\t\t\t<\/div>\n\t\t","protected":false},"excerpt":{"rendered":"<p>Comment promouvoir ma participation \u00e0 une exposition ? Pour l&rsquo;\u00e9v\u00e9nemen Recevez votre kit exposant : distribuez vos invitations et collez les autocollants sur vos documents. Activez votre compte \u00ab My Easyfairs \u00bb et compl\u00e9tez votre profil d&rsquo;exposant. Placez une banni\u00e8re et\/ou un logo sur votre site web et dans vos communications par e-mail. T\u00e9l\u00e9chargez-les via [&hellip;]<\/p>\n","protected":false},"author":933,"featured_media":0,"parent":0,"menu_order":1,"comment_status":"closed","ping_status":"closed","template":"","meta":{"_seopress_robots_primary_cat":"","_seopress_titles_title":"Comment promouvoir votre participation | Empack Belgique","_seopress_titles_desc":"Utilisez les outils, communiquez activement et faites remarquer votre pr\u00e9sence pour tirer le meilleur parti d'Empack.","_seopress_robots_index":"","footnotes":""},"class_list":["post-1348","page","type-page","status-publish","hentry"],"_links":{"self":[{"href":"https:\/\/www.empack.be\/fr\/wp-json\/wp\/v2\/pages\/1348","targetHints":{"allow":["GET"]}}],"collection":[{"href":"https:\/\/www.empack.be\/fr\/wp-json\/wp\/v2\/pages"}],"about":[{"href":"https:\/\/www.empack.be\/fr\/wp-json\/wp\/v2\/types\/page"}],"author":[{"embeddable":true,"href":"https:\/\/www.empack.be\/fr\/wp-json\/wp\/v2\/users\/933"}],"replies":[{"embeddable":true,"href":"https:\/\/www.empack.be\/fr\/wp-json\/wp\/v2\/comments?post=1348"}],"version-history":[{"count":5,"href":"https:\/\/www.empack.be\/fr\/wp-json\/wp\/v2\/pages\/1348\/revisions"}],"predecessor-version":[{"id":57729,"href":"https:\/\/www.empack.be\/fr\/wp-json\/wp\/v2\/pages\/1348\/revisions\/57729"}],"wp:attachment":[{"href":"https:\/\/www.empack.be\/fr\/wp-json\/wp\/v2\/media?parent=1348"}],"curies":[{"name":"wp","href":"https:\/\/api.w.org\/{rel}","templated":true}]}}