{"id":1332,"date":"2025-02-13T10:50:05","date_gmt":"2025-02-13T09:50:05","guid":{"rendered":"https:\/\/www.empack.be\/formules-de-stand\/"},"modified":"2026-02-13T11:58:58","modified_gmt":"2026-02-13T10:58:58","slug":"formules-de-stand","status":"publish","type":"page","link":"https:\/\/www.empack.be\/fr\/formules-de-stand\/","title":{"rendered":"Formules de stand"},"content":{"rendered":"\t\t<div data-elementor-type=\"wp-page\" data-elementor-id=\"1332\" class=\"elementor elementor-1332 elementor-129\" data-elementor-post-type=\"page\">\n\t\t\t\t<div class=\"elementor-element elementor-element-c521c7e e-flex e-con-boxed e-con e-parent\" data-id=\"c521c7e\" data-element_type=\"container\" data-settings=\"{&quot;background_background&quot;:&quot;classic&quot;}\">\n\t\t\t\t\t<div class=\"e-con-inner\">\n\t\t\t\t<div class=\"elementor-element elementor-element-e35c7a9 elementor-widget elementor-widget-heading\" data-id=\"e35c7a9\" data-element_type=\"widget\" data-widget_type=\"heading.default\">\n\t\t\t\t<div class=\"elementor-widget-container\">\n\t\t\t\t\t<h2 class=\"elementor-heading-title elementor-size-default\">FORMULES DE STAND<\/h2>\t\t\t\t<\/div>\n\t\t\t\t<\/div>\n\t\t<div class=\"elementor-element elementor-element-445aeaa e-grid e-con-boxed e-con e-child\" data-id=\"445aeaa\" data-element_type=\"container\">\n\t\t\t\t\t<div class=\"e-con-inner\">\n\t\t<div class=\"elementor-element elementor-element-724fc24 e-flex e-con-boxed e-con e-child\" data-id=\"724fc24\" data-element_type=\"container\" data-settings=\"{&quot;background_background&quot;:&quot;classic&quot;}\">\n\t\t\t\t\t<div class=\"e-con-inner\">\n\t\t\t\t<div class=\"elementor-element elementor-element-18f2935 elementor-widget elementor-widget-heading\" data-id=\"18f2935\" data-element_type=\"widget\" data-widget_type=\"heading.default\">\n\t\t\t\t<div class=\"elementor-widget-container\">\n\t\t\t\t\t<h2 class=\"elementor-heading-title elementor-size-default\">All-In Stand<\/h2>\t\t\t\t<\/div>\n\t\t\t\t<\/div>\n\t\t\t\t<div class=\"elementor-element elementor-element-efbafdd elementor-widget elementor-widget-image\" data-id=\"efbafdd\" data-element_type=\"widget\" data-widget_type=\"image.default\">\n\t\t\t\t<div class=\"elementor-widget-container\">\n\t\t\t\t\t\t\t\t\t\t\t\t\t\t\t<img fetchpriority=\"high\" decoding=\"async\" width=\"768\" height=\"513\" src=\"https:\/\/easyfairsassets.com\/sites\/351\/2026\/01\/All-in-Matrix-White-1-768x513.jpg\" class=\"attachment-medium_large size-medium_large wp-image-57124\" alt=\"\" srcset=\"https:\/\/easyfairsassets.com\/sites\/351\/2026\/01\/All-in-Matrix-White-1-768x513.jpg 768w, https:\/\/easyfairsassets.com\/sites\/351\/2026\/01\/All-in-Matrix-White-1-300x200.jpg 300w, https:\/\/easyfairsassets.com\/sites\/351\/2026\/01\/All-in-Matrix-White-1-1024x684.jpg 1024w, https:\/\/easyfairsassets.com\/sites\/351\/2026\/01\/All-in-Matrix-White-1-1536x1026.jpg 1536w, https:\/\/easyfairsassets.com\/sites\/351\/2026\/01\/All-in-Matrix-White-1-2048x1368.jpg 2048w\" sizes=\"(max-width: 768px) 100vw, 768px\" \/>\t\t\t\t\t\t\t\t\t\t\t\t\t\t\t<\/div>\n\t\t\t\t<\/div>\n\t\t\t\t<div class=\"elementor-element elementor-element-a93acee elementor-widget elementor-widget-text-editor\" data-id=\"a93acee\" data-element_type=\"widget\" data-widget_type=\"text-editor.default\">\n\t\t\t\t<div class=\"elementor-widget-container\">\n\t\t\t\t\t\t\t\t\tLe stand All-in est un stand <strong>fonctionnel<\/strong> qui vous permet de pr\u00e9senter votre mat\u00e9riel et de mener vos activit\u00e9s professionnelles. Votre objectif premier est d&rsquo;\u00e9tablir des contacts et de collecter des prospects.<br><br>*mobilier non compris*\t\t\t\t\t\t\t\t<\/div>\n\t\t\t\t<\/div>\n\t\t\t\t<div class=\"elementor-element elementor-element-10e4fb4 elementor-align-center elementor-widget elementor-widget-button\" data-id=\"10e4fb4\" data-element_type=\"widget\" data-widget_type=\"button.default\">\n\t\t\t\t<div class=\"elementor-widget-container\">\n\t\t\t\t\t\t\t\t\t<div class=\"elementor-button-wrapper\">\n\t\t\t\t\t<a class=\"elementor-button elementor-button-link elementor-size-sm\" href=\"mailto:empack.ops@easyfairs.com\">\n\t\t\t\t\t\t<span class=\"elementor-button-content-wrapper\">\n\t\t\t\t\t\t\t\t\t<span class=\"elementor-button-text\">Plus d'info<\/span>\n\t\t\t\t\t<\/span>\n\t\t\t\t\t<\/a>\n\t\t\t\t<\/div>\n\t\t\t\t\t\t\t\t<\/div>\n\t\t\t\t<\/div>\n\t\t\t\t\t<\/div>\n\t\t\t\t<\/div>\n\t\t<div class=\"elementor-element elementor-element-853ff34 e-flex e-con-boxed e-con e-child\" data-id=\"853ff34\" data-element_type=\"container\" data-settings=\"{&quot;background_background&quot;:&quot;classic&quot;}\">\n\t\t\t\t\t<div class=\"e-con-inner\">\n\t\t\t\t<div class=\"elementor-element elementor-element-2ed075c elementor-widget elementor-widget-heading\" data-id=\"2ed075c\" data-element_type=\"widget\" data-widget_type=\"heading.default\">\n\t\t\t\t<div class=\"elementor-widget-container\">\n\t\t\t\t\t<h2 class=\"elementor-heading-title elementor-size-default\">All-in Plus Truss<\/h2>\t\t\t\t<\/div>\n\t\t\t\t<\/div>\n\t\t\t\t<div class=\"elementor-element elementor-element-b989f88 elementor-widget elementor-widget-image\" data-id=\"b989f88\" data-element_type=\"widget\" data-widget_type=\"image.default\">\n\t\t\t\t<div class=\"elementor-widget-container\">\n\t\t\t\t\t\t\t\t\t\t\t\t\t\t\t<img decoding=\"async\" width=\"800\" height=\"534\" src=\"https:\/\/easyfairsassets.com\/sites\/351\/2026\/01\/All-In-Plus-Truss-4-1024x684.jpg\" class=\"attachment-large size-large wp-image-57127\" alt=\"\" srcset=\"https:\/\/easyfairsassets.com\/sites\/351\/2026\/01\/All-In-Plus-Truss-4-1024x684.jpg 1024w, https:\/\/easyfairsassets.com\/sites\/351\/2026\/01\/All-In-Plus-Truss-4-300x200.jpg 300w, https:\/\/easyfairsassets.com\/sites\/351\/2026\/01\/All-In-Plus-Truss-4-768x513.jpg 768w, https:\/\/easyfairsassets.com\/sites\/351\/2026\/01\/All-In-Plus-Truss-4-1536x1026.jpg 1536w, https:\/\/easyfairsassets.com\/sites\/351\/2026\/01\/All-In-Plus-Truss-4-2048x1368.jpg 2048w\" sizes=\"(max-width: 800px) 100vw, 800px\" \/>\t\t\t\t\t\t\t\t\t\t\t\t\t\t\t<\/div>\n\t\t\t\t<\/div>\n\t\t\t\t<div class=\"elementor-element elementor-element-43e9692 elementor-widget elementor-widget-text-editor\" data-id=\"43e9692\" data-element_type=\"widget\" data-widget_type=\"text-editor.default\">\n\t\t\t\t<div class=\"elementor-widget-container\">\n\t\t\t\t\t\t\t\t\t<p>Vous souhaitez b\u00e9n\u00e9ficier d&rsquo;une pr\u00e9sence remarquable gr\u00e2ce au stand All-in Plus Truss. Outre la collecte de prospects et l&rsquo;\u00e9tablissement de nouveaux contacts, vous souhaitez accueillir vos relations dans un cadre spacieux qui refl\u00e8te votre identit\u00e9 visuelle.<\/p>\n<p>*mobilier non compris*<\/p>\n\t\t\t\t\t\t\t\t<\/div>\n\t\t\t\t<\/div>\n\t\t\t\t<div class=\"elementor-element elementor-element-4438915 elementor-align-center elementor-widget elementor-widget-button\" data-id=\"4438915\" data-element_type=\"widget\" data-widget_type=\"button.default\">\n\t\t\t\t<div class=\"elementor-widget-container\">\n\t\t\t\t\t\t\t\t\t<div class=\"elementor-button-wrapper\">\n\t\t\t\t\t<a class=\"elementor-button elementor-button-link elementor-size-sm\" href=\"mailto:empack.ops@easyfairs.com\">\n\t\t\t\t\t\t<span class=\"elementor-button-content-wrapper\">\n\t\t\t\t\t\t\t\t\t<span class=\"elementor-button-text\">Plus d'info<\/span>\n\t\t\t\t\t<\/span>\n\t\t\t\t\t<\/a>\n\t\t\t\t<\/div>\n\t\t\t\t\t\t\t\t<\/div>\n\t\t\t\t<\/div>\n\t\t\t\t\t<\/div>\n\t\t\t\t<\/div>\n\t\t<div class=\"elementor-element elementor-element-093efaf e-flex e-con-boxed e-con e-child\" data-id=\"093efaf\" data-element_type=\"container\" data-settings=\"{&quot;background_background&quot;:&quot;classic&quot;}\">\n\t\t\t\t\t<div class=\"e-con-inner\">\n\t\t\t\t<div class=\"elementor-element elementor-element-fc4883f elementor-widget elementor-widget-heading\" data-id=\"fc4883f\" data-element_type=\"widget\" data-widget_type=\"heading.default\">\n\t\t\t\t<div class=\"elementor-widget-container\">\n\t\t\t\t\t<h2 class=\"elementor-heading-title elementor-size-default\">All-in Plus Matrix<\/h2>\t\t\t\t<\/div>\n\t\t\t\t<\/div>\n\t\t\t\t<div class=\"elementor-element elementor-element-6c41058 elementor-widget elementor-widget-image\" data-id=\"6c41058\" data-element_type=\"widget\" data-widget_type=\"image.default\">\n\t\t\t\t<div class=\"elementor-widget-container\">\n\t\t\t\t\t\t\t\t\t\t\t\t\t\t\t<img decoding=\"async\" width=\"768\" height=\"513\" src=\"https:\/\/easyfairsassets.com\/sites\/351\/2026\/01\/All-in-Plus-Matrix-768x513.jpg\" class=\"attachment-medium_large size-medium_large wp-image-57130\" alt=\"\" srcset=\"https:\/\/easyfairsassets.com\/sites\/351\/2026\/01\/All-in-Plus-Matrix-768x513.jpg 768w, https:\/\/easyfairsassets.com\/sites\/351\/2026\/01\/All-in-Plus-Matrix-300x200.jpg 300w, https:\/\/easyfairsassets.com\/sites\/351\/2026\/01\/All-in-Plus-Matrix-1024x684.jpg 1024w, https:\/\/easyfairsassets.com\/sites\/351\/2026\/01\/All-in-Plus-Matrix-1536x1026.jpg 1536w, https:\/\/easyfairsassets.com\/sites\/351\/2026\/01\/All-in-Plus-Matrix-2048x1368.jpg 2048w\" sizes=\"(max-width: 768px) 100vw, 768px\" \/>\t\t\t\t\t\t\t\t\t\t\t\t\t\t\t<\/div>\n\t\t\t\t<\/div>\n\t\t\t\t<div class=\"elementor-element elementor-element-5f3adf5 elementor-widget elementor-widget-text-editor\" data-id=\"5f3adf5\" data-element_type=\"widget\" data-widget_type=\"text-editor.default\">\n\t\t\t\t<div class=\"elementor-widget-container\">\n\t\t\t\t\t\t\t\t\t<p>Vous souhaitez avoir une pr\u00e9sence importante gr\u00e2ce au stand All-in Plus Matrix. Outre la collecte de prospects et l&rsquo;\u00e9tablissement de nouveaux contacts, vous souhaitez recevoir vos relations de mani\u00e8re appropri\u00e9e dans un cadre plus spacieux qui refl\u00e8te l&rsquo;identit\u00e9 de votre entreprise.<\/p>\n<p>*mobilier non compris*<\/p>\n\t\t\t\t\t\t\t\t<\/div>\n\t\t\t\t<\/div>\n\t\t\t\t<div class=\"elementor-element elementor-element-642d7cd elementor-align-center elementor-widget elementor-widget-button\" data-id=\"642d7cd\" data-element_type=\"widget\" data-widget_type=\"button.default\">\n\t\t\t\t<div class=\"elementor-widget-container\">\n\t\t\t\t\t\t\t\t\t<div class=\"elementor-button-wrapper\">\n\t\t\t\t\t<a class=\"elementor-button elementor-button-link elementor-size-sm\" href=\"mailto:empack.ops@easyfairs.com\">\n\t\t\t\t\t\t<span class=\"elementor-button-content-wrapper\">\n\t\t\t\t\t\t\t\t\t<span class=\"elementor-button-text\">Plus d'info<\/span>\n\t\t\t\t\t<\/span>\n\t\t\t\t\t<\/a>\n\t\t\t\t<\/div>\n\t\t\t\t\t\t\t\t<\/div>\n\t\t\t\t<\/div>\n\t\t\t\t\t<\/div>\n\t\t\t\t<\/div>\n\t\t<div class=\"elementor-element elementor-element-9d9fe7b e-flex e-con-boxed e-con e-child\" data-id=\"9d9fe7b\" data-element_type=\"container\" data-settings=\"{&quot;background_background&quot;:&quot;classic&quot;}\">\n\t\t\t\t\t<div class=\"e-con-inner\">\n\t\t\t\t<div class=\"elementor-element elementor-element-57e0df1 elementor-widget elementor-widget-heading\" data-id=\"57e0df1\" data-element_type=\"widget\" data-widget_type=\"heading.default\">\n\t\t\t\t<div class=\"elementor-widget-container\">\n\t\t\t\t\t<h2 class=\"elementor-heading-title elementor-size-default\">Space Only<\/h2>\t\t\t\t<\/div>\n\t\t\t\t<\/div>\n\t\t\t\t<div class=\"elementor-element elementor-element-234b99b elementor-widget elementor-widget-image\" data-id=\"234b99b\" data-element_type=\"widget\" data-widget_type=\"image.default\">\n\t\t\t\t<div class=\"elementor-widget-container\">\n\t\t\t\t\t\t\t\t\t\t\t\t\t\t\t<img loading=\"lazy\" decoding=\"async\" width=\"300\" height=\"200\" src=\"https:\/\/easyfairsassets.com\/sites\/351\/2025\/04\/Space-Only-qgucr61iy169rxgmezki6ucqkk3qmtkwzpi35h8jps.png\" class=\"attachment-medium_large size-medium_large wp-image-1323\" alt=\"\" \/>\t\t\t\t\t\t\t\t\t\t\t\t\t\t\t<\/div>\n\t\t\t\t<\/div>\n\t\t\t\t<div class=\"elementor-element elementor-element-dbba779 elementor-widget elementor-widget-text-editor\" data-id=\"dbba779\" data-element_type=\"widget\" data-widget_type=\"text-editor.default\">\n\t\t\t\t<div class=\"elementor-widget-container\">\n\t\t\t\t\t\t\t\t\t<p>Surface au sol nue pour la construction de stands sur mesure ! <a href=\"https:\/\/www.flandersexpo.be\/we-build-your-booth\/\">Demandez plus d&rsquo;informations<\/a>.<\/p>\n\t\t\t\t\t\t\t\t<\/div>\n\t\t\t\t<\/div>\n\t\t\t\t<div class=\"elementor-element elementor-element-274d642 elementor-align-center elementor-widget elementor-widget-button\" data-id=\"274d642\" data-element_type=\"widget\" data-widget_type=\"button.default\">\n\t\t\t\t<div class=\"elementor-widget-container\">\n\t\t\t\t\t\t\t\t\t<div class=\"elementor-button-wrapper\">\n\t\t\t\t\t<a class=\"elementor-button elementor-button-link elementor-size-sm\" href=\"mailto:exhibitor@easyfairs.com\">\n\t\t\t\t\t\t<span class=\"elementor-button-content-wrapper\">\n\t\t\t\t\t\t\t\t\t<span class=\"elementor-button-text\">Plus d'info<\/span>\n\t\t\t\t\t<\/span>\n\t\t\t\t\t<\/a>\n\t\t\t\t<\/div>\n\t\t\t\t\t\t\t\t<\/div>\n\t\t\t\t<\/div>\n\t\t\t\t\t<\/div>\n\t\t\t\t<\/div>\n\t\t\t\t\t<\/div>\n\t\t\t\t<\/div>\n\t\t\t\t\t<\/div>\n\t\t\t\t<\/div>\n\t\t<div class=\"elementor-element elementor-element-032a9e3 e-flex e-con-boxed e-con e-parent\" data-id=\"032a9e3\" data-element_type=\"container\" data-settings=\"{&quot;background_background&quot;:&quot;classic&quot;}\">\n\t\t\t\t\t<div class=\"e-con-inner\">\n\t\t<div class=\"elementor-element elementor-element-430e119 e-con-full e-flex e-con e-child\" data-id=\"430e119\" data-element_type=\"container\" data-settings=\"{&quot;background_background&quot;:&quot;classic&quot;}\">\n\t\t\t\t<div class=\"elementor-element elementor-element-eac24d5 elementor-widget elementor-widget-heading\" data-id=\"eac24d5\" data-element_type=\"widget\" data-widget_type=\"heading.default\">\n\t\t\t\t<div class=\"elementor-widget-container\">\n\t\t\t\t\t<h2 class=\"elementor-heading-title elementor-size-default\">Des questions ? notre \u00e9quipe est \u00e0 votre service ! N'h\u00e9sitez pas \u00e0 nous contacter.<\/h2>\t\t\t\t<\/div>\n\t\t\t\t<\/div>\n\t\t\t\t<div class=\"elementor-element elementor-element-a2e78c9 elementor-widget elementor-widget-button\" data-id=\"a2e78c9\" data-element_type=\"widget\" data-widget_type=\"button.default\">\n\t\t\t\t<div class=\"elementor-widget-container\">\n\t\t\t\t\t\t\t\t\t<div class=\"elementor-button-wrapper\">\n\t\t\t\t\t<a class=\"elementor-button elementor-button-link elementor-size-sm\" href=\"https:\/\/www.empack.be\/fr\/contact\/\">\n\t\t\t\t\t\t<span class=\"elementor-button-content-wrapper\">\n\t\t\t\t\t\t\t\t\t<span class=\"elementor-button-text\">Contactez nous !<\/span>\n\t\t\t\t\t<\/span>\n\t\t\t\t\t<\/a>\n\t\t\t\t<\/div>\n\t\t\t\t\t\t\t\t<\/div>\n\t\t\t\t<\/div>\n\t\t\t\t<\/div>\n\t\t<div class=\"elementor-element elementor-element-270c665 e-con-full elementor-hidden-mobile e-flex e-con e-child\" data-id=\"270c665\" data-element_type=\"container\" data-settings=\"{&quot;background_background&quot;:&quot;classic&quot;}\">\n\t\t\t\t<\/div>\n\t\t\t\t\t<\/div>\n\t\t\t\t<\/div>\n\t\t\t\t<\/div>\n\t\t","protected":false},"excerpt":{"rendered":"<p>FORMULES DE STAND All-In Stand Le stand All-in est un stand fonctionnel qui vous permet de pr\u00e9senter votre mat\u00e9riel et de mener vos activit\u00e9s professionnelles. Votre objectif premier est d&rsquo;\u00e9tablir des contacts et de collecter des prospects. *mobilier non compris* Plus d&rsquo;info All-in Plus Truss Vous souhaitez b\u00e9n\u00e9ficier d&rsquo;une pr\u00e9sence remarquable gr\u00e2ce au stand All-in [&hellip;]<\/p>\n","protected":false},"author":933,"featured_media":0,"parent":0,"menu_order":2,"comment_status":"closed","ping_status":"closed","template":"","meta":{"_seopress_robots_primary_cat":"","_seopress_titles_title":"Formules de stand | Empack","_seopress_titles_desc":"Atteignez vos clients et prospects de l'industrie de l'emballage sans effort gr\u00e2ce aux formules de stand pratiques d'Empack.","_seopress_robots_index":"","footnotes":""},"class_list":["post-1332","page","type-page","status-publish","hentry"],"_links":{"self":[{"href":"https:\/\/www.empack.be\/fr\/wp-json\/wp\/v2\/pages\/1332","targetHints":{"allow":["GET"]}}],"collection":[{"href":"https:\/\/www.empack.be\/fr\/wp-json\/wp\/v2\/pages"}],"about":[{"href":"https:\/\/www.empack.be\/fr\/wp-json\/wp\/v2\/types\/page"}],"author":[{"embeddable":true,"href":"https:\/\/www.empack.be\/fr\/wp-json\/wp\/v2\/users\/933"}],"replies":[{"embeddable":true,"href":"https:\/\/www.empack.be\/fr\/wp-json\/wp\/v2\/comments?post=1332"}],"version-history":[{"count":4,"href":"https:\/\/www.empack.be\/fr\/wp-json\/wp\/v2\/pages\/1332\/revisions"}],"predecessor-version":[{"id":57722,"href":"https:\/\/www.empack.be\/fr\/wp-json\/wp\/v2\/pages\/1332\/revisions\/57722"}],"wp:attachment":[{"href":"https:\/\/www.empack.be\/fr\/wp-json\/wp\/v2\/media?parent=1332"}],"curies":[{"name":"wp","href":"https:\/\/api.w.org\/{rel}","templated":true}]}}