{"id":12639,"date":"2025-02-13T11:03:03","date_gmt":"2025-02-13T10:03:03","guid":{"rendered":"https:\/\/www.empack.be\/programme-3\/"},"modified":"2025-04-16T10:39:37","modified_gmt":"2025-04-16T09:39:37","slug":"programme-3","status":"publish","type":"page","link":"https:\/\/www.empack.be\/fr\/mechelen-2025\/programme-3\/","title":{"rendered":"Programme"},"content":{"rendered":"\t\t<div data-elementor-type=\"wp-page\" data-elementor-id=\"12639\" class=\"elementor elementor-12639\" data-elementor-post-type=\"page\">\n\t\t\t\t<div class=\"elementor-element elementor-element-23f8ca1 e-flex e-con-boxed e-con e-child\" data-id=\"23f8ca1\" data-element_type=\"container\" data-settings=\"{&quot;background_background&quot;:&quot;classic&quot;}\">\n\t\t\t\t\t<div class=\"e-con-inner\">\n\t\t\t\t<div class=\"elementor-element elementor-element-b693048 elementor-widget__width-initial elementor-widget elementor-widget-heading\" data-id=\"b693048\" data-element_type=\"widget\" data-widget_type=\"heading.default\">\n\t\t\t\t<div class=\"elementor-widget-container\">\n\t\t\t\t\t<h1 class=\"elementor-heading-title elementor-size-default\">Boostez vos connaissances et votre croissance avec Empack <\/h1>\t\t\t\t<\/div>\n\t\t\t\t<\/div>\n\t\t\t\t\t<\/div>\n\t\t\t\t<\/div>\n\t\t<div class=\"elementor-element elementor-element-0d79b7f e-flex e-con-boxed e-con e-parent\" data-id=\"0d79b7f\" data-element_type=\"container\" data-settings=\"{&quot;background_background&quot;:&quot;classic&quot;}\">\n\t\t\t\t\t<div class=\"e-con-inner\">\n\t\t\t\t<div class=\"elementor-element elementor-element-1598575 elementor-widget elementor-widget-text-editor\" data-id=\"1598575\" data-element_type=\"widget\" data-widget_type=\"text-editor.default\">\n\t\t\t\t<div class=\"elementor-widget-container\">\n\t\t\t\t\t\t\t\t\t<p class=\"\" data-end=\"603\" data-start=\"278\"><strong>Empack Mechelen 2025<\/strong> est l&rsquo;endroit o\u00f9 vous pourrez approfondir vos connaissances dans le domaine de l&rsquo;industrie de l&#8217;emballage \u00e0 l&rsquo;adresse suivante :<strong data-end=\"302\" data-start=\"278\">. <\/strong>Il propose un <strong data-end=\"346\" data-start=\"313\">programme de s\u00e9minaires vari\u00e9<\/strong> qui offre de nombreuses possibilit\u00e9s d&rsquo;<strong data-end=\"402\" data-start=\"372\">am\u00e9liorer vos comp\u00e9tences<\/strong> et d&rsquo;amener votre entreprise vers de <strong data-end=\"440\" data-start=\"422\">nouveaux sommets<\/strong>. Laissez-vous <strong data-end=\"475\" data-start=\"461\">inspirer<\/strong> par des orateurs de premier plan et des <strong data-end=\"522\" data-start=\"508\">experts de premier plan<\/strong> qui vous fourniront des <strong data-end=\"561\" data-start=\"530\">informations directement applicables<\/strong> et des <strong data-end=\"590\" data-start=\"565\">strat\u00e9gies puissantes<\/strong>.<\/p>\n<p class=\"\" data-end=\"876\" data-start=\"605\">Que vous soyez <strong data-end=\"629\" data-start=\"618\">d\u00e9butant<\/strong> ou que vous soyez pr\u00e9sent depuis des ann\u00e9es, les <strong data-end=\"683\" data-start=\"661\">sessions d&rsquo;Empack<\/strong> correspondent parfaitement aux derni\u00e8res tendances et aux derniers d\u00e9fis de l&rsquo;industrie de l&#8217;emballage. Saisissez cette occasion d&rsquo;acqu\u00e9rir de <strong data-end=\"805\" data-start=\"788\">nouvelles connaissances<\/strong>, d&rsquo;\u00e9largir votre r\u00e9seau et d&rsquo;<strong data-end=\"875\" data-start=\"861\">acc\u00e9l\u00e9rer votre<\/strong> activit\u00e9.<\/p>\n\t\t\t\t\t\t\t\t<\/div>\n\t\t\t\t<\/div>\n\t\t<div class=\"elementor-element elementor-element-59f1ccd e-flex e-con-boxed e-con e-child\" data-id=\"59f1ccd\" data-element_type=\"container\" data-settings=\"{&quot;background_background&quot;:&quot;classic&quot;}\">\n\t\t\t\t\t<div class=\"e-con-inner\">\n\t\t<div class=\"elementor-element elementor-element-b8dd11b e-flex e-con-boxed e-con e-child\" data-id=\"b8dd11b\" data-element_type=\"container\">\n\t\t\t\t\t<div class=\"e-con-inner\">\n\t\t\t\t<div class=\"elementor-element elementor-element-d8cb7c7 elementor-widget elementor-widget-heading\" data-id=\"d8cb7c7\" data-element_type=\"widget\" data-widget_type=\"heading.default\">\n\t\t\t\t<div class=\"elementor-widget-container\">\n\t\t\t\t\t<h2 class=\"elementor-heading-title elementor-size-default\">\ud83c\udfaf \u00c0 quoi pouvez-vous vous attendre ?<\/h2>\t\t\t\t<\/div>\n\t\t\t\t<\/div>\n\t\t\t\t<div class=\"elementor-element elementor-element-f81db73 elementor-widget elementor-widget-text-editor\" data-id=\"f81db73\" data-element_type=\"widget\" data-widget_type=\"text-editor.default\">\n\t\t\t\t<div class=\"elementor-widget-container\">\n\t\t\t\t\t\t\t\t\t<p class=\"\" data-start=\"219\" data-end=\"506\">&#8211; Les connaissances pratiques des meilleurs sp\u00e9cialistes<br data-end=\"779\" data-start=\"776\" \/>&#8211; Des solutions intelligentes \u00e0 vos d\u00e9fis quotidiens<br data-end=\"835\" data-start=\"832\" \/>&#8211; L&rsquo;inspiration qui vous poussera \u00e0 l&rsquo;action<br data-end=\"874\" data-start=\"871\" \/>&#8211; De nouvelles relations qui vous aideront \u00e0 aller de l&rsquo;avant<\/p>\n\t\t\t\t\t\t\t\t<\/div>\n\t\t\t\t<\/div>\n\t\t\t\t\t<\/div>\n\t\t\t\t<\/div>\n\t\t<div class=\"elementor-element elementor-element-8340198 e-flex e-con-boxed e-con e-child\" data-id=\"8340198\" data-element_type=\"container\" data-settings=\"{&quot;background_background&quot;:&quot;classic&quot;}\">\n\t\t\t\t\t<div class=\"e-con-inner\">\n\t\t\t\t\t<\/div>\n\t\t\t\t<\/div>\n\t\t\t\t\t<\/div>\n\t\t\t\t<\/div>\n\t\t\t\t<div class=\"elementor-element elementor-element-a00e286 elementor-widget elementor-widget-heading\" data-id=\"a00e286\" data-element_type=\"widget\" data-widget_type=\"heading.default\">\n\t\t\t\t<div class=\"elementor-widget-container\">\n\t\t\t\t\t<h2 class=\"elementor-heading-title elementor-size-default\">Empack, c'est votre chance d'avancer !<\/h2>\t\t\t\t<\/div>\n\t\t\t\t<\/div>\n\t\t\t\t<div class=\"elementor-element elementor-element-ce27a9c elementor-widget elementor-widget-text-editor\" data-id=\"ce27a9c\" data-element_type=\"widget\" data-widget_type=\"text-editor.default\">\n\t\t\t\t<div class=\"elementor-widget-container\">\n\t\t\t\t\t\t\t\t\t<p class=\"\" data-end=\"2688\" data-start=\"2343\">Ne manquez pas cette occasion unique ! <strong data-end=\"2385\" data-start=\"2370\">Empack 2025<\/strong> est l&rsquo;endroit o\u00f9 vous pourrez <strong data-end=\"2429\" data-start=\"2405\">acqu\u00e9rir de nouvelles connaissances<\/strong>, acc\u00e9l\u00e9rer vos activit\u00e9s et <strong data-end=\"2478\" data-start=\"2456\">d\u00e9couvrir des innovations<\/strong> qui peuvent faire la diff\u00e9rence. Que vous soyez \u00e0 la recherche des derni\u00e8res <strong data-end=\"2570\" data-start=\"2542\">solutions en mati\u00e8re de d\u00e9veloppement durable<\/strong> ou que vous souhaitiez vous tenir au courant des <strong data-end=\"2631\" data-start=\"2604\">d\u00e9veloppements num\u00e9riques<\/strong>, Empack vous offre <strong data-end=\"2673\" data-start=\"2646\">tout ce dont vous avez besoin<\/strong> pour vous d\u00e9velopper.<\/p>\n<p class=\"\" data-end=\"2786\" data-start=\"2690\"><strong data-end=\"2714\" data-start=\"2690\">D\u00e9couvrez le programme<\/strong>!<\/p>\n\t\t\t\t\t\t\t\t<\/div>\n\t\t\t\t<\/div>\n\t\t\t\t\t<\/div>\n\t\t\t\t<\/div>\n\t\t<div class=\"elementor-element elementor-element-37101e5 e-flex e-con-boxed e-con e-parent\" data-id=\"37101e5\" data-element_type=\"container\" data-settings=\"{&quot;background_background&quot;:&quot;classic&quot;}\">\n\t\t\t\t\t<div class=\"e-con-inner\">\n\t\t<div class=\"elementor-element elementor-element-c601351 e-grid e-con-boxed e-con e-child\" data-id=\"c601351\" data-element_type=\"container\">\n\t\t\t\t\t<div class=\"e-con-inner\">\n\t\t<div class=\"elementor-element elementor-element-4c438d7 e-flex e-con-boxed e-con e-child\" data-id=\"4c438d7\" data-element_type=\"container\" data-settings=\"{&quot;background_background&quot;:&quot;classic&quot;}\">\n\t\t\t\t\t<div class=\"e-con-inner\">\n\t\t\t\t<div class=\"elementor-element elementor-element-fa9d7a6 elementor-widget__width-inherit elementor-widget elementor-widget-heading\" data-id=\"fa9d7a6\" data-element_type=\"widget\" data-widget_type=\"heading.default\">\n\t\t\t\t<div class=\"elementor-widget-container\">\n\t\t\t\t\t<h2 class=\"elementor-heading-title elementor-size-default\">Rencontrez 160 professionnels de l'emballage<\/h2>\t\t\t\t<\/div>\n\t\t\t\t<\/div>\n\t\t\t\t<div class=\"elementor-element elementor-element-796dde9 elementor-view-default elementor-widget elementor-widget-icon\" data-id=\"796dde9\" data-element_type=\"widget\" data-widget_type=\"icon.default\">\n\t\t\t\t<div class=\"elementor-widget-container\">\n\t\t\t\t\t\t\t<div class=\"elementor-icon-wrapper\">\n\t\t\t<div class=\"elementor-icon\">\n\t\t\t<svg aria-hidden=\"true\" class=\"e-font-icon-svg e-fas-users\" viewBox=\"0 0 640 512\" xmlns=\"http:\/\/www.w3.org\/2000\/svg\"><path d=\"M96 224c35.3 0 64-28.7 64-64s-28.7-64-64-64-64 28.7-64 64 28.7 64 64 64zm448 0c35.3 0 64-28.7 64-64s-28.7-64-64-64-64 28.7-64 64 28.7 64 64 64zm32 32h-64c-17.6 0-33.5 7.1-45.1 18.6 40.3 22.1 68.9 62 75.1 109.4h66c17.7 0 32-14.3 32-32v-32c0-35.3-28.7-64-64-64zm-256 0c61.9 0 112-50.1 112-112S381.9 32 320 32 208 82.1 208 144s50.1 112 112 112zm76.8 32h-8.3c-20.8 10-43.9 16-68.5 16s-47.6-6-68.5-16h-8.3C179.6 288 128 339.6 128 403.2V432c0 26.5 21.5 48 48 48h288c26.5 0 48-21.5 48-48v-28.8c0-63.6-51.6-115.2-115.2-115.2zm-223.7-13.4C161.5 263.1 145.6 256 128 256H64c-35.3 0-64 28.7-64 64v32c0 17.7 14.3 32 32 32h65.9c6.3-47.4 34.9-87.3 75.2-109.4z\"><\/path><\/svg>\t\t\t<\/div>\n\t\t<\/div>\n\t\t\t\t\t\t<\/div>\n\t\t\t\t<\/div>\n\t\t\t\t<div class=\"elementor-element elementor-element-b2c0446 elementor-widget elementor-widget-text-editor\" data-id=\"b2c0446\" data-element_type=\"widget\" data-widget_type=\"text-editor.default\">\n\t\t\t\t<div class=\"elementor-widget-container\">\n\t\t\t\t\t\t\t\t\t<p>D\u00e9couvrez plus de 160 exposants qui fa\u00e7onnent l&rsquo;avenir de l&#8217;emballage. Rencontrez les entreprises qui proposent les derni\u00e8res innovations et technologies, et nouez instantan\u00e9ment des relations d&rsquo;affaires pr\u00e9cieuses.<\/p>\n\t\t\t\t\t\t\t\t<\/div>\n\t\t\t\t<\/div>\n\t\t\t\t\t<\/div>\n\t\t\t\t<\/div>\n\t\t<div class=\"elementor-element elementor-element-944028d e-flex e-con-boxed e-con e-child\" data-id=\"944028d\" data-element_type=\"container\" data-settings=\"{&quot;background_background&quot;:&quot;classic&quot;}\">\n\t\t\t\t\t<div class=\"e-con-inner\">\n\t\t\t\t<div class=\"elementor-element elementor-element-ac0d7b1 elementor-widget__width-inherit elementor-widget elementor-widget-heading\" data-id=\"ac0d7b1\" data-element_type=\"widget\" data-widget_type=\"heading.default\">\n\t\t\t\t<div class=\"elementor-widget-container\">\n\t\t\t\t\t<h2 class=\"elementor-heading-title elementor-size-default\">Faites passer vos connaissances au niveau sup\u00e9rieur<\/h2>\t\t\t\t<\/div>\n\t\t\t\t<\/div>\n\t\t\t\t<div class=\"elementor-element elementor-element-b5404fd elementor-view-default elementor-widget elementor-widget-icon\" data-id=\"b5404fd\" data-element_type=\"widget\" data-widget_type=\"icon.default\">\n\t\t\t\t<div class=\"elementor-widget-container\">\n\t\t\t\t\t\t\t<div class=\"elementor-icon-wrapper\">\n\t\t\t<div class=\"elementor-icon\">\n\t\t\t<svg aria-hidden=\"true\" class=\"e-font-icon-svg e-fas-microphone-alt\" viewBox=\"0 0 352 512\" xmlns=\"http:\/\/www.w3.org\/2000\/svg\"><path d=\"M336 192h-16c-8.84 0-16 7.16-16 16v48c0 74.8-64.49 134.82-140.79 127.38C96.71 376.89 48 317.11 48 250.3V208c0-8.84-7.16-16-16-16H16c-8.84 0-16 7.16-16 16v40.16c0 89.64 63.97 169.55 152 181.69V464H96c-8.84 0-16 7.16-16 16v16c0 8.84 7.16 16 16 16h160c8.84 0 16-7.16 16-16v-16c0-8.84-7.16-16-16-16h-56v-33.77C285.71 418.47 352 344.9 352 256v-48c0-8.84-7.16-16-16-16zM176 352c53.02 0 96-42.98 96-96h-85.33c-5.89 0-10.67-3.58-10.67-8v-16c0-4.42 4.78-8 10.67-8H272v-32h-85.33c-5.89 0-10.67-3.58-10.67-8v-16c0-4.42 4.78-8 10.67-8H272v-32h-85.33c-5.89 0-10.67-3.58-10.67-8v-16c0-4.42 4.78-8 10.67-8H272c0-53.02-42.98-96-96-96S80 42.98 80 96v160c0 53.02 42.98 96 96 96z\"><\/path><\/svg>\t\t\t<\/div>\n\t\t<\/div>\n\t\t\t\t\t\t<\/div>\n\t\t\t\t<\/div>\n\t\t\t\t<div class=\"elementor-element elementor-element-123d561 elementor-widget elementor-widget-text-editor\" data-id=\"123d561\" data-element_type=\"widget\" data-widget_type=\"text-editor.default\">\n\t\t\t\t<div class=\"elementor-widget-container\">\n\t\t\t\t\t\t\t\t\t<p>Participez \u00e0 notre programme de conf\u00e9rences, o\u00f9 des experts vous fournissent des informations et des outils pratiques pour acc\u00e9l\u00e9rer votre activit\u00e9. Restez \u00e0 l&rsquo;aff\u00fbt des derni\u00e8res tendances et d\u00e9couvrez des strat\u00e9gies imm\u00e9diatement applicables.<\/p>\n\t\t\t\t\t\t\t\t<\/div>\n\t\t\t\t<\/div>\n\t\t\t\t\t<\/div>\n\t\t\t\t<\/div>\n\t\t<div class=\"elementor-element elementor-element-f2dcb55 e-flex e-con-boxed e-con e-child\" data-id=\"f2dcb55\" data-element_type=\"container\" data-settings=\"{&quot;background_background&quot;:&quot;classic&quot;}\">\n\t\t\t\t\t<div class=\"e-con-inner\">\n\t\t\t\t<div class=\"elementor-element elementor-element-831b5b7 elementor-widget__width-inherit elementor-widget elementor-widget-heading\" data-id=\"831b5b7\" data-element_type=\"widget\" data-widget_type=\"heading.default\">\n\t\t\t\t<div class=\"elementor-widget-container\">\n\t\t\t\t\t<h2 class=\"elementor-heading-title elementor-size-default\">Des innovations en mati\u00e8re d'emballage tourn\u00e9es vers l'avenir<\/h2>\t\t\t\t<\/div>\n\t\t\t\t<\/div>\n\t\t\t\t<div class=\"elementor-element elementor-element-c384f2b elementor-widget elementor-widget-image\" data-id=\"c384f2b\" data-element_type=\"widget\" data-widget_type=\"image.default\">\n\t\t\t\t<div class=\"elementor-widget-container\">\n\t\t\t\t\t\t\t\t\t\t\t\t\t\t\t<img decoding=\"async\" width=\"81\" height=\"80\" src=\"https:\/\/easyfairsassets.com\/sites\/351\/2025\/02\/calendar-check.svg\" class=\"attachment-large size-large wp-image-692\" alt=\"\" \/>\t\t\t\t\t\t\t\t\t\t\t\t\t\t\t<\/div>\n\t\t\t\t<\/div>\n\t\t\t\t<div class=\"elementor-element elementor-element-8240178 elementor-widget elementor-widget-text-editor\" data-id=\"8240178\" data-element_type=\"widget\" data-widget_type=\"text-editor.default\">\n\t\t\t\t<div class=\"elementor-widget-container\">\n\t\t\t\t\t\t\t\t\t<p>Rencontrez les innovations r\u00e9volutionnaires qui changent le monde de l&#8217;emballage. Des technologies intelligentes aux solutions durables, d\u00e9couvrez ce qui est possible et comment vous pouvez b\u00e9n\u00e9ficier des derniers d\u00e9veloppements.<\/p>\n\t\t\t\t\t\t\t\t<\/div>\n\t\t\t\t<\/div>\n\t\t\t\t\t<\/div>\n\t\t\t\t<\/div>\n\t\t\t\t\t<\/div>\n\t\t\t\t<\/div>\n\t\t\t\t\t<\/div>\n\t\t\t\t<\/div>\n\t\t\t\t<\/div>\n\t\t","protected":false},"excerpt":{"rendered":"<p>Boostez vos connaissances et votre croissance avec Empack Empack Mechelen 2025 est l&rsquo;endroit o\u00f9 vous pourrez approfondir vos connaissances dans le domaine de l&rsquo;industrie de l&#8217;emballage \u00e0 l&rsquo;adresse suivante :. Il propose un programme de s\u00e9minaires vari\u00e9 qui offre de nombreuses possibilit\u00e9s d&rsquo;am\u00e9liorer vos comp\u00e9tences et d&rsquo;amener votre entreprise vers de nouveaux sommets. Laissez-vous inspirer [&hellip;]<\/p>\n","protected":false},"author":933,"featured_media":0,"parent":13893,"menu_order":3,"comment_status":"closed","ping_status":"closed","template":"","meta":{"_seopress_robots_primary_cat":"","_seopress_titles_title":"","_seopress_titles_desc":"","_seopress_robots_index":"","footnotes":""},"class_list":["post-12639","page","type-page","status-publish","hentry"],"_links":{"self":[{"href":"https:\/\/www.empack.be\/fr\/wp-json\/wp\/v2\/pages\/12639","targetHints":{"allow":["GET"]}}],"collection":[{"href":"https:\/\/www.empack.be\/fr\/wp-json\/wp\/v2\/pages"}],"about":[{"href":"https:\/\/www.empack.be\/fr\/wp-json\/wp\/v2\/types\/page"}],"author":[{"embeddable":true,"href":"https:\/\/www.empack.be\/fr\/wp-json\/wp\/v2\/users\/933"}],"replies":[{"embeddable":true,"href":"https:\/\/www.empack.be\/fr\/wp-json\/wp\/v2\/comments?post=12639"}],"version-history":[{"count":3,"href":"https:\/\/www.empack.be\/fr\/wp-json\/wp\/v2\/pages\/12639\/revisions"}],"predecessor-version":[{"id":12654,"href":"https:\/\/www.empack.be\/fr\/wp-json\/wp\/v2\/pages\/12639\/revisions\/12654"}],"up":[{"embeddable":true,"href":"https:\/\/www.empack.be\/fr\/wp-json\/wp\/v2\/pages\/13893"}],"wp:attachment":[{"href":"https:\/\/www.empack.be\/fr\/wp-json\/wp\/v2\/media?parent=12639"}],"curies":[{"name":"wp","href":"https:\/\/api.w.org\/{rel}","templated":true}]}}