{"id":11268,"date":"2025-02-13T11:07:00","date_gmt":"2025-02-13T10:07:00","guid":{"rendered":"https:\/\/www.empack.be\/programme-2\/"},"modified":"2026-03-02T14:01:24","modified_gmt":"2026-03-02T13:01:24","slug":"programme-2","status":"publish","type":"page","link":"https:\/\/www.empack.be\/fr\/gent-2026\/programme-2\/","title":{"rendered":"S\u00e9minaires et r\u00e9seautage"},"content":{"rendered":"\t\t<div data-elementor-type=\"wp-page\" data-elementor-id=\"11268\" class=\"elementor elementor-11268 elementor-186\" data-elementor-post-type=\"page\">\n\t\t\t\t<div class=\"elementor-element elementor-element-b16cade e-flex e-con-boxed e-con e-child\" data-id=\"b16cade\" data-element_type=\"container\" data-settings=\"{&quot;background_background&quot;:&quot;classic&quot;}\">\n\t\t\t\t\t<div class=\"e-con-inner\">\n\t\t\t\t<div class=\"elementor-element elementor-element-c373649 elementor-widget__width-initial elementor-widget elementor-widget-heading\" data-id=\"c373649\" data-element_type=\"widget\" data-widget_type=\"heading.default\">\n\t\t\t\t<div class=\"elementor-widget-container\">\n\t\t\t\t\t<h1 class=\"elementor-heading-title elementor-size-default\">S\u00e9minaires et r\u00e9seautage<\/h1>\t\t\t\t<\/div>\n\t\t\t\t<\/div>\n\t\t\t\t\t<\/div>\n\t\t\t\t<\/div>\n\t\t<div class=\"elementor-element elementor-element-58d62d4 e-flex e-con-boxed e-con e-parent\" data-id=\"58d62d4\" data-element_type=\"container\" data-settings=\"{&quot;background_background&quot;:&quot;classic&quot;}\">\n\t\t\t\t\t<div class=\"e-con-inner\">\n\t\t\t\t<div class=\"elementor-element elementor-element-0d70b63 elementor-hidden-desktop elementor-hidden-tablet elementor-hidden-mobile elementor-widget elementor-widget-text-editor\" data-id=\"0d70b63\" data-element_type=\"widget\" data-widget_type=\"text-editor.default\">\n\t\t\t\t<div class=\"elementor-widget-container\">\n\t\t\t\t\t\t\t\t\t<p class=\"\" data-end=\"455\" data-start=\"183\">Les <strong>22 et 23 septembre<\/strong>, <strong>Flanders Expo<\/strong> deviendra le c\u0153ur battant de l&rsquo;industrie de l&#8217;emballage. Que vous soyez \u00e0 la recherche de <strong>nouvelles id\u00e9es, de solutions pratiques ou de connexions pr\u00e9cieuses<\/strong>, c&rsquo;est l&rsquo;endroit o\u00f9 tout est r\u00e9uni.<\/p>\n<p><\/p>\n<p class=\"\" data-end=\"721\" data-start=\"457\">Le programme est rempli de <strong>conf\u00e9rences inspirantes, de sessions pratiques et de d\u00e9monstrations interactives<\/strong> qui vous pr\u00e9pareront \u00e0 l&rsquo;avenir de l&#8217;emballage. Que vous travailliez dans le secteur de l&rsquo;alimentation, des boissons, de la pharmacie ou de la logistique, vous trouverez ici des id\u00e9es concr\u00e8tes que vous pourrez appliquer imm\u00e9diatement.<\/p>\n<p><\/p>\n<p class=\"\" data-end=\"859\" data-start=\"723\">Saisissez votre chance de montrer la voie. Empack Gand 2026 est fait pour ceux qui veulent aller de l&rsquo;avant<strong data-end=\"814\" data-start=\"757\">.<\/strong><\/p>\n\t\t\t\t\t\t\t\t<\/div>\n\t\t\t\t<\/div>\n\t\t<div class=\"elementor-element elementor-element-3f40c1f e-flex e-con-boxed e-con e-child\" data-id=\"3f40c1f\" data-element_type=\"container\" data-settings=\"{&quot;background_background&quot;:&quot;classic&quot;}\">\n\t\t\t\t\t<div class=\"e-con-inner\">\n\t\t<div class=\"elementor-element elementor-element-3db626a e-flex e-con-boxed e-con e-child\" data-id=\"3db626a\" data-element_type=\"container\">\n\t\t\t\t\t<div class=\"e-con-inner\">\n\t\t\t\t<div class=\"elementor-element elementor-element-7bac80f elementor-widget elementor-widget-heading\" data-id=\"7bac80f\" data-element_type=\"widget\" data-widget_type=\"heading.default\">\n\t\t\t\t<div class=\"elementor-widget-container\">\n\t\t\t\t\t<h2 class=\"elementor-heading-title elementor-size-default\">Le savoir, c'est le pouvoir<\/h2>\t\t\t\t<\/div>\n\t\t\t\t<\/div>\n\t\t\t\t<div class=\"elementor-element elementor-element-04f7c48 elementor-widget elementor-widget-text-editor\" data-id=\"04f7c48\" data-element_type=\"widget\" data-widget_type=\"text-editor.default\">\n\t\t\t\t<div class=\"elementor-widget-container\">\n\t\t\t\t\t\t\t\t\t<p data-start=\"0\" data-end=\"65\">\u2026 et \u00e0 <strong>Empack Gand 2026<\/strong>, ces connaissances sont \u00e0 port\u00e9e de main.<\/p>\n<p><\/p>\n<p data-start=\"67\" data-end=\"316\">Des emballages durables \u00e0 l\u2019automatisation intelligente et aux solutions bas\u00e9es sur l\u2019IA : nos s\u00e9minaires offrent des <strong>informations<\/strong> concr\u00e8tes, des <strong>conseils<\/strong> pratiques et des <strong>id\u00e9es<\/strong> fra\u00eeches que vous pouvez appliquer imm\u00e9diatement dans votre entreprise.<\/p>\n<p><\/p>\n<p data-start=\"318\" data-end=\"669\">Nous travaillons actuellement sur le <strong>contenu<\/strong> du programme. Disposez-vous d\u2019une <strong>expertise<\/strong> pertinente, d\u2019une <strong>exp\u00e9rience<\/strong> pratique ou d\u2019une v<strong>ision innovante<\/strong> pouvant faire progresser le secteur de l\u2019emballage ? Nous recherchons sp\u00e9cifiquement des <strong data-start=\"562\" data-end=\"612\">contributions informatives et non commerciales<\/strong> qui apportent une r\u00e9elle valeur ajout\u00e9e \u00e0 nos visiteurs.<\/p>\n<p><\/p>\n<p data-start=\"671\" data-end=\"789\" data-is-last-node=\"\" data-is-only-node=\"\">N\u2019h\u00e9sitez pas \u00e0 nous contacter via les coordonn\u00e9es ci-dessous. Nous \u00e9tudierons volontiers les possibilit\u00e9s avec vous.<\/p>\n\t\t\t\t\t\t\t\t<\/div>\n\t\t\t\t<\/div>\n\t\t\t\t\t<\/div>\n\t\t\t\t<\/div>\n\t\t<div class=\"elementor-element elementor-element-c845b9c e-flex e-con-boxed e-con e-child\" data-id=\"c845b9c\" data-element_type=\"container\" data-settings=\"{&quot;background_background&quot;:&quot;classic&quot;}\">\n\t\t\t\t\t<div class=\"e-con-inner\">\n\t\t\t\t\t<\/div>\n\t\t\t\t<\/div>\n\t\t\t\t\t<\/div>\n\t\t\t\t<\/div>\n\t\t<div class=\"elementor-element elementor-element-d36e829 e-con-full e-flex e-con e-child\" data-id=\"d36e829\" data-element_type=\"container\" data-settings=\"{&quot;background_background&quot;:&quot;classic&quot;}\">\n\t\t<div class=\"elementor-element elementor-element-882274d e-con-full e-flex e-con e-child\" data-id=\"882274d\" data-element_type=\"container\">\n\t\t\t\t<div class=\"elementor-element elementor-element-3d261b9 elementor-widget elementor-widget-image\" data-id=\"3d261b9\" data-element_type=\"widget\" data-widget_type=\"image.default\">\n\t\t\t\t<div class=\"elementor-widget-container\">\n\t\t\t\t\t\t\t\t\t\t\t\t\t\t\t<img fetchpriority=\"high\" decoding=\"async\" width=\"800\" height=\"534\" src=\"https:\/\/easyfairsassets.com\/sites\/351\/2026\/02\/54885667058_c9c13fdc1f_c.jpg\" class=\"attachment-large size-large wp-image-57409\" alt=\"\" srcset=\"https:\/\/easyfairsassets.com\/sites\/351\/2026\/02\/54885667058_c9c13fdc1f_c.jpg 800w, https:\/\/easyfairsassets.com\/sites\/351\/2026\/02\/54885667058_c9c13fdc1f_c-300x200.jpg 300w, https:\/\/easyfairsassets.com\/sites\/351\/2026\/02\/54885667058_c9c13fdc1f_c-768x513.jpg 768w\" sizes=\"(max-width: 800px) 100vw, 800px\" \/>\t\t\t\t\t\t\t\t\t\t\t\t\t\t\t<\/div>\n\t\t\t\t<\/div>\n\t\t\t\t<\/div>\n\t\t<div class=\"elementor-element elementor-element-913dbb7 e-flex e-con-boxed e-con e-child\" data-id=\"913dbb7\" data-element_type=\"container\">\n\t\t\t\t\t<div class=\"e-con-inner\">\n\t\t\t\t<div class=\"elementor-element elementor-element-ae4a325 elementor-widget elementor-widget-heading\" data-id=\"ae4a325\" data-element_type=\"widget\" data-widget_type=\"heading.default\">\n\t\t\t\t<div class=\"elementor-widget-container\">\n\t\t\t\t\t<h2 class=\"elementor-heading-title elementor-size-default\">Th\u00e8mes cl\u00e9s<\/h2>\t\t\t\t<\/div>\n\t\t\t\t<\/div>\n\t\t\t\t<div class=\"elementor-element elementor-element-5469529 elementor-widget elementor-widget-text-editor\" data-id=\"5469529\" data-element_type=\"widget\" data-widget_type=\"text-editor.default\">\n\t\t\t\t<div class=\"elementor-widget-container\">\n\t\t\t\t\t\t\t\t\t<p>Ces th\u00e8mes constituent une premi\u00e8re s\u00e9lection de domaines prioritaires dans le domaine de l&#8217;emballage et ne sont pas exhaustifs :<\/p>\n<ul>\n<li>Durabilit\u00e9 et emballages circulaires<\/li>\n<li>Mises \u00e0 jour de la l\u00e9gislation europ\u00e9enne sur les emballages<\/li>\n<li>Num\u00e9risation et IA dans les emballages<\/li>\n<li>&#8230;.<\/li>\n<\/ul>\n\t\t\t\t\t\t\t\t<\/div>\n\t\t\t\t<\/div>\n\t\t\t\t\t<\/div>\n\t\t\t\t<\/div>\n\t\t\t\t<\/div>\n\t\t<div class=\"elementor-element elementor-element-b57e19d elementor-hidden-desktop elementor-hidden-tablet elementor-hidden-mobile e-flex e-con-boxed e-con e-child\" data-id=\"b57e19d\" data-element_type=\"container\" data-settings=\"{&quot;background_background&quot;:&quot;classic&quot;}\">\n\t\t\t\t\t<div class=\"e-con-inner\">\n\t\t<div class=\"elementor-element elementor-element-15f0b0d e-flex e-con-boxed e-con e-child\" data-id=\"15f0b0d\" data-element_type=\"container\">\n\t\t\t\t\t<div class=\"e-con-inner\">\n\t\t\t\t<div class=\"elementor-element elementor-element-a88c751 elementor-widget elementor-widget-heading\" data-id=\"a88c751\" data-element_type=\"widget\" data-widget_type=\"heading.default\">\n\t\t\t\t<div class=\"elementor-widget-container\">\n\t\t\t\t\t<h2 class=\"elementor-heading-title elementor-size-default\">Empack Gand 2026 n'offre pas seulement deux jours pleins de sessions, mais aussi une exp\u00e9rience totale !<\/h2>\t\t\t\t<\/div>\n\t\t\t\t<\/div>\n\t\t\t\t<div class=\"elementor-element elementor-element-e13aa37 elementor-widget elementor-widget-text-editor\" data-id=\"e13aa37\" data-element_type=\"widget\" data-widget_type=\"text-editor.default\">\n\t\t\t\t<div class=\"elementor-widget-container\">\n\t\t\t\t\t\t\t\t\t<p class=\"\" data-start=\"294\" data-end=\"586\">Outre un <strong data-end=\"331\" data-start=\"304\">programme de s\u00e9minaires riche<\/strong> en id\u00e9es et en connaissances, <strong data-end=\"389\" data-start=\"369\">Empack Gent 2026<\/strong> offre \u00e9galement une occasion unique de d\u00e9couvrir l&rsquo;avenir de l&rsquo;industrie de l&#8217;emballage. Laissez-vous inspirer par les toutes derni\u00e8res <strong data-end=\"522\" data-start=\"508\">innovations<\/strong>, nouez de pr\u00e9cieux <strong data-end=\"555\" data-start=\"541\">contacts<\/strong> et donnez un coup de pouce \u00e0 votre carri\u00e8re !<\/p>\n\t\t\t\t\t\t\t\t<\/div>\n\t\t\t\t<\/div>\n\t\t\t\t<div class=\"elementor-element elementor-element-6e41bd2 elementor-widget elementor-widget-text-editor\" data-id=\"6e41bd2\" data-element_type=\"widget\" data-widget_type=\"text-editor.default\">\n\t\t\t\t<div class=\"elementor-widget-container\">\n\t\t\t\t\t\t\t\t\t<ul>\n<li class=\"\" data-end=\"240\" data-start=\"57\">\n<p class=\"\" data-end=\"240\" data-start=\"60\"><strong data-end=\"75\" data-start=\"60\">Pack Studio<\/strong>: D\u00e9couvrez des technologies r\u00e9volutionnaires et des solutions d&#8217;emballage durables. Assistez \u00e0 des d\u00e9monstrations en direct d&rsquo;innovations qui fa\u00e7onneront l&rsquo;industrie de l&#8217;emballage dans les ann\u00e9es \u00e0 venir.<\/p>\n<\/li>\n<li class=\"\" data-end=\"488\" data-start=\"245\">\n<p class=\"\" data-end=\"488\" data-start=\"248\"><strong data-end=\"259\" data-start=\"248\">Journ\u00e9e de l&#8217;emploi<\/strong>: entrez en contact direct avec les principaux employeurs du secteur de l&#8217;emballage. Que vous soyez \u00e0 la recherche d&rsquo;un nouveau d\u00e9fi ou que vous souhaitiez mettre en valeur vos talents, cette journ\u00e9e vous offre la possibilit\u00e9 de donner un coup de fouet \u00e0 votre carri\u00e8re.<\/p>\n<\/li>\n<li class=\"\" data-end=\"667\" data-start=\"490\">\n<p class=\"\" data-end=\"667\" data-start=\"493\"><strong data-end=\"513\" data-start=\"493\">Espace de co-working<\/strong>: L&rsquo;endroit id\u00e9al pour les professionnels qui souhaitent collaborer \u00e0 des solutions innovantes. \u00c9changez des id\u00e9es, collaborez et construisez le r\u00e9seau du futur.<\/p>\n<\/li>\n<\/ul>\n\t\t\t\t\t\t\t\t<\/div>\n\t\t\t\t<\/div>\n\t\t\t\t\t<\/div>\n\t\t\t\t<\/div>\n\t\t\t\t\t<\/div>\n\t\t\t\t<\/div>\n\t\t\t\t<div class=\"elementor-element elementor-element-7d7dd12 elementor-widget elementor-widget-heading\" data-id=\"7d7dd12\" data-element_type=\"widget\" data-widget_type=\"heading.default\">\n\t\t\t\t<div class=\"elementor-widget-container\">\n\t\t\t\t\t<h3 class=\"elementor-heading-title elementor-size-default\">Plus d'informations bient\u00f4t disponibles<\/h3>\t\t\t\t<\/div>\n\t\t\t\t<\/div>\n\t\t\t\t\t<\/div>\n\t\t\t\t<\/div>\n\t\t<div class=\"elementor-element elementor-element-324a5ed e-flex e-con-boxed e-con e-parent\" data-id=\"324a5ed\" data-element_type=\"container\">\n\t\t\t\t\t<div class=\"e-con-inner\">\n\t\t<div class=\"elementor-element elementor-element-5c015aa e-con-full e-flex e-con e-child\" data-id=\"5c015aa\" data-element_type=\"container\">\n\t\t\t\t<div class=\"elementor-element elementor-element-d832855 elementor-widget elementor-widget-image\" data-id=\"d832855\" data-element_type=\"widget\" data-widget_type=\"image.default\">\n\t\t\t\t<div class=\"elementor-widget-container\">\n\t\t\t\t\t\t\t\t\t\t\t\t\t\t\t<img decoding=\"async\" width=\"200\" height=\"300\" src=\"https:\/\/easyfairsassets.com\/sites\/351\/2025\/11\/IC9C1484-scaled-1-200x300.jpg\" class=\"attachment-medium size-medium wp-image-55943\" alt=\"\" srcset=\"https:\/\/easyfairsassets.com\/sites\/351\/2025\/11\/IC9C1484-scaled-1-200x300.jpg 200w, https:\/\/easyfairsassets.com\/sites\/351\/2025\/11\/IC9C1484-scaled-1-683x1024.jpg 683w, https:\/\/easyfairsassets.com\/sites\/351\/2025\/11\/IC9C1484-scaled-1-768x1152.jpg 768w, https:\/\/easyfairsassets.com\/sites\/351\/2025\/11\/IC9C1484-scaled-1-1024x1536.jpg 1024w, https:\/\/easyfairsassets.com\/sites\/351\/2025\/11\/IC9C1484-scaled-1-1366x2048.jpg 1366w, https:\/\/easyfairsassets.com\/sites\/351\/2025\/11\/IC9C1484-scaled-1.jpg 1707w\" sizes=\"(max-width: 200px) 100vw, 200px\" \/>\t\t\t\t\t\t\t\t\t\t\t\t\t\t\t<\/div>\n\t\t\t\t<\/div>\n\t\t\t\t<\/div>\n\t\t<div class=\"elementor-element elementor-element-27afee9 e-con-full e-flex e-con e-child\" data-id=\"27afee9\" data-element_type=\"container\">\n\t\t\t\t<div class=\"elementor-element elementor-element-0ec10d7 elementor-widget elementor-widget-text-editor\" data-id=\"0ec10d7\" data-element_type=\"widget\" data-widget_type=\"text-editor.default\">\n\t\t\t\t<div class=\"elementor-widget-container\">\n\t\t\t\t\t\t\t\t\t<h3>Questions sur le programme des s\u00e9minaires ?<\/h3>\n<p>Contactez-moi:<\/p>\n<p>KAREN RAMMELOO<br \/>karen.rammeloo@easyfairs.com<br \/>+32 (0)3 280 53 63<\/p>\n\t\t\t\t\t\t\t\t<\/div>\n\t\t\t\t<\/div>\n\t\t\t\t<\/div>\n\t\t\t\t\t<\/div>\n\t\t\t\t<\/div>\n\t\t<div class=\"elementor-element elementor-element-9b4d0e6 e-flex e-con-boxed e-con e-parent\" data-id=\"9b4d0e6\" data-element_type=\"container\" data-settings=\"{&quot;background_background&quot;:&quot;classic&quot;}\">\n\t\t\t\t\t<div class=\"e-con-inner\">\n\t\t<div class=\"elementor-element elementor-element-9e50d39 e-con-full e-flex e-con e-child\" data-id=\"9e50d39\" data-element_type=\"container\" data-settings=\"{&quot;background_background&quot;:&quot;classic&quot;}\">\n\t\t\t\t<div class=\"elementor-element elementor-element-95c8652 elementor-widget elementor-widget-heading\" data-id=\"95c8652\" data-element_type=\"widget\" data-widget_type=\"heading.default\">\n\t\t\t\t<div class=\"elementor-widget-container\">\n\t\t\t\t\t<h2 class=\"elementor-heading-title elementor-size-default\">'Empack est un salon tr\u00e8s int\u00e9ressant qui permet de d\u00e9couvrir de nouvelles innovations dans un secteur en constante \u00e9volution.'<\/h2>\t\t\t\t<\/div>\n\t\t\t\t<\/div>\n\t\t\t\t<div class=\"elementor-element elementor-element-4939868 elementor-widget elementor-widget-text-editor\" data-id=\"4939868\" data-element_type=\"widget\" data-widget_type=\"text-editor.default\">\n\t\t\t\t<div class=\"elementor-widget-container\">\n\t\t\t\t\t\t\t\t\t<p>\u2013 Thibault Volders, Visiteur<\/p>\n\t\t\t\t\t\t\t\t<\/div>\n\t\t\t\t<\/div>\n\t\t\t\t<\/div>\n\t\t<div class=\"elementor-element elementor-element-4ba3812 e-con-full elementor-hidden-mobile e-flex e-con e-child\" data-id=\"4ba3812\" data-element_type=\"container\" data-settings=\"{&quot;background_background&quot;:&quot;classic&quot;}\">\n\t\t\t\t<\/div>\n\t\t\t\t\t<\/div>\n\t\t\t\t<\/div>\n\t\t\t\t<\/div>\n\t\t","protected":false},"excerpt":{"rendered":"<p>S\u00e9minaires et r\u00e9seautage Les 22 et 23 septembre, Flanders Expo deviendra le c\u0153ur battant de l&rsquo;industrie de l&#8217;emballage. Que vous soyez \u00e0 la recherche de nouvelles id\u00e9es, de solutions pratiques ou de connexions pr\u00e9cieuses, c&rsquo;est l&rsquo;endroit o\u00f9 tout est r\u00e9uni. Le programme est rempli de conf\u00e9rences inspirantes, de sessions pratiques et de d\u00e9monstrations interactives qui [&hellip;]<\/p>\n","protected":false},"author":933,"featured_media":0,"parent":11446,"menu_order":2,"comment_status":"closed","ping_status":"closed","template":"","meta":{"_seopress_robots_primary_cat":"","_seopress_titles_title":"S\u00e9minaires et r\u00e9seautage | Empack 2026","_seopress_titles_desc":"Des discours, des sessions et des d\u00e9monstrations inspirants sur l'avenir de l'emballage. D\u00e9couvrez des id\u00e9es directement applicables et restez \u00e0 la pointe avec Empack Gand 2026.","_seopress_robots_index":"","footnotes":""},"class_list":["post-11268","page","type-page","status-publish","hentry"],"_links":{"self":[{"href":"https:\/\/www.empack.be\/fr\/wp-json\/wp\/v2\/pages\/11268","targetHints":{"allow":["GET"]}}],"collection":[{"href":"https:\/\/www.empack.be\/fr\/wp-json\/wp\/v2\/pages"}],"about":[{"href":"https:\/\/www.empack.be\/fr\/wp-json\/wp\/v2\/types\/page"}],"author":[{"embeddable":true,"href":"https:\/\/www.empack.be\/fr\/wp-json\/wp\/v2\/users\/933"}],"replies":[{"embeddable":true,"href":"https:\/\/www.empack.be\/fr\/wp-json\/wp\/v2\/comments?post=11268"}],"version-history":[{"count":5,"href":"https:\/\/www.empack.be\/fr\/wp-json\/wp\/v2\/pages\/11268\/revisions"}],"predecessor-version":[{"id":57807,"href":"https:\/\/www.empack.be\/fr\/wp-json\/wp\/v2\/pages\/11268\/revisions\/57807"}],"up":[{"embeddable":true,"href":"https:\/\/www.empack.be\/fr\/wp-json\/wp\/v2\/pages\/11446"}],"wp:attachment":[{"href":"https:\/\/www.empack.be\/fr\/wp-json\/wp\/v2\/media?parent=11268"}],"curies":[{"name":"wp","href":"https:\/\/api.w.org\/{rel}","templated":true}]}}